{"id":367,"date":"2023-05-16T16:07:31","date_gmt":"2023-05-16T16:07:31","guid":{"rendered":"https:\/\/hotelcannero.ms2.decms.eu\/?page_id=367"},"modified":"2023-05-22T13:52:23","modified_gmt":"2023-05-22T13:52:23","slug":"zimmer-und-suiten","status":"publish","type":"page","link":"https:\/\/www.hotelcannero.com\/de\/zimmer-und-suiten\/","title":{"rendered":"Zimmer und Suiten"},"content":{"rendered":"<p>Eine gro\u00dfe Auswahl an M\u00f6glichkeiten, Ihren Aufenthalt komfortabel und besonders zu gestalten. Unsere Zimmer und Suiten hei\u00dfen Sie bestens willkommen und der herrliche Panoramablick, den Sie genie\u00dfen k\u00f6nnen, wird Ihren Urlaub unvergesslich machen<\/p>\n","protected":false},"excerpt":{"rendered":"<p>Eine gro\u00dfe Auswahl an M\u00f6glichkeiten, Ihren Aufenthalt komfortabel und besonders zu gestalten. Unsere Zimmer und Suiten hei\u00dfen Sie bestens willkommen und der herrliche Panoramablick, den Sie genie\u00dfen k\u00f6nnen, wird Ihren Urlaub unvergesslich machen<\/p>\n","protected":false},"author":26,"featured_media":0,"parent":0,"menu_order":20,"comment_status":"closed","ping_status":"closed","template":"template-rooms.php","meta":{"footnotes":""},"class_list":["post-367","page","type-page","status-publish","hentry"],"yoast_head":"<!-- This site is optimized with the Yoast SEO plugin v27.3 - https:\/\/yoast.com\/product\/yoast-seo-wordpress\/ -->\n<title>Zimmer und Suiten &#183; Hotel Cannero &#183;<\/title>\n<meta name=\"description\" content=\"Eine gro\u00dfe Auswahl an M\u00f6glichkeiten, Ihren Aufenthalt komfortabel und besonders zu gestalten. Unsere Zimmer und Suiten hei\u00dfen Sie bestens willkommen und der herrliche Panoramablick, den Sie genie\u00dfen k\u00f6nnen, wird Ihren Urlaub unvergesslich machen\" \/>\n<meta name=\"robots\" content=\"index, follow, max-snippet:-1, max-image-preview:large, max-video-preview:-1\" \/>\n<link rel=\"canonical\" href=\"https:\/\/www.hotelcannero.com\/de\/zimmer-und-suiten\/\" \/>\n<meta property=\"og:locale\" content=\"de_DE\" \/>\n<meta property=\"og:type\" content=\"article\" \/>\n<meta property=\"og:title\" content=\"Zimmer und Suiten &#183; Hotel Cannero &#183;\" \/>\n<meta property=\"og:description\" content=\"Eine gro\u00dfe Auswahl an M\u00f6glichkeiten, Ihren Aufenthalt komfortabel und besonders zu gestalten. Unsere Zimmer und Suiten hei\u00dfen Sie bestens willkommen und der herrliche Panoramablick, den Sie genie\u00dfen k\u00f6nnen, wird Ihren Urlaub unvergesslich machen\" \/>\n<meta property=\"og:url\" content=\"https:\/\/www.hotelcannero.com\/de\/zimmer-und-suiten\/\" \/>\n<meta property=\"og:site_name\" content=\"Hotel Cannero\" \/>\n<meta property=\"article:modified_time\" content=\"2023-05-22T13:52:23+00:00\" \/>\n<meta name=\"twitter:card\" content=\"summary_large_image\" \/>\n<script type=\"application\/ld+json\" class=\"yoast-schema-graph\">{\"@context\":\"https:\\\/\\\/schema.org\",\"@graph\":[{\"@type\":\"WebPage\",\"@id\":\"https:\\\/\\\/www.hotelcannero.com\\\/de\\\/zimmer-und-suiten\\\/\",\"url\":\"https:\\\/\\\/www.hotelcannero.com\\\/de\\\/zimmer-und-suiten\\\/\",\"name\":\"Zimmer und Suiten &#183; Hotel Cannero &#183;\",\"isPartOf\":{\"@id\":\"https:\\\/\\\/www.hotelcannero.com\\\/de\\\/#website\"},\"datePublished\":\"2023-05-16T16:07:31+00:00\",\"dateModified\":\"2023-05-22T13:52:23+00:00\",\"description\":\"Eine gro\u00dfe Auswahl an M\u00f6glichkeiten, Ihren Aufenthalt komfortabel und besonders zu gestalten. Unsere Zimmer und Suiten hei\u00dfen Sie bestens willkommen und der herrliche Panoramablick, den Sie genie\u00dfen k\u00f6nnen, wird Ihren Urlaub unvergesslich machen\",\"breadcrumb\":{\"@id\":\"https:\\\/\\\/www.hotelcannero.com\\\/de\\\/zimmer-und-suiten\\\/#breadcrumb\"},\"inLanguage\":\"de-DE\",\"potentialAction\":[{\"@type\":\"ReadAction\",\"target\":[\"https:\\\/\\\/www.hotelcannero.com\\\/de\\\/zimmer-und-suiten\\\/\"]}]},{\"@type\":\"BreadcrumbList\",\"@id\":\"https:\\\/\\\/www.hotelcannero.com\\\/de\\\/zimmer-und-suiten\\\/#breadcrumb\",\"itemListElement\":[{\"@type\":\"ListItem\",\"position\":1,\"name\":\"Home\",\"item\":\"https:\\\/\\\/www.hotelcannero.com\\\/de\\\/\"},{\"@type\":\"ListItem\",\"position\":2,\"name\":\"Zimmer und Suiten\"}]},{\"@type\":\"WebSite\",\"@id\":\"https:\\\/\\\/www.hotelcannero.com\\\/de\\\/#website\",\"url\":\"https:\\\/\\\/www.hotelcannero.com\\\/de\\\/\",\"name\":\"Hotel Cannero\",\"description\":\"\",\"potentialAction\":[{\"@type\":\"SearchAction\",\"target\":{\"@type\":\"EntryPoint\",\"urlTemplate\":\"https:\\\/\\\/www.hotelcannero.com\\\/de\\\/?s={search_term_string}\"},\"query-input\":{\"@type\":\"PropertyValueSpecification\",\"valueRequired\":true,\"valueName\":\"search_term_string\"}}],\"inLanguage\":\"de-DE\"}]}<\/script>\n<!-- \/ Yoast SEO plugin. -->","yoast_head_json":{"title":"Zimmer und Suiten &#183; Hotel Cannero &#183;","description":"Eine gro\u00dfe Auswahl an M\u00f6glichkeiten, Ihren Aufenthalt komfortabel und besonders zu gestalten. Unsere Zimmer und Suiten hei\u00dfen Sie bestens willkommen und der herrliche Panoramablick, den Sie genie\u00dfen k\u00f6nnen, wird Ihren Urlaub unvergesslich machen","robots":{"index":"index","follow":"follow","max-snippet":"max-snippet:-1","max-image-preview":"max-image-preview:large","max-video-preview":"max-video-preview:-1"},"canonical":"https:\/\/www.hotelcannero.com\/de\/zimmer-und-suiten\/","og_locale":"de_DE","og_type":"article","og_title":"Zimmer und Suiten &#183; Hotel Cannero &#183;","og_description":"Eine gro\u00dfe Auswahl an M\u00f6glichkeiten, Ihren Aufenthalt komfortabel und besonders zu gestalten. Unsere Zimmer und Suiten hei\u00dfen Sie bestens willkommen und der herrliche Panoramablick, den Sie genie\u00dfen k\u00f6nnen, wird Ihren Urlaub unvergesslich machen","og_url":"https:\/\/www.hotelcannero.com\/de\/zimmer-und-suiten\/","og_site_name":"Hotel Cannero","article_modified_time":"2023-05-22T13:52:23+00:00","twitter_card":"summary_large_image","schema":{"@context":"https:\/\/schema.org","@graph":[{"@type":"WebPage","@id":"https:\/\/www.hotelcannero.com\/de\/zimmer-und-suiten\/","url":"https:\/\/www.hotelcannero.com\/de\/zimmer-und-suiten\/","name":"Zimmer und Suiten &#183; Hotel Cannero &#183;","isPartOf":{"@id":"https:\/\/www.hotelcannero.com\/de\/#website"},"datePublished":"2023-05-16T16:07:31+00:00","dateModified":"2023-05-22T13:52:23+00:00","description":"Eine gro\u00dfe Auswahl an M\u00f6glichkeiten, Ihren Aufenthalt komfortabel und besonders zu gestalten. Unsere Zimmer und Suiten hei\u00dfen Sie bestens willkommen und der herrliche Panoramablick, den Sie genie\u00dfen k\u00f6nnen, wird Ihren Urlaub unvergesslich machen","breadcrumb":{"@id":"https:\/\/www.hotelcannero.com\/de\/zimmer-und-suiten\/#breadcrumb"},"inLanguage":"de-DE","potentialAction":[{"@type":"ReadAction","target":["https:\/\/www.hotelcannero.com\/de\/zimmer-und-suiten\/"]}]},{"@type":"BreadcrumbList","@id":"https:\/\/www.hotelcannero.com\/de\/zimmer-und-suiten\/#breadcrumb","itemListElement":[{"@type":"ListItem","position":1,"name":"Home","item":"https:\/\/www.hotelcannero.com\/de\/"},{"@type":"ListItem","position":2,"name":"Zimmer und Suiten"}]},{"@type":"WebSite","@id":"https:\/\/www.hotelcannero.com\/de\/#website","url":"https:\/\/www.hotelcannero.com\/de\/","name":"Hotel Cannero","description":"","potentialAction":[{"@type":"SearchAction","target":{"@type":"EntryPoint","urlTemplate":"https:\/\/www.hotelcannero.com\/de\/?s={search_term_string}"},"query-input":{"@type":"PropertyValueSpecification","valueRequired":true,"valueName":"search_term_string"}}],"inLanguage":"de-DE"}]}},"acf":[],"_links":{"self":[{"href":"https:\/\/www.hotelcannero.com\/de\/wp-json\/wp\/v2\/pages\/367","targetHints":{"allow":["GET"]}}],"collection":[{"href":"https:\/\/www.hotelcannero.com\/de\/wp-json\/wp\/v2\/pages"}],"about":[{"href":"https:\/\/www.hotelcannero.com\/de\/wp-json\/wp\/v2\/types\/page"}],"author":[{"embeddable":true,"href":"https:\/\/www.hotelcannero.com\/de\/wp-json\/wp\/v2\/users\/26"}],"replies":[{"embeddable":true,"href":"https:\/\/www.hotelcannero.com\/de\/wp-json\/wp\/v2\/comments?post=367"}],"version-history":[{"count":0,"href":"https:\/\/www.hotelcannero.com\/de\/wp-json\/wp\/v2\/pages\/367\/revisions"}],"wp:attachment":[{"href":"https:\/\/www.hotelcannero.com\/de\/wp-json\/wp\/v2\/media?parent=367"}],"curies":[{"name":"wp","href":"https:\/\/api.w.org\/{rel}","templated":true}]}}