{"id":368,"date":"2023-05-17T08:20:32","date_gmt":"2023-05-17T08:20:32","guid":{"rendered":"https:\/\/hotelcannero.ms2.decms.eu\/?page_id=368"},"modified":"2023-05-22T13:50:33","modified_gmt":"2023-05-22T13:50:33","slug":"suite","status":"publish","type":"page","link":"https:\/\/www.hotelcannero.com\/de\/zimmer-und-suiten\/suite\/","title":{"rendered":"Suite"},"content":{"rendered":"<p>Die Suiten haben eine Gr\u00f6\u00dfe von ca. 35\/45 m2. und variieren vom klassischen bis zum modernen Stil, die den Gast in eine einzigartige Atmosph\u00e4re einh\u00fcllen.<\/p>\n<p>Der Traum eines jeden Gastes: Suite mit Balkon, ausgestattet mit Tisch und St\u00fchlen, Blick auf den herrlichen Lago Maggiore und gro\u00dfem Innenraum mit Sitzecke zum Ausruhen und Lesen, um den Aufenthalt des Gastes noch angenehmer zu gestalten.<\/p>\n<p>Das Innere der Suiten zeichnet sich durch die Helligkeit der vielen Fenster mit Blick auf den See und in einigen F\u00e4llen durch die f\u00fcr die italienische Tradition typischen individuellen Fresken aus.<\/p>\n<p>Gro\u00dfes Badezimmer mit Fenster, ausgestattet mit Carrara-Marmor, Badewanne, Dusche und allen notwendigen Annehmlichkeiten f\u00fcr einen angenehmen und erholsamen Aufenthalt.<\/p>\n","protected":false},"excerpt":{"rendered":"<p>Die Suiten haben eine Gr\u00f6\u00dfe von ca. 35\/45 m2. und variieren vom klassischen bis zum modernen Stil, die den Gast in eine einzigartige Atmosph\u00e4re einh\u00fcllen. Der Traum eines jeden Gastes: Suite mit Balkon, ausgestattet mit Tisch und St\u00fchlen, Blick auf den herrlichen Lago Maggiore und gro\u00dfem Innenraum mit Sitzecke zum Ausruhen und Lesen, um den [&hellip;]<\/p>\n","protected":false},"author":26,"featured_media":0,"parent":367,"menu_order":10,"comment_status":"closed","ping_status":"closed","template":"template-single-room.php","meta":{"footnotes":""},"class_list":["post-368","page","type-page","status-publish","hentry"],"yoast_head":"<!-- This site is optimized with the Yoast SEO plugin v27.3 - https:\/\/yoast.com\/product\/yoast-seo-wordpress\/ -->\n<title>Suite &#183; Hotel Cannero &#183;<\/title>\n<meta name=\"description\" content=\"Die Suiten haben eine Gr\u00f6\u00dfe von ca. 35\/45 m2\" \/>\n<meta name=\"robots\" content=\"index, follow, max-snippet:-1, max-image-preview:large, max-video-preview:-1\" \/>\n<link rel=\"canonical\" href=\"https:\/\/www.hotelcannero.com\/de\/zimmer-und-suiten\/suite\/\" \/>\n<meta property=\"og:locale\" content=\"de_DE\" \/>\n<meta property=\"og:type\" content=\"article\" \/>\n<meta property=\"og:title\" content=\"Suite &#183; Hotel Cannero &#183;\" \/>\n<meta property=\"og:description\" content=\"Die Suiten haben eine Gr\u00f6\u00dfe von ca. 35\/45 m2\" \/>\n<meta property=\"og:url\" content=\"https:\/\/www.hotelcannero.com\/de\/zimmer-und-suiten\/suite\/\" \/>\n<meta property=\"og:site_name\" content=\"Hotel Cannero\" \/>\n<meta property=\"article:modified_time\" content=\"2023-05-22T13:50:33+00:00\" \/>\n<meta name=\"twitter:card\" content=\"summary_large_image\" \/>\n<meta name=\"twitter:label1\" content=\"Gesch\u00e4tzte Lesezeit\" \/>\n\t<meta name=\"twitter:data1\" content=\"1 Minute\" \/>\n<script type=\"application\/ld+json\" class=\"yoast-schema-graph\">{\"@context\":\"https:\\\/\\\/schema.org\",\"@graph\":[{\"@type\":\"WebPage\",\"@id\":\"https:\\\/\\\/www.hotelcannero.com\\\/de\\\/zimmer-und-suiten\\\/suite\\\/\",\"url\":\"https:\\\/\\\/www.hotelcannero.com\\\/de\\\/zimmer-und-suiten\\\/suite\\\/\",\"name\":\"Suite &#183; Hotel Cannero &#183;\",\"isPartOf\":{\"@id\":\"https:\\\/\\\/www.hotelcannero.com\\\/de\\\/#website\"},\"datePublished\":\"2023-05-17T08:20:32+00:00\",\"dateModified\":\"2023-05-22T13:50:33+00:00\",\"description\":\"Die Suiten haben eine Gr\u00f6\u00dfe von ca. 35\\\/45 m2\",\"breadcrumb\":{\"@id\":\"https:\\\/\\\/www.hotelcannero.com\\\/de\\\/zimmer-und-suiten\\\/suite\\\/#breadcrumb\"},\"inLanguage\":\"de-DE\",\"potentialAction\":[{\"@type\":\"ReadAction\",\"target\":[\"https:\\\/\\\/www.hotelcannero.com\\\/de\\\/zimmer-und-suiten\\\/suite\\\/\"]}]},{\"@type\":\"BreadcrumbList\",\"@id\":\"https:\\\/\\\/www.hotelcannero.com\\\/de\\\/zimmer-und-suiten\\\/suite\\\/#breadcrumb\",\"itemListElement\":[{\"@type\":\"ListItem\",\"position\":1,\"name\":\"Home\",\"item\":\"https:\\\/\\\/www.hotelcannero.com\\\/de\\\/\"},{\"@type\":\"ListItem\",\"position\":2,\"name\":\"Zimmer und Suiten\",\"item\":\"https:\\\/\\\/www.hotelcannero.com\\\/de\\\/zimmer-und-suiten\\\/\"},{\"@type\":\"ListItem\",\"position\":3,\"name\":\"Suite\"}]},{\"@type\":\"WebSite\",\"@id\":\"https:\\\/\\\/www.hotelcannero.com\\\/de\\\/#website\",\"url\":\"https:\\\/\\\/www.hotelcannero.com\\\/de\\\/\",\"name\":\"Hotel Cannero\",\"description\":\"\",\"potentialAction\":[{\"@type\":\"SearchAction\",\"target\":{\"@type\":\"EntryPoint\",\"urlTemplate\":\"https:\\\/\\\/www.hotelcannero.com\\\/de\\\/?s={search_term_string}\"},\"query-input\":{\"@type\":\"PropertyValueSpecification\",\"valueRequired\":true,\"valueName\":\"search_term_string\"}}],\"inLanguage\":\"de-DE\"}]}<\/script>\n<!-- \/ Yoast SEO plugin. -->","yoast_head_json":{"title":"Suite &#183; Hotel Cannero &#183;","description":"Die Suiten haben eine Gr\u00f6\u00dfe von ca. 35\/45 m2","robots":{"index":"index","follow":"follow","max-snippet":"max-snippet:-1","max-image-preview":"max-image-preview:large","max-video-preview":"max-video-preview:-1"},"canonical":"https:\/\/www.hotelcannero.com\/de\/zimmer-und-suiten\/suite\/","og_locale":"de_DE","og_type":"article","og_title":"Suite &#183; Hotel Cannero &#183;","og_description":"Die Suiten haben eine Gr\u00f6\u00dfe von ca. 35\/45 m2","og_url":"https:\/\/www.hotelcannero.com\/de\/zimmer-und-suiten\/suite\/","og_site_name":"Hotel Cannero","article_modified_time":"2023-05-22T13:50:33+00:00","twitter_card":"summary_large_image","twitter_misc":{"Gesch\u00e4tzte Lesezeit":"1 Minute"},"schema":{"@context":"https:\/\/schema.org","@graph":[{"@type":"WebPage","@id":"https:\/\/www.hotelcannero.com\/de\/zimmer-und-suiten\/suite\/","url":"https:\/\/www.hotelcannero.com\/de\/zimmer-und-suiten\/suite\/","name":"Suite &#183; Hotel Cannero &#183;","isPartOf":{"@id":"https:\/\/www.hotelcannero.com\/de\/#website"},"datePublished":"2023-05-17T08:20:32+00:00","dateModified":"2023-05-22T13:50:33+00:00","description":"Die Suiten haben eine Gr\u00f6\u00dfe von ca. 35\/45 m2","breadcrumb":{"@id":"https:\/\/www.hotelcannero.com\/de\/zimmer-und-suiten\/suite\/#breadcrumb"},"inLanguage":"de-DE","potentialAction":[{"@type":"ReadAction","target":["https:\/\/www.hotelcannero.com\/de\/zimmer-und-suiten\/suite\/"]}]},{"@type":"BreadcrumbList","@id":"https:\/\/www.hotelcannero.com\/de\/zimmer-und-suiten\/suite\/#breadcrumb","itemListElement":[{"@type":"ListItem","position":1,"name":"Home","item":"https:\/\/www.hotelcannero.com\/de\/"},{"@type":"ListItem","position":2,"name":"Zimmer und Suiten","item":"https:\/\/www.hotelcannero.com\/de\/zimmer-und-suiten\/"},{"@type":"ListItem","position":3,"name":"Suite"}]},{"@type":"WebSite","@id":"https:\/\/www.hotelcannero.com\/de\/#website","url":"https:\/\/www.hotelcannero.com\/de\/","name":"Hotel Cannero","description":"","potentialAction":[{"@type":"SearchAction","target":{"@type":"EntryPoint","urlTemplate":"https:\/\/www.hotelcannero.com\/de\/?s={search_term_string}"},"query-input":{"@type":"PropertyValueSpecification","valueRequired":true,"valueName":"search_term_string"}}],"inLanguage":"de-DE"}]}},"acf":[],"_links":{"self":[{"href":"https:\/\/www.hotelcannero.com\/de\/wp-json\/wp\/v2\/pages\/368","targetHints":{"allow":["GET"]}}],"collection":[{"href":"https:\/\/www.hotelcannero.com\/de\/wp-json\/wp\/v2\/pages"}],"about":[{"href":"https:\/\/www.hotelcannero.com\/de\/wp-json\/wp\/v2\/types\/page"}],"author":[{"embeddable":true,"href":"https:\/\/www.hotelcannero.com\/de\/wp-json\/wp\/v2\/users\/26"}],"replies":[{"embeddable":true,"href":"https:\/\/www.hotelcannero.com\/de\/wp-json\/wp\/v2\/comments?post=368"}],"version-history":[{"count":0,"href":"https:\/\/www.hotelcannero.com\/de\/wp-json\/wp\/v2\/pages\/368\/revisions"}],"up":[{"embeddable":true,"href":"https:\/\/www.hotelcannero.com\/de\/wp-json\/wp\/v2\/pages\/367"}],"wp:attachment":[{"href":"https:\/\/www.hotelcannero.com\/de\/wp-json\/wp\/v2\/media?parent=368"}],"curies":[{"name":"wp","href":"https:\/\/api.w.org\/{rel}","templated":true}]}}