{"id":372,"date":"2023-05-17T08:21:18","date_gmt":"2023-05-17T08:21:18","guid":{"rendered":"https:\/\/hotelcannero.ms2.decms.eu\/?page_id=372"},"modified":"2024-06-20T16:06:59","modified_gmt":"2024-06-20T16:06:59","slug":"standard","status":"publish","type":"page","link":"https:\/\/www.hotelcannero.com\/de\/zimmer-und-suiten\/standard\/","title":{"rendered":"Standard"},"content":{"rendered":"<p>Unsere Standardzimmer haben eine Fl\u00e4che von etwa 20 Quadratmetern und k\u00f6nnen je nach Wunsch unserer Kunden mit Doppelbetten oder Einzelbetten ausgestattet werden.<\/p>\n<p>Mit Sorgfalt eingerichtet, schaffen sie eine einladende und warme Atmosph\u00e4re f\u00fcr unsere G\u00e4ste.<\/p>\n<p>Sie verf\u00fcgen \u00fcber Fenster mit Blick auf die kleine historische Via Massimo D&#8217;Azeglio. in privaten Durchg\u00e4ngen des Hotels oder in unserem kleinen Garten, der durch den einteiligen Brunnen gekennzeichnet ist, der vor etwa 300 Jahren aus wei\u00dfem Granit aus Baveno gemei\u00dfelt wurde.<\/p>\n<p>Die k\u00fcrzlich modernisierten Badezimmer verf\u00fcgen \u00fcber eine Dusche und schaffen eine entspannende Umgebung f\u00fcr einen Urlaub abseits des Alltags.<\/p>\n","protected":false},"excerpt":{"rendered":"<p>Unsere Standardzimmer haben eine Fl\u00e4che von etwa 20 Quadratmetern und k\u00f6nnen je nach Wunsch unserer Kunden mit Doppelbetten oder Einzelbetten ausgestattet werden. Mit Sorgfalt eingerichtet, schaffen sie eine einladende und warme Atmosph\u00e4re f\u00fcr unsere G\u00e4ste. Sie verf\u00fcgen \u00fcber Fenster mit Blick auf die kleine historische Via Massimo D&#8217;Azeglio. in privaten Durchg\u00e4ngen des Hotels oder in [&hellip;]<\/p>\n","protected":false},"author":26,"featured_media":0,"parent":367,"menu_order":60,"comment_status":"closed","ping_status":"closed","template":"template-single-room.php","meta":{"footnotes":""},"class_list":["post-372","page","type-page","status-publish","hentry"],"yoast_head":"<!-- This site is optimized with the Yoast SEO plugin v27.3 - https:\/\/yoast.com\/product\/yoast-seo-wordpress\/ -->\n<title>Standard &#183; Hotel Cannero &#183;<\/title>\n<meta name=\"description\" content=\"Unsere Standardzimmer haben eine Fl\u00e4che von etwa 20 Quadratmetern und k\u00f6nnen je nach Wunsch unserer Kunden mit Doppelbetten oder Einzelbetten ausgestattet werden.  Mit Sorgfalt eingerichtet, schaffen sie eine einladende und warme Atmosph\u00e4re f\u00fcr unsere G\u00e4ste.  Sie verf\u00fcgen \u00fcber Fenster mit Blick auf die kleine historische Via Massimo D&#039;Azeglio. in privaten Durchg\u00e4ngen des Hotels oder in unserem kleinen Garten, der durch den einteiligen Brunnen gekennzeichnet ist, der vor etwa 300 Jahren aus wei\u00dfem Granit aus Baveno gemei\u00dfelt wurde.  Die k\u00fcrzlich modernisierten Badezimmer verf\u00fcgen \u00fcber eine Dusche und schaffen eine entspannende Umgebung f\u00fcr einen Urlaub abseits des Alltags.\" \/>\n<meta name=\"robots\" content=\"index, follow, max-snippet:-1, max-image-preview:large, max-video-preview:-1\" \/>\n<link rel=\"canonical\" href=\"https:\/\/www.hotelcannero.com\/de\/zimmer-und-suiten\/standard\/\" \/>\n<meta property=\"og:locale\" content=\"de_DE\" \/>\n<meta property=\"og:type\" content=\"article\" \/>\n<meta property=\"og:title\" content=\"Standard &#183; Hotel Cannero &#183;\" \/>\n<meta property=\"og:description\" content=\"Unsere Standardzimmer haben eine Fl\u00e4che von etwa 20 Quadratmetern und k\u00f6nnen je nach Wunsch unserer Kunden mit Doppelbetten oder Einzelbetten ausgestattet werden.  Mit Sorgfalt eingerichtet, schaffen sie eine einladende und warme Atmosph\u00e4re f\u00fcr unsere G\u00e4ste.  Sie verf\u00fcgen \u00fcber Fenster mit Blick auf die kleine historische Via Massimo D&#039;Azeglio. in privaten Durchg\u00e4ngen des Hotels oder in unserem kleinen Garten, der durch den einteiligen Brunnen gekennzeichnet ist, der vor etwa 300 Jahren aus wei\u00dfem Granit aus Baveno gemei\u00dfelt wurde.  Die k\u00fcrzlich modernisierten Badezimmer verf\u00fcgen \u00fcber eine Dusche und schaffen eine entspannende Umgebung f\u00fcr einen Urlaub abseits des Alltags.\" \/>\n<meta property=\"og:url\" content=\"https:\/\/www.hotelcannero.com\/de\/zimmer-und-suiten\/standard\/\" \/>\n<meta property=\"og:site_name\" content=\"Hotel Cannero\" \/>\n<meta property=\"article:modified_time\" content=\"2024-06-20T16:06:59+00:00\" \/>\n<meta name=\"twitter:card\" content=\"summary_large_image\" \/>\n<meta name=\"twitter:label1\" content=\"Gesch\u00e4tzte Lesezeit\" \/>\n\t<meta name=\"twitter:data1\" content=\"1 Minute\" \/>\n<script type=\"application\/ld+json\" class=\"yoast-schema-graph\">{\"@context\":\"https:\\\/\\\/schema.org\",\"@graph\":[{\"@type\":\"WebPage\",\"@id\":\"https:\\\/\\\/www.hotelcannero.com\\\/de\\\/zimmer-und-suiten\\\/standard\\\/\",\"url\":\"https:\\\/\\\/www.hotelcannero.com\\\/de\\\/zimmer-und-suiten\\\/standard\\\/\",\"name\":\"Standard &#183; Hotel Cannero &#183;\",\"isPartOf\":{\"@id\":\"https:\\\/\\\/www.hotelcannero.com\\\/de\\\/#website\"},\"datePublished\":\"2023-05-17T08:21:18+00:00\",\"dateModified\":\"2024-06-20T16:06:59+00:00\",\"description\":\"Unsere Standardzimmer haben eine Fl\u00e4che von etwa 20 Quadratmetern und k\u00f6nnen je nach Wunsch unserer Kunden mit Doppelbetten oder Einzelbetten ausgestattet werden. Mit Sorgfalt eingerichtet, schaffen sie eine einladende und warme Atmosph\u00e4re f\u00fcr unsere G\u00e4ste. Sie verf\u00fcgen \u00fcber Fenster mit Blick auf die kleine historische Via Massimo D'Azeglio. in privaten Durchg\u00e4ngen des Hotels oder in unserem kleinen Garten, der durch den einteiligen Brunnen gekennzeichnet ist, der vor etwa 300 Jahren aus wei\u00dfem Granit aus Baveno gemei\u00dfelt wurde. Die k\u00fcrzlich modernisierten Badezimmer verf\u00fcgen \u00fcber eine Dusche und schaffen eine entspannende Umgebung f\u00fcr einen Urlaub abseits des Alltags.\",\"breadcrumb\":{\"@id\":\"https:\\\/\\\/www.hotelcannero.com\\\/de\\\/zimmer-und-suiten\\\/standard\\\/#breadcrumb\"},\"inLanguage\":\"de-DE\",\"potentialAction\":[{\"@type\":\"ReadAction\",\"target\":[\"https:\\\/\\\/www.hotelcannero.com\\\/de\\\/zimmer-und-suiten\\\/standard\\\/\"]}]},{\"@type\":\"BreadcrumbList\",\"@id\":\"https:\\\/\\\/www.hotelcannero.com\\\/de\\\/zimmer-und-suiten\\\/standard\\\/#breadcrumb\",\"itemListElement\":[{\"@type\":\"ListItem\",\"position\":1,\"name\":\"Home\",\"item\":\"https:\\\/\\\/www.hotelcannero.com\\\/de\\\/\"},{\"@type\":\"ListItem\",\"position\":2,\"name\":\"Zimmer und Suiten\",\"item\":\"https:\\\/\\\/www.hotelcannero.com\\\/de\\\/zimmer-und-suiten\\\/\"},{\"@type\":\"ListItem\",\"position\":3,\"name\":\"Standard\"}]},{\"@type\":\"WebSite\",\"@id\":\"https:\\\/\\\/www.hotelcannero.com\\\/de\\\/#website\",\"url\":\"https:\\\/\\\/www.hotelcannero.com\\\/de\\\/\",\"name\":\"Hotel Cannero\",\"description\":\"\",\"potentialAction\":[{\"@type\":\"SearchAction\",\"target\":{\"@type\":\"EntryPoint\",\"urlTemplate\":\"https:\\\/\\\/www.hotelcannero.com\\\/de\\\/?s={search_term_string}\"},\"query-input\":{\"@type\":\"PropertyValueSpecification\",\"valueRequired\":true,\"valueName\":\"search_term_string\"}}],\"inLanguage\":\"de-DE\"}]}<\/script>\n<!-- \/ Yoast SEO plugin. -->","yoast_head_json":{"title":"Standard &#183; Hotel Cannero &#183;","description":"Unsere Standardzimmer haben eine Fl\u00e4che von etwa 20 Quadratmetern und k\u00f6nnen je nach Wunsch unserer Kunden mit Doppelbetten oder Einzelbetten ausgestattet werden.  Mit Sorgfalt eingerichtet, schaffen sie eine einladende und warme Atmosph\u00e4re f\u00fcr unsere G\u00e4ste.  Sie verf\u00fcgen \u00fcber Fenster mit Blick auf die kleine historische Via Massimo D'Azeglio. in privaten Durchg\u00e4ngen des Hotels oder in unserem kleinen Garten, der durch den einteiligen Brunnen gekennzeichnet ist, der vor etwa 300 Jahren aus wei\u00dfem Granit aus Baveno gemei\u00dfelt wurde.  Die k\u00fcrzlich modernisierten Badezimmer verf\u00fcgen \u00fcber eine Dusche und schaffen eine entspannende Umgebung f\u00fcr einen Urlaub abseits des Alltags.","robots":{"index":"index","follow":"follow","max-snippet":"max-snippet:-1","max-image-preview":"max-image-preview:large","max-video-preview":"max-video-preview:-1"},"canonical":"https:\/\/www.hotelcannero.com\/de\/zimmer-und-suiten\/standard\/","og_locale":"de_DE","og_type":"article","og_title":"Standard &#183; Hotel Cannero &#183;","og_description":"Unsere Standardzimmer haben eine Fl\u00e4che von etwa 20 Quadratmetern und k\u00f6nnen je nach Wunsch unserer Kunden mit Doppelbetten oder Einzelbetten ausgestattet werden.  Mit Sorgfalt eingerichtet, schaffen sie eine einladende und warme Atmosph\u00e4re f\u00fcr unsere G\u00e4ste.  Sie verf\u00fcgen \u00fcber Fenster mit Blick auf die kleine historische Via Massimo D'Azeglio. in privaten Durchg\u00e4ngen des Hotels oder in unserem kleinen Garten, der durch den einteiligen Brunnen gekennzeichnet ist, der vor etwa 300 Jahren aus wei\u00dfem Granit aus Baveno gemei\u00dfelt wurde.  Die k\u00fcrzlich modernisierten Badezimmer verf\u00fcgen \u00fcber eine Dusche und schaffen eine entspannende Umgebung f\u00fcr einen Urlaub abseits des Alltags.","og_url":"https:\/\/www.hotelcannero.com\/de\/zimmer-und-suiten\/standard\/","og_site_name":"Hotel Cannero","article_modified_time":"2024-06-20T16:06:59+00:00","twitter_card":"summary_large_image","twitter_misc":{"Gesch\u00e4tzte Lesezeit":"1 Minute"},"schema":{"@context":"https:\/\/schema.org","@graph":[{"@type":"WebPage","@id":"https:\/\/www.hotelcannero.com\/de\/zimmer-und-suiten\/standard\/","url":"https:\/\/www.hotelcannero.com\/de\/zimmer-und-suiten\/standard\/","name":"Standard &#183; Hotel Cannero &#183;","isPartOf":{"@id":"https:\/\/www.hotelcannero.com\/de\/#website"},"datePublished":"2023-05-17T08:21:18+00:00","dateModified":"2024-06-20T16:06:59+00:00","description":"Unsere Standardzimmer haben eine Fl\u00e4che von etwa 20 Quadratmetern und k\u00f6nnen je nach Wunsch unserer Kunden mit Doppelbetten oder Einzelbetten ausgestattet werden. Mit Sorgfalt eingerichtet, schaffen sie eine einladende und warme Atmosph\u00e4re f\u00fcr unsere G\u00e4ste. Sie verf\u00fcgen \u00fcber Fenster mit Blick auf die kleine historische Via Massimo D'Azeglio. in privaten Durchg\u00e4ngen des Hotels oder in unserem kleinen Garten, der durch den einteiligen Brunnen gekennzeichnet ist, der vor etwa 300 Jahren aus wei\u00dfem Granit aus Baveno gemei\u00dfelt wurde. Die k\u00fcrzlich modernisierten Badezimmer verf\u00fcgen \u00fcber eine Dusche und schaffen eine entspannende Umgebung f\u00fcr einen Urlaub abseits des Alltags.","breadcrumb":{"@id":"https:\/\/www.hotelcannero.com\/de\/zimmer-und-suiten\/standard\/#breadcrumb"},"inLanguage":"de-DE","potentialAction":[{"@type":"ReadAction","target":["https:\/\/www.hotelcannero.com\/de\/zimmer-und-suiten\/standard\/"]}]},{"@type":"BreadcrumbList","@id":"https:\/\/www.hotelcannero.com\/de\/zimmer-und-suiten\/standard\/#breadcrumb","itemListElement":[{"@type":"ListItem","position":1,"name":"Home","item":"https:\/\/www.hotelcannero.com\/de\/"},{"@type":"ListItem","position":2,"name":"Zimmer und Suiten","item":"https:\/\/www.hotelcannero.com\/de\/zimmer-und-suiten\/"},{"@type":"ListItem","position":3,"name":"Standard"}]},{"@type":"WebSite","@id":"https:\/\/www.hotelcannero.com\/de\/#website","url":"https:\/\/www.hotelcannero.com\/de\/","name":"Hotel Cannero","description":"","potentialAction":[{"@type":"SearchAction","target":{"@type":"EntryPoint","urlTemplate":"https:\/\/www.hotelcannero.com\/de\/?s={search_term_string}"},"query-input":{"@type":"PropertyValueSpecification","valueRequired":true,"valueName":"search_term_string"}}],"inLanguage":"de-DE"}]}},"acf":[],"_links":{"self":[{"href":"https:\/\/www.hotelcannero.com\/de\/wp-json\/wp\/v2\/pages\/372","targetHints":{"allow":["GET"]}}],"collection":[{"href":"https:\/\/www.hotelcannero.com\/de\/wp-json\/wp\/v2\/pages"}],"about":[{"href":"https:\/\/www.hotelcannero.com\/de\/wp-json\/wp\/v2\/types\/page"}],"author":[{"embeddable":true,"href":"https:\/\/www.hotelcannero.com\/de\/wp-json\/wp\/v2\/users\/26"}],"replies":[{"embeddable":true,"href":"https:\/\/www.hotelcannero.com\/de\/wp-json\/wp\/v2\/comments?post=372"}],"version-history":[{"count":0,"href":"https:\/\/www.hotelcannero.com\/de\/wp-json\/wp\/v2\/pages\/372\/revisions"}],"up":[{"embeddable":true,"href":"https:\/\/www.hotelcannero.com\/de\/wp-json\/wp\/v2\/pages\/367"}],"wp:attachment":[{"href":"https:\/\/www.hotelcannero.com\/de\/wp-json\/wp\/v2\/media?parent=372"}],"curies":[{"name":"wp","href":"https:\/\/api.w.org\/{rel}","templated":true}]}}