{"id":373,"date":"2023-05-17T08:21:28","date_gmt":"2023-05-17T08:21:28","guid":{"rendered":"https:\/\/hotelcannero.ms2.decms.eu\/?page_id=373"},"modified":"2023-05-18T10:04:04","modified_gmt":"2023-05-18T10:04:04","slug":"easy","status":"publish","type":"page","link":"https:\/\/www.hotelcannero.com\/de\/zimmer-und-suiten\/easy\/","title":{"rendered":"Easy"},"content":{"rendered":"<p>Die f\u00fcr Kurzaufenthalte empfohlenen Easy-Zimmer haben eine Fl\u00e4che von etwa 20 Quadratmetern. Unter den Kategorien unseres Hotels sind sie die einfachsten und g\u00fcnstigsten, werden aber dennoch sorgf\u00e4ltig behandelt, um den Aufenthalt unserer G\u00e4ste angenehm und entspannend zu gestalten.<\/p>\n<p>Einige von ihnen blicken auf unseren Courtyard delle Palme, den klassischen Innenhof unseres Hotels, w\u00e4hrend andere auf eine kleine historische Stra\u00dfe in Cannero Riviera blicken.<\/p>\n<p>Sie verf\u00fcgen \u00fcber franz\u00f6sische Fenster, die einen gr\u00f6\u00dferen Ausblick erm\u00f6glichen.<\/p>\n<p>Alle k\u00fcrzlich renovierten Badezimmer verf\u00fcgen \u00fcber eine Dusche und alle f\u00fcr das Wohlbefinden der Kunden notwendigen Dienstleistungen.<\/p>\n","protected":false},"excerpt":{"rendered":"<p>Die f\u00fcr Kurzaufenthalte empfohlenen Easy-Zimmer haben eine Fl\u00e4che von etwa 20 Quadratmetern. Unter den Kategorien unseres Hotels sind sie die einfachsten und g\u00fcnstigsten, werden aber dennoch sorgf\u00e4ltig behandelt, um den Aufenthalt unserer G\u00e4ste angenehm und entspannend zu gestalten. Einige von ihnen blicken auf unseren Courtyard delle Palme, den klassischen Innenhof unseres Hotels, w\u00e4hrend andere auf [&hellip;]<\/p>\n","protected":false},"author":26,"featured_media":0,"parent":367,"menu_order":70,"comment_status":"closed","ping_status":"closed","template":"template-single-room.php","meta":{"footnotes":""},"yoast_head":"<!-- This site is optimized with the Yoast SEO plugin v22.3 - https:\/\/yoast.com\/wordpress\/plugins\/seo\/ -->\n<title>Easy &#183; Hotel Cannero &#183;<\/title>\n<meta name=\"description\" content=\"Die f\u00fcr Kurzaufenthalte empfohlenen Easy-Zimmer haben eine Fl\u00e4che von etwa 20 Quadratmetern. Unter den Kategorien unseres Hotels sind sie die einfachsten und g\u00fcnstigsten, werden aber dennoch sorgf\u00e4ltig behandelt, um den Aufenthalt unserer G\u00e4ste angenehm und entspannend zu gestalten.  Einige von ihnen blicken auf unseren Courtyard delle Palme, den klassischen Innenhof unseres Hotels, w\u00e4hrend andere auf eine kleine historische Stra\u00dfe in Cannero Riviera blicken.  Sie verf\u00fcgen \u00fcber franz\u00f6sische Fenster, die einen gr\u00f6\u00dferen Ausblick erm\u00f6glichen.  Alle k\u00fcrzlich renovierten Badezimmer verf\u00fcgen \u00fcber eine Dusche und alle f\u00fcr das Wohlbefinden der Kunden notwendigen Dienstleistungen.\" \/>\n<meta name=\"robots\" content=\"index, follow, max-snippet:-1, max-image-preview:large, max-video-preview:-1\" \/>\n<link rel=\"canonical\" href=\"https:\/\/www.hotelcannero.com\/de\/zimmer-und-suiten\/easy\/\" \/>\n<meta property=\"og:locale\" content=\"de_DE\" \/>\n<meta property=\"og:type\" content=\"article\" \/>\n<meta property=\"og:title\" content=\"Easy &#183; Hotel Cannero &#183;\" \/>\n<meta property=\"og:description\" content=\"Die f\u00fcr Kurzaufenthalte empfohlenen Easy-Zimmer haben eine Fl\u00e4che von etwa 20 Quadratmetern. Unter den Kategorien unseres Hotels sind sie die einfachsten und g\u00fcnstigsten, werden aber dennoch sorgf\u00e4ltig behandelt, um den Aufenthalt unserer G\u00e4ste angenehm und entspannend zu gestalten.  Einige von ihnen blicken auf unseren Courtyard delle Palme, den klassischen Innenhof unseres Hotels, w\u00e4hrend andere auf eine kleine historische Stra\u00dfe in Cannero Riviera blicken.  Sie verf\u00fcgen \u00fcber franz\u00f6sische Fenster, die einen gr\u00f6\u00dferen Ausblick erm\u00f6glichen.  Alle k\u00fcrzlich renovierten Badezimmer verf\u00fcgen \u00fcber eine Dusche und alle f\u00fcr das Wohlbefinden der Kunden notwendigen Dienstleistungen.\" \/>\n<meta property=\"og:url\" content=\"https:\/\/www.hotelcannero.com\/de\/zimmer-und-suiten\/easy\/\" \/>\n<meta property=\"og:site_name\" content=\"Hotel Cannero\" \/>\n<meta property=\"article:modified_time\" content=\"2023-05-18T10:04:04+00:00\" \/>\n<meta name=\"twitter:card\" content=\"summary_large_image\" \/>\n<meta name=\"twitter:label1\" content=\"Gesch\u00e4tzte Lesezeit\" \/>\n\t<meta name=\"twitter:data1\" content=\"1 Minute\" \/>\n<script type=\"application\/ld+json\" class=\"yoast-schema-graph\">{\"@context\":\"https:\/\/schema.org\",\"@graph\":[{\"@type\":\"WebPage\",\"@id\":\"https:\/\/www.hotelcannero.com\/de\/zimmer-und-suiten\/easy\/\",\"url\":\"https:\/\/www.hotelcannero.com\/de\/zimmer-und-suiten\/easy\/\",\"name\":\"Easy &#183; Hotel Cannero &#183;\",\"isPartOf\":{\"@id\":\"https:\/\/www.hotelcannero.com\/de\/#website\"},\"datePublished\":\"2023-05-17T08:21:28+00:00\",\"dateModified\":\"2023-05-18T10:04:04+00:00\",\"description\":\"Die f\u00fcr Kurzaufenthalte empfohlenen Easy-Zimmer haben eine Fl\u00e4che von etwa 20 Quadratmetern. Unter den Kategorien unseres Hotels sind sie die einfachsten und g\u00fcnstigsten, werden aber dennoch sorgf\u00e4ltig behandelt, um den Aufenthalt unserer G\u00e4ste angenehm und entspannend zu gestalten. Einige von ihnen blicken auf unseren Courtyard delle Palme, den klassischen Innenhof unseres Hotels, w\u00e4hrend andere auf eine kleine historische Stra\u00dfe in Cannero Riviera blicken. Sie verf\u00fcgen \u00fcber franz\u00f6sische Fenster, die einen gr\u00f6\u00dferen Ausblick erm\u00f6glichen. Alle k\u00fcrzlich renovierten Badezimmer verf\u00fcgen \u00fcber eine Dusche und alle f\u00fcr das Wohlbefinden der Kunden notwendigen Dienstleistungen.\",\"breadcrumb\":{\"@id\":\"https:\/\/www.hotelcannero.com\/de\/zimmer-und-suiten\/easy\/#breadcrumb\"},\"inLanguage\":\"de-DE\",\"potentialAction\":[{\"@type\":\"ReadAction\",\"target\":[\"https:\/\/www.hotelcannero.com\/de\/zimmer-und-suiten\/easy\/\"]}]},{\"@type\":\"BreadcrumbList\",\"@id\":\"https:\/\/www.hotelcannero.com\/de\/zimmer-und-suiten\/easy\/#breadcrumb\",\"itemListElement\":[{\"@type\":\"ListItem\",\"position\":1,\"name\":\"Home\",\"item\":\"https:\/\/www.hotelcannero.com\/de\/\"},{\"@type\":\"ListItem\",\"position\":2,\"name\":\"Zimmer und Suiten\",\"item\":\"https:\/\/www.hotelcannero.com\/de\/zimmer-und-suiten\/\"},{\"@type\":\"ListItem\",\"position\":3,\"name\":\"Easy\"}]},{\"@type\":\"WebSite\",\"@id\":\"https:\/\/www.hotelcannero.com\/de\/#website\",\"url\":\"https:\/\/www.hotelcannero.com\/de\/\",\"name\":\"Hotel Cannero\",\"description\":\"\",\"potentialAction\":[{\"@type\":\"SearchAction\",\"target\":{\"@type\":\"EntryPoint\",\"urlTemplate\":\"https:\/\/www.hotelcannero.com\/de\/?s={search_term_string}\"},\"query-input\":\"required name=search_term_string\"}],\"inLanguage\":\"de-DE\"}]}<\/script>\n<!-- \/ Yoast SEO plugin. -->","yoast_head_json":{"title":"Easy &#183; Hotel Cannero &#183;","description":"Die f\u00fcr Kurzaufenthalte empfohlenen Easy-Zimmer haben eine Fl\u00e4che von etwa 20 Quadratmetern. Unter den Kategorien unseres Hotels sind sie die einfachsten und g\u00fcnstigsten, werden aber dennoch sorgf\u00e4ltig behandelt, um den Aufenthalt unserer G\u00e4ste angenehm und entspannend zu gestalten.  Einige von ihnen blicken auf unseren Courtyard delle Palme, den klassischen Innenhof unseres Hotels, w\u00e4hrend andere auf eine kleine historische Stra\u00dfe in Cannero Riviera blicken.  Sie verf\u00fcgen \u00fcber franz\u00f6sische Fenster, die einen gr\u00f6\u00dferen Ausblick erm\u00f6glichen.  Alle k\u00fcrzlich renovierten Badezimmer verf\u00fcgen \u00fcber eine Dusche und alle f\u00fcr das Wohlbefinden der Kunden notwendigen Dienstleistungen.","robots":{"index":"index","follow":"follow","max-snippet":"max-snippet:-1","max-image-preview":"max-image-preview:large","max-video-preview":"max-video-preview:-1"},"canonical":"https:\/\/www.hotelcannero.com\/de\/zimmer-und-suiten\/easy\/","og_locale":"de_DE","og_type":"article","og_title":"Easy &#183; Hotel Cannero &#183;","og_description":"Die f\u00fcr Kurzaufenthalte empfohlenen Easy-Zimmer haben eine Fl\u00e4che von etwa 20 Quadratmetern. Unter den Kategorien unseres Hotels sind sie die einfachsten und g\u00fcnstigsten, werden aber dennoch sorgf\u00e4ltig behandelt, um den Aufenthalt unserer G\u00e4ste angenehm und entspannend zu gestalten.  Einige von ihnen blicken auf unseren Courtyard delle Palme, den klassischen Innenhof unseres Hotels, w\u00e4hrend andere auf eine kleine historische Stra\u00dfe in Cannero Riviera blicken.  Sie verf\u00fcgen \u00fcber franz\u00f6sische Fenster, die einen gr\u00f6\u00dferen Ausblick erm\u00f6glichen.  Alle k\u00fcrzlich renovierten Badezimmer verf\u00fcgen \u00fcber eine Dusche und alle f\u00fcr das Wohlbefinden der Kunden notwendigen Dienstleistungen.","og_url":"https:\/\/www.hotelcannero.com\/de\/zimmer-und-suiten\/easy\/","og_site_name":"Hotel Cannero","article_modified_time":"2023-05-18T10:04:04+00:00","twitter_card":"summary_large_image","twitter_misc":{"Gesch\u00e4tzte Lesezeit":"1 Minute"},"schema":{"@context":"https:\/\/schema.org","@graph":[{"@type":"WebPage","@id":"https:\/\/www.hotelcannero.com\/de\/zimmer-und-suiten\/easy\/","url":"https:\/\/www.hotelcannero.com\/de\/zimmer-und-suiten\/easy\/","name":"Easy &#183; Hotel Cannero &#183;","isPartOf":{"@id":"https:\/\/www.hotelcannero.com\/de\/#website"},"datePublished":"2023-05-17T08:21:28+00:00","dateModified":"2023-05-18T10:04:04+00:00","description":"Die f\u00fcr Kurzaufenthalte empfohlenen Easy-Zimmer haben eine Fl\u00e4che von etwa 20 Quadratmetern. Unter den Kategorien unseres Hotels sind sie die einfachsten und g\u00fcnstigsten, werden aber dennoch sorgf\u00e4ltig behandelt, um den Aufenthalt unserer G\u00e4ste angenehm und entspannend zu gestalten. Einige von ihnen blicken auf unseren Courtyard delle Palme, den klassischen Innenhof unseres Hotels, w\u00e4hrend andere auf eine kleine historische Stra\u00dfe in Cannero Riviera blicken. Sie verf\u00fcgen \u00fcber franz\u00f6sische Fenster, die einen gr\u00f6\u00dferen Ausblick erm\u00f6glichen. Alle k\u00fcrzlich renovierten Badezimmer verf\u00fcgen \u00fcber eine Dusche und alle f\u00fcr das Wohlbefinden der Kunden notwendigen Dienstleistungen.","breadcrumb":{"@id":"https:\/\/www.hotelcannero.com\/de\/zimmer-und-suiten\/easy\/#breadcrumb"},"inLanguage":"de-DE","potentialAction":[{"@type":"ReadAction","target":["https:\/\/www.hotelcannero.com\/de\/zimmer-und-suiten\/easy\/"]}]},{"@type":"BreadcrumbList","@id":"https:\/\/www.hotelcannero.com\/de\/zimmer-und-suiten\/easy\/#breadcrumb","itemListElement":[{"@type":"ListItem","position":1,"name":"Home","item":"https:\/\/www.hotelcannero.com\/de\/"},{"@type":"ListItem","position":2,"name":"Zimmer und Suiten","item":"https:\/\/www.hotelcannero.com\/de\/zimmer-und-suiten\/"},{"@type":"ListItem","position":3,"name":"Easy"}]},{"@type":"WebSite","@id":"https:\/\/www.hotelcannero.com\/de\/#website","url":"https:\/\/www.hotelcannero.com\/de\/","name":"Hotel Cannero","description":"","potentialAction":[{"@type":"SearchAction","target":{"@type":"EntryPoint","urlTemplate":"https:\/\/www.hotelcannero.com\/de\/?s={search_term_string}"},"query-input":"required name=search_term_string"}],"inLanguage":"de-DE"}]}},"acf":[],"_links":{"self":[{"href":"https:\/\/www.hotelcannero.com\/de\/wp-json\/wp\/v2\/pages\/373"}],"collection":[{"href":"https:\/\/www.hotelcannero.com\/de\/wp-json\/wp\/v2\/pages"}],"about":[{"href":"https:\/\/www.hotelcannero.com\/de\/wp-json\/wp\/v2\/types\/page"}],"author":[{"embeddable":true,"href":"https:\/\/www.hotelcannero.com\/de\/wp-json\/wp\/v2\/users\/26"}],"replies":[{"embeddable":true,"href":"https:\/\/www.hotelcannero.com\/de\/wp-json\/wp\/v2\/comments?post=373"}],"version-history":[{"count":0,"href":"https:\/\/www.hotelcannero.com\/de\/wp-json\/wp\/v2\/pages\/373\/revisions"}],"up":[{"embeddable":true,"href":"https:\/\/www.hotelcannero.com\/de\/wp-json\/wp\/v2\/pages\/367"}],"wp:attachment":[{"href":"https:\/\/www.hotelcannero.com\/de\/wp-json\/wp\/v2\/media?parent=373"}],"curies":[{"name":"wp","href":"https:\/\/api.w.org\/{rel}","templated":true}]}}