{"id":378,"date":"2023-05-17T08:23:59","date_gmt":"2023-05-17T08:23:59","guid":{"rendered":"https:\/\/hotelcannero.ms2.decms.eu\/?page_id=378"},"modified":"2023-05-17T10:49:19","modified_gmt":"2023-05-17T10:49:19","slug":"le-vele-kaffee","status":"publish","type":"page","link":"https:\/\/www.hotelcannero.com\/de\/le-vele-kaffee\/","title":{"rendered":"Le Vele-Kaffee"},"content":{"rendered":"<p>Die Bar befindet sich im Hotel und tr\u00e4gt den Namen Caff\u00e8 Le Vele. Hier werden sowohl Getr\u00e4nke als auch Snacks in angenehmer Atmosph\u00e4re serviert.<\/p>\n<p>Es werden auch Musikabende veranstaltet, um den Aufenthalt der G\u00e4ste aufzuheitern und eine Atmosph\u00e4re der Entspannung und den Wunsch zu f\u00f6rdern, angenehme Momente in Gesellschaft Ihrer Lieben zu verbringen.<\/p>\n","protected":false},"excerpt":{"rendered":"<p>Die Bar befindet sich im Hotel und tr\u00e4gt den Namen Caff\u00e8 Le Vele. Hier werden sowohl Getr\u00e4nke als auch Snacks in angenehmer Atmosph\u00e4re serviert. Es werden auch Musikabende veranstaltet, um den Aufenthalt der G\u00e4ste aufzuheitern und eine Atmosph\u00e4re der Entspannung und den Wunsch zu f\u00f6rdern, angenehme Momente in Gesellschaft Ihrer Lieben zu verbringen.<\/p>\n","protected":false},"author":26,"featured_media":0,"parent":0,"menu_order":40,"comment_status":"closed","ping_status":"closed","template":"template-single-restaurant.php","meta":{"footnotes":""},"class_list":["post-378","page","type-page","status-publish","hentry"],"yoast_head":"<!-- This site is optimized with the Yoast SEO plugin v27.3 - https:\/\/yoast.com\/product\/yoast-seo-wordpress\/ -->\n<title>Le Vele-Kaffee &#183; Hotel Cannero &#183;<\/title>\n<meta name=\"description\" content=\"Die Bar befindet sich im Hotel und tr\u00e4gt den Namen Caff\u00e8 Le Vele. Hier werden sowohl Getr\u00e4nke als auch Snacks in angenehmer Atmosph\u00e4re serviert.  Es werden auch Musikabende veranstaltet, um den Aufenthalt der G\u00e4ste aufzuheitern und eine Atmosph\u00e4re der Entspannung und den Wunsch zu f\u00f6rdern, angenehme Momente in Gesellschaft Ihrer Lieben zu verbringen.\" \/>\n<meta name=\"robots\" content=\"index, follow, max-snippet:-1, max-image-preview:large, max-video-preview:-1\" \/>\n<link rel=\"canonical\" href=\"https:\/\/www.hotelcannero.com\/de\/le-vele-kaffee\/\" \/>\n<meta property=\"og:locale\" content=\"de_DE\" \/>\n<meta property=\"og:type\" content=\"article\" \/>\n<meta property=\"og:title\" content=\"Le Vele-Kaffee &#183; Hotel Cannero &#183;\" \/>\n<meta property=\"og:description\" content=\"Die Bar befindet sich im Hotel und tr\u00e4gt den Namen Caff\u00e8 Le Vele. Hier werden sowohl Getr\u00e4nke als auch Snacks in angenehmer Atmosph\u00e4re serviert.  Es werden auch Musikabende veranstaltet, um den Aufenthalt der G\u00e4ste aufzuheitern und eine Atmosph\u00e4re der Entspannung und den Wunsch zu f\u00f6rdern, angenehme Momente in Gesellschaft Ihrer Lieben zu verbringen.\" \/>\n<meta property=\"og:url\" content=\"https:\/\/www.hotelcannero.com\/de\/le-vele-kaffee\/\" \/>\n<meta property=\"og:site_name\" content=\"Hotel Cannero\" \/>\n<meta property=\"article:modified_time\" content=\"2023-05-17T10:49:19+00:00\" \/>\n<meta name=\"twitter:card\" content=\"summary_large_image\" \/>\n<meta name=\"twitter:label1\" content=\"Gesch\u00e4tzte Lesezeit\" \/>\n\t<meta name=\"twitter:data1\" content=\"1 Minute\" \/>\n<script type=\"application\/ld+json\" class=\"yoast-schema-graph\">{\"@context\":\"https:\\\/\\\/schema.org\",\"@graph\":[{\"@type\":\"WebPage\",\"@id\":\"https:\\\/\\\/www.hotelcannero.com\\\/de\\\/le-vele-kaffee\\\/\",\"url\":\"https:\\\/\\\/www.hotelcannero.com\\\/de\\\/le-vele-kaffee\\\/\",\"name\":\"Le Vele-Kaffee &#183; Hotel Cannero &#183;\",\"isPartOf\":{\"@id\":\"https:\\\/\\\/www.hotelcannero.com\\\/de\\\/#website\"},\"datePublished\":\"2023-05-17T08:23:59+00:00\",\"dateModified\":\"2023-05-17T10:49:19+00:00\",\"description\":\"Die Bar befindet sich im Hotel und tr\u00e4gt den Namen Caff\u00e8 Le Vele. Hier werden sowohl Getr\u00e4nke als auch Snacks in angenehmer Atmosph\u00e4re serviert. Es werden auch Musikabende veranstaltet, um den Aufenthalt der G\u00e4ste aufzuheitern und eine Atmosph\u00e4re der Entspannung und den Wunsch zu f\u00f6rdern, angenehme Momente in Gesellschaft Ihrer Lieben zu verbringen.\",\"breadcrumb\":{\"@id\":\"https:\\\/\\\/www.hotelcannero.com\\\/de\\\/le-vele-kaffee\\\/#breadcrumb\"},\"inLanguage\":\"de-DE\",\"potentialAction\":[{\"@type\":\"ReadAction\",\"target\":[\"https:\\\/\\\/www.hotelcannero.com\\\/de\\\/le-vele-kaffee\\\/\"]}]},{\"@type\":\"BreadcrumbList\",\"@id\":\"https:\\\/\\\/www.hotelcannero.com\\\/de\\\/le-vele-kaffee\\\/#breadcrumb\",\"itemListElement\":[{\"@type\":\"ListItem\",\"position\":1,\"name\":\"Home\",\"item\":\"https:\\\/\\\/www.hotelcannero.com\\\/de\\\/\"},{\"@type\":\"ListItem\",\"position\":2,\"name\":\"Le Vele-Kaffee\"}]},{\"@type\":\"WebSite\",\"@id\":\"https:\\\/\\\/www.hotelcannero.com\\\/de\\\/#website\",\"url\":\"https:\\\/\\\/www.hotelcannero.com\\\/de\\\/\",\"name\":\"Hotel Cannero\",\"description\":\"\",\"potentialAction\":[{\"@type\":\"SearchAction\",\"target\":{\"@type\":\"EntryPoint\",\"urlTemplate\":\"https:\\\/\\\/www.hotelcannero.com\\\/de\\\/?s={search_term_string}\"},\"query-input\":{\"@type\":\"PropertyValueSpecification\",\"valueRequired\":true,\"valueName\":\"search_term_string\"}}],\"inLanguage\":\"de-DE\"}]}<\/script>\n<!-- \/ Yoast SEO plugin. -->","yoast_head_json":{"title":"Le Vele-Kaffee &#183; Hotel Cannero &#183;","description":"Die Bar befindet sich im Hotel und tr\u00e4gt den Namen Caff\u00e8 Le Vele. Hier werden sowohl Getr\u00e4nke als auch Snacks in angenehmer Atmosph\u00e4re serviert.  Es werden auch Musikabende veranstaltet, um den Aufenthalt der G\u00e4ste aufzuheitern und eine Atmosph\u00e4re der Entspannung und den Wunsch zu f\u00f6rdern, angenehme Momente in Gesellschaft Ihrer Lieben zu verbringen.","robots":{"index":"index","follow":"follow","max-snippet":"max-snippet:-1","max-image-preview":"max-image-preview:large","max-video-preview":"max-video-preview:-1"},"canonical":"https:\/\/www.hotelcannero.com\/de\/le-vele-kaffee\/","og_locale":"de_DE","og_type":"article","og_title":"Le Vele-Kaffee &#183; Hotel Cannero &#183;","og_description":"Die Bar befindet sich im Hotel und tr\u00e4gt den Namen Caff\u00e8 Le Vele. Hier werden sowohl Getr\u00e4nke als auch Snacks in angenehmer Atmosph\u00e4re serviert.  Es werden auch Musikabende veranstaltet, um den Aufenthalt der G\u00e4ste aufzuheitern und eine Atmosph\u00e4re der Entspannung und den Wunsch zu f\u00f6rdern, angenehme Momente in Gesellschaft Ihrer Lieben zu verbringen.","og_url":"https:\/\/www.hotelcannero.com\/de\/le-vele-kaffee\/","og_site_name":"Hotel Cannero","article_modified_time":"2023-05-17T10:49:19+00:00","twitter_card":"summary_large_image","twitter_misc":{"Gesch\u00e4tzte Lesezeit":"1 Minute"},"schema":{"@context":"https:\/\/schema.org","@graph":[{"@type":"WebPage","@id":"https:\/\/www.hotelcannero.com\/de\/le-vele-kaffee\/","url":"https:\/\/www.hotelcannero.com\/de\/le-vele-kaffee\/","name":"Le Vele-Kaffee &#183; Hotel Cannero &#183;","isPartOf":{"@id":"https:\/\/www.hotelcannero.com\/de\/#website"},"datePublished":"2023-05-17T08:23:59+00:00","dateModified":"2023-05-17T10:49:19+00:00","description":"Die Bar befindet sich im Hotel und tr\u00e4gt den Namen Caff\u00e8 Le Vele. Hier werden sowohl Getr\u00e4nke als auch Snacks in angenehmer Atmosph\u00e4re serviert. Es werden auch Musikabende veranstaltet, um den Aufenthalt der G\u00e4ste aufzuheitern und eine Atmosph\u00e4re der Entspannung und den Wunsch zu f\u00f6rdern, angenehme Momente in Gesellschaft Ihrer Lieben zu verbringen.","breadcrumb":{"@id":"https:\/\/www.hotelcannero.com\/de\/le-vele-kaffee\/#breadcrumb"},"inLanguage":"de-DE","potentialAction":[{"@type":"ReadAction","target":["https:\/\/www.hotelcannero.com\/de\/le-vele-kaffee\/"]}]},{"@type":"BreadcrumbList","@id":"https:\/\/www.hotelcannero.com\/de\/le-vele-kaffee\/#breadcrumb","itemListElement":[{"@type":"ListItem","position":1,"name":"Home","item":"https:\/\/www.hotelcannero.com\/de\/"},{"@type":"ListItem","position":2,"name":"Le Vele-Kaffee"}]},{"@type":"WebSite","@id":"https:\/\/www.hotelcannero.com\/de\/#website","url":"https:\/\/www.hotelcannero.com\/de\/","name":"Hotel Cannero","description":"","potentialAction":[{"@type":"SearchAction","target":{"@type":"EntryPoint","urlTemplate":"https:\/\/www.hotelcannero.com\/de\/?s={search_term_string}"},"query-input":{"@type":"PropertyValueSpecification","valueRequired":true,"valueName":"search_term_string"}}],"inLanguage":"de-DE"}]}},"acf":[],"_links":{"self":[{"href":"https:\/\/www.hotelcannero.com\/de\/wp-json\/wp\/v2\/pages\/378","targetHints":{"allow":["GET"]}}],"collection":[{"href":"https:\/\/www.hotelcannero.com\/de\/wp-json\/wp\/v2\/pages"}],"about":[{"href":"https:\/\/www.hotelcannero.com\/de\/wp-json\/wp\/v2\/types\/page"}],"author":[{"embeddable":true,"href":"https:\/\/www.hotelcannero.com\/de\/wp-json\/wp\/v2\/users\/26"}],"replies":[{"embeddable":true,"href":"https:\/\/www.hotelcannero.com\/de\/wp-json\/wp\/v2\/comments?post=378"}],"version-history":[{"count":0,"href":"https:\/\/www.hotelcannero.com\/de\/wp-json\/wp\/v2\/pages\/378\/revisions"}],"wp:attachment":[{"href":"https:\/\/www.hotelcannero.com\/de\/wp-json\/wp\/v2\/media?parent=378"}],"curies":[{"name":"wp","href":"https:\/\/api.w.org\/{rel}","templated":true}]}}