{"id":380,"date":"2023-05-17T08:26:10","date_gmt":"2023-05-17T08:26:10","guid":{"rendered":"https:\/\/hotelcannero.ms2.decms.eu\/?page_id=380"},"modified":"2024-01-22T09:47:07","modified_gmt":"2024-01-22T09:47:07","slug":"dienste","status":"publish","type":"page","link":"https:\/\/www.hotelcannero.com\/de\/dienste\/","title":{"rendered":"Dienste"},"content":{"rendered":"<p>Was unsere Struktur ideal f\u00fcr diejenigen macht, die einen komfortablen Aufenthalt lieben, in dem sie v\u00f6llige Entspannung genie\u00dfen k\u00f6nnen, sind die Dienstleistungen, die wir unseren Kunden bieten.<br \/>\n<span class=\"Y2IQFc\" lang=\"de\">Das Schwimmbad, der Tennisplatz, der Lesesaal und der Weinkeller werden die Aktivit\u00e4ten Ihrer Urlaubstage angenehm machen.<br \/>\nDie kostenpflichtige Garage im Hotel, der kostenlose Parkplatz in der Villa Luisa unweit des Hotels und die Ladestation f\u00fcr Elektroautos im Innenhof des Hotels nehmen Ihnen die Sorgen rund um die Mobilit\u00e4t mit dem Auto ab.<br \/>\nUnd vergessen wir nicht die kleinen Tierfreunde wie Hunde und Katzen, die gegen eine Geb\u00fchr akzeptiert werden, jedoch keinen Zutritt zum Poolbereich und nach eigenem Ermessen im Restaurantraum haben.<\/span><\/p>\n","protected":false},"excerpt":{"rendered":"<p>Was unsere Struktur ideal f\u00fcr diejenigen macht, die einen komfortablen Aufenthalt lieben, in dem sie v\u00f6llige Entspannung genie\u00dfen k\u00f6nnen, sind die Dienstleistungen, die wir unseren Kunden bieten. Das Schwimmbad, der Tennisplatz, der Lesesaal und der Weinkeller werden die Aktivit\u00e4ten Ihrer Urlaubstage angenehm machen. Die kostenpflichtige Garage im Hotel, der kostenlose Parkplatz in der Villa Luisa [&hellip;]<\/p>\n","protected":false},"author":26,"featured_media":0,"parent":0,"menu_order":60,"comment_status":"closed","ping_status":"closed","template":"template-services.php","meta":{"footnotes":""},"yoast_head":"<!-- This site is optimized with the Yoast SEO plugin v22.3 - https:\/\/yoast.com\/wordpress\/plugins\/seo\/ -->\n<title>Dienste &#183; Hotel Cannero &#183;<\/title>\n<meta name=\"description\" content=\"Was unsere Struktur ideal f\u00fcr diejenigen macht, die einen komfortablen Aufenthalt lieben, in dem sie v\u00f6llige Entspannung genie\u00dfen k\u00f6nnen, sind die Dienstleistungen, die wir unseren Kunden bieten. Das Schwimmbad, der Tennisplatz, der Lesesaal und der Weinkeller werden die Aktivit\u00e4ten Ihrer Urlaubstage angenehm machen. Die kostenpflichtige Garage im Hotel, der kostenlose Parkplatz in der Villa Luisa unweit des Hotels und die Ladestation f\u00fcr Elektroautos im Innenhof des Hotels nehmen Ihnen die Sorgen rund um die Mobilit\u00e4t mit dem Auto ab. Und vergessen wir nicht die kleinen Tierfreunde wie Hunde und Katzen, die gegen eine Geb\u00fchr akzeptiert werden, jedoch keinen Zutritt zum Poolbereich und nach eigenem Ermessen im Restaurantraum haben..\" \/>\n<meta name=\"robots\" content=\"index, follow, max-snippet:-1, max-image-preview:large, max-video-preview:-1\" \/>\n<link rel=\"canonical\" href=\"https:\/\/www.hotelcannero.com\/de\/dienste\/\" \/>\n<meta property=\"og:locale\" content=\"de_DE\" \/>\n<meta property=\"og:type\" content=\"article\" \/>\n<meta property=\"og:title\" content=\"Dienste &#183; Hotel Cannero &#183;\" \/>\n<meta property=\"og:description\" content=\"Was unsere Struktur ideal f\u00fcr diejenigen macht, die einen komfortablen Aufenthalt lieben, in dem sie v\u00f6llige Entspannung genie\u00dfen k\u00f6nnen, sind die Dienstleistungen, die wir unseren Kunden bieten. Das Schwimmbad, der Tennisplatz, der Lesesaal und der Weinkeller werden die Aktivit\u00e4ten Ihrer Urlaubstage angenehm machen. Die kostenpflichtige Garage im Hotel, der kostenlose Parkplatz in der Villa Luisa unweit des Hotels und die Ladestation f\u00fcr Elektroautos im Innenhof des Hotels nehmen Ihnen die Sorgen rund um die Mobilit\u00e4t mit dem Auto ab. Und vergessen wir nicht die kleinen Tierfreunde wie Hunde und Katzen, die gegen eine Geb\u00fchr akzeptiert werden, jedoch keinen Zutritt zum Poolbereich und nach eigenem Ermessen im Restaurantraum haben..\" \/>\n<meta property=\"og:url\" content=\"https:\/\/www.hotelcannero.com\/de\/dienste\/\" \/>\n<meta property=\"og:site_name\" content=\"Hotel Cannero\" \/>\n<meta property=\"article:modified_time\" content=\"2024-01-22T09:47:07+00:00\" \/>\n<meta name=\"twitter:card\" content=\"summary_large_image\" \/>\n<meta name=\"twitter:label1\" content=\"Gesch\u00e4tzte Lesezeit\" \/>\n\t<meta name=\"twitter:data1\" content=\"1 Minute\" \/>\n<script type=\"application\/ld+json\" class=\"yoast-schema-graph\">{\"@context\":\"https:\/\/schema.org\",\"@graph\":[{\"@type\":\"WebPage\",\"@id\":\"https:\/\/www.hotelcannero.com\/de\/dienste\/\",\"url\":\"https:\/\/www.hotelcannero.com\/de\/dienste\/\",\"name\":\"Dienste &#183; Hotel Cannero &#183;\",\"isPartOf\":{\"@id\":\"https:\/\/www.hotelcannero.com\/de\/#website\"},\"datePublished\":\"2023-05-17T08:26:10+00:00\",\"dateModified\":\"2024-01-22T09:47:07+00:00\",\"description\":\"Was unsere Struktur ideal f\u00fcr diejenigen macht, die einen komfortablen Aufenthalt lieben, in dem sie v\u00f6llige Entspannung genie\u00dfen k\u00f6nnen, sind die Dienstleistungen, die wir unseren Kunden bieten. Das Schwimmbad, der Tennisplatz, der Lesesaal und der Weinkeller werden die Aktivit\u00e4ten Ihrer Urlaubstage angenehm machen. Die kostenpflichtige Garage im Hotel, der kostenlose Parkplatz in der Villa Luisa unweit des Hotels und die Ladestation f\u00fcr Elektroautos im Innenhof des Hotels nehmen Ihnen die Sorgen rund um die Mobilit\u00e4t mit dem Auto ab. Und vergessen wir nicht die kleinen Tierfreunde wie Hunde und Katzen, die gegen eine Geb\u00fchr akzeptiert werden, jedoch keinen Zutritt zum Poolbereich und nach eigenem Ermessen im Restaurantraum haben..\",\"breadcrumb\":{\"@id\":\"https:\/\/www.hotelcannero.com\/de\/dienste\/#breadcrumb\"},\"inLanguage\":\"de-DE\",\"potentialAction\":[{\"@type\":\"ReadAction\",\"target\":[\"https:\/\/www.hotelcannero.com\/de\/dienste\/\"]}]},{\"@type\":\"BreadcrumbList\",\"@id\":\"https:\/\/www.hotelcannero.com\/de\/dienste\/#breadcrumb\",\"itemListElement\":[{\"@type\":\"ListItem\",\"position\":1,\"name\":\"Home\",\"item\":\"https:\/\/www.hotelcannero.com\/de\/\"},{\"@type\":\"ListItem\",\"position\":2,\"name\":\"Dienste\"}]},{\"@type\":\"WebSite\",\"@id\":\"https:\/\/www.hotelcannero.com\/de\/#website\",\"url\":\"https:\/\/www.hotelcannero.com\/de\/\",\"name\":\"Hotel Cannero\",\"description\":\"\",\"potentialAction\":[{\"@type\":\"SearchAction\",\"target\":{\"@type\":\"EntryPoint\",\"urlTemplate\":\"https:\/\/www.hotelcannero.com\/de\/?s={search_term_string}\"},\"query-input\":\"required name=search_term_string\"}],\"inLanguage\":\"de-DE\"}]}<\/script>\n<!-- \/ Yoast SEO plugin. -->","yoast_head_json":{"title":"Dienste &#183; Hotel Cannero &#183;","description":"Was unsere Struktur ideal f\u00fcr diejenigen macht, die einen komfortablen Aufenthalt lieben, in dem sie v\u00f6llige Entspannung genie\u00dfen k\u00f6nnen, sind die Dienstleistungen, die wir unseren Kunden bieten. Das Schwimmbad, der Tennisplatz, der Lesesaal und der Weinkeller werden die Aktivit\u00e4ten Ihrer Urlaubstage angenehm machen. Die kostenpflichtige Garage im Hotel, der kostenlose Parkplatz in der Villa Luisa unweit des Hotels und die Ladestation f\u00fcr Elektroautos im Innenhof des Hotels nehmen Ihnen die Sorgen rund um die Mobilit\u00e4t mit dem Auto ab. Und vergessen wir nicht die kleinen Tierfreunde wie Hunde und Katzen, die gegen eine Geb\u00fchr akzeptiert werden, jedoch keinen Zutritt zum Poolbereich und nach eigenem Ermessen im Restaurantraum haben..","robots":{"index":"index","follow":"follow","max-snippet":"max-snippet:-1","max-image-preview":"max-image-preview:large","max-video-preview":"max-video-preview:-1"},"canonical":"https:\/\/www.hotelcannero.com\/de\/dienste\/","og_locale":"de_DE","og_type":"article","og_title":"Dienste &#183; Hotel Cannero &#183;","og_description":"Was unsere Struktur ideal f\u00fcr diejenigen macht, die einen komfortablen Aufenthalt lieben, in dem sie v\u00f6llige Entspannung genie\u00dfen k\u00f6nnen, sind die Dienstleistungen, die wir unseren Kunden bieten. Das Schwimmbad, der Tennisplatz, der Lesesaal und der Weinkeller werden die Aktivit\u00e4ten Ihrer Urlaubstage angenehm machen. Die kostenpflichtige Garage im Hotel, der kostenlose Parkplatz in der Villa Luisa unweit des Hotels und die Ladestation f\u00fcr Elektroautos im Innenhof des Hotels nehmen Ihnen die Sorgen rund um die Mobilit\u00e4t mit dem Auto ab. Und vergessen wir nicht die kleinen Tierfreunde wie Hunde und Katzen, die gegen eine Geb\u00fchr akzeptiert werden, jedoch keinen Zutritt zum Poolbereich und nach eigenem Ermessen im Restaurantraum haben..","og_url":"https:\/\/www.hotelcannero.com\/de\/dienste\/","og_site_name":"Hotel Cannero","article_modified_time":"2024-01-22T09:47:07+00:00","twitter_card":"summary_large_image","twitter_misc":{"Gesch\u00e4tzte Lesezeit":"1 Minute"},"schema":{"@context":"https:\/\/schema.org","@graph":[{"@type":"WebPage","@id":"https:\/\/www.hotelcannero.com\/de\/dienste\/","url":"https:\/\/www.hotelcannero.com\/de\/dienste\/","name":"Dienste &#183; Hotel Cannero &#183;","isPartOf":{"@id":"https:\/\/www.hotelcannero.com\/de\/#website"},"datePublished":"2023-05-17T08:26:10+00:00","dateModified":"2024-01-22T09:47:07+00:00","description":"Was unsere Struktur ideal f\u00fcr diejenigen macht, die einen komfortablen Aufenthalt lieben, in dem sie v\u00f6llige Entspannung genie\u00dfen k\u00f6nnen, sind die Dienstleistungen, die wir unseren Kunden bieten. Das Schwimmbad, der Tennisplatz, der Lesesaal und der Weinkeller werden die Aktivit\u00e4ten Ihrer Urlaubstage angenehm machen. Die kostenpflichtige Garage im Hotel, der kostenlose Parkplatz in der Villa Luisa unweit des Hotels und die Ladestation f\u00fcr Elektroautos im Innenhof des Hotels nehmen Ihnen die Sorgen rund um die Mobilit\u00e4t mit dem Auto ab. Und vergessen wir nicht die kleinen Tierfreunde wie Hunde und Katzen, die gegen eine Geb\u00fchr akzeptiert werden, jedoch keinen Zutritt zum Poolbereich und nach eigenem Ermessen im Restaurantraum haben..","breadcrumb":{"@id":"https:\/\/www.hotelcannero.com\/de\/dienste\/#breadcrumb"},"inLanguage":"de-DE","potentialAction":[{"@type":"ReadAction","target":["https:\/\/www.hotelcannero.com\/de\/dienste\/"]}]},{"@type":"BreadcrumbList","@id":"https:\/\/www.hotelcannero.com\/de\/dienste\/#breadcrumb","itemListElement":[{"@type":"ListItem","position":1,"name":"Home","item":"https:\/\/www.hotelcannero.com\/de\/"},{"@type":"ListItem","position":2,"name":"Dienste"}]},{"@type":"WebSite","@id":"https:\/\/www.hotelcannero.com\/de\/#website","url":"https:\/\/www.hotelcannero.com\/de\/","name":"Hotel Cannero","description":"","potentialAction":[{"@type":"SearchAction","target":{"@type":"EntryPoint","urlTemplate":"https:\/\/www.hotelcannero.com\/de\/?s={search_term_string}"},"query-input":"required name=search_term_string"}],"inLanguage":"de-DE"}]}},"acf":[],"_links":{"self":[{"href":"https:\/\/www.hotelcannero.com\/de\/wp-json\/wp\/v2\/pages\/380"}],"collection":[{"href":"https:\/\/www.hotelcannero.com\/de\/wp-json\/wp\/v2\/pages"}],"about":[{"href":"https:\/\/www.hotelcannero.com\/de\/wp-json\/wp\/v2\/types\/page"}],"author":[{"embeddable":true,"href":"https:\/\/www.hotelcannero.com\/de\/wp-json\/wp\/v2\/users\/26"}],"replies":[{"embeddable":true,"href":"https:\/\/www.hotelcannero.com\/de\/wp-json\/wp\/v2\/comments?post=380"}],"version-history":[{"count":0,"href":"https:\/\/www.hotelcannero.com\/de\/wp-json\/wp\/v2\/pages\/380\/revisions"}],"wp:attachment":[{"href":"https:\/\/www.hotelcannero.com\/de\/wp-json\/wp\/v2\/media?parent=380"}],"curies":[{"name":"wp","href":"https:\/\/api.w.org\/{rel}","templated":true}]}}