{"id":383,"date":"2023-05-17T08:28:20","date_gmt":"2023-05-17T08:28:20","guid":{"rendered":"https:\/\/hotelcannero.ms2.decms.eu\/?page_id=383"},"modified":"2023-05-17T08:28:20","modified_gmt":"2023-05-17T08:28:20","slug":"gruene-mobilitaet","status":"publish","type":"page","link":"https:\/\/www.hotelcannero.com\/de\/dienste\/gruene-mobilitaet\/","title":{"rendered":"Gr\u00fcne mobilit\u00e4t"},"content":{"rendered":"<p>Nachhaltiges Reisen und R\u00fccksichtnahme auf die Umwelt, die uns umgibt, sind Teil unserer Vision. Daraus ergibt sich die Notwendigkeit, einen umweltfreundlichen Mobilit\u00e4tsdienst zu implementieren, der das Aufladen von Autos und den Verleih von Elektrofahrr\u00e4dern umfasst.<\/p>\n<p><strong>Automatisches aufladen<br \/>\n<\/strong>Es besteht die M\u00f6glichkeit, Ihr Auto aufzuladen, egal ob Elektro- oder Hybridauto. Es stehen zwei S\u00e4ulen mit jeweils zwei separaten TYP-2-Steckdosen mit einer maximalen Leistung von 22 kW zur Verf\u00fcgung, was einer Ausfallzeit von ca. 2 Stunden bei vollst\u00e4ndiger Aufladung entspricht.<\/p>\n","protected":false},"excerpt":{"rendered":"<p>Nachhaltiges Reisen und R\u00fccksichtnahme auf die Umwelt, die uns umgibt, sind Teil unserer Vision. Daraus ergibt sich die Notwendigkeit, einen umweltfreundlichen Mobilit\u00e4tsdienst zu implementieren, der das Aufladen von Autos und den Verleih von Elektrofahrr\u00e4dern umfasst. Automatisches aufladen Es besteht die M\u00f6glichkeit, Ihr Auto aufzuladen, egal ob Elektro- oder Hybridauto. Es stehen zwei S\u00e4ulen mit jeweils [&hellip;]<\/p>\n","protected":false},"author":26,"featured_media":0,"parent":380,"menu_order":50,"comment_status":"closed","ping_status":"closed","template":"template-single-service.php","meta":{"footnotes":""},"yoast_head":"<!-- This site is optimized with the Yoast SEO plugin v22.3 - https:\/\/yoast.com\/wordpress\/plugins\/seo\/ -->\n<title>Gr\u00fcne mobilit\u00e4t &#183; Hotel Cannero &#183;<\/title>\n<meta name=\"description\" content=\"Nachhaltiges Reisen und R\u00fccksichtnahme auf die Umwelt, die uns umgibt, sind Teil unserer Vision. Daraus ergibt sich die Notwendigkeit, einen umweltfreundlichen Mobilit\u00e4tsdienst zu implementieren, der das Aufladen von Autos und den Verleih von Elektrofahrr\u00e4dern umfasst.  Automatisches aufladen Es besteht die M\u00f6glichkeit, Ihr Auto aufzuladen, egal ob Elektro- oder Hybridauto\" \/>\n<meta name=\"robots\" content=\"index, follow, max-snippet:-1, max-image-preview:large, max-video-preview:-1\" \/>\n<link rel=\"canonical\" href=\"https:\/\/www.hotelcannero.com\/de\/dienste\/gruene-mobilitaet\/\" \/>\n<meta property=\"og:locale\" content=\"de_DE\" \/>\n<meta property=\"og:type\" content=\"article\" \/>\n<meta property=\"og:title\" content=\"Gr\u00fcne mobilit\u00e4t &#183; Hotel Cannero &#183;\" \/>\n<meta property=\"og:description\" content=\"Nachhaltiges Reisen und R\u00fccksichtnahme auf die Umwelt, die uns umgibt, sind Teil unserer Vision. Daraus ergibt sich die Notwendigkeit, einen umweltfreundlichen Mobilit\u00e4tsdienst zu implementieren, der das Aufladen von Autos und den Verleih von Elektrofahrr\u00e4dern umfasst.  Automatisches aufladen Es besteht die M\u00f6glichkeit, Ihr Auto aufzuladen, egal ob Elektro- oder Hybridauto\" \/>\n<meta property=\"og:url\" content=\"https:\/\/www.hotelcannero.com\/de\/dienste\/gruene-mobilitaet\/\" \/>\n<meta property=\"og:site_name\" content=\"Hotel Cannero\" \/>\n<meta name=\"twitter:card\" content=\"summary_large_image\" \/>\n<meta name=\"twitter:label1\" content=\"Gesch\u00e4tzte Lesezeit\" \/>\n\t<meta name=\"twitter:data1\" content=\"1 Minute\" \/>\n<script type=\"application\/ld+json\" class=\"yoast-schema-graph\">{\"@context\":\"https:\/\/schema.org\",\"@graph\":[{\"@type\":\"WebPage\",\"@id\":\"https:\/\/www.hotelcannero.com\/de\/dienste\/gruene-mobilitaet\/\",\"url\":\"https:\/\/www.hotelcannero.com\/de\/dienste\/gruene-mobilitaet\/\",\"name\":\"Gr\u00fcne mobilit\u00e4t &#183; Hotel Cannero &#183;\",\"isPartOf\":{\"@id\":\"https:\/\/www.hotelcannero.com\/de\/#website\"},\"datePublished\":\"2023-05-17T08:28:20+00:00\",\"dateModified\":\"2023-05-17T08:28:20+00:00\",\"description\":\"Nachhaltiges Reisen und R\u00fccksichtnahme auf die Umwelt, die uns umgibt, sind Teil unserer Vision. Daraus ergibt sich die Notwendigkeit, einen umweltfreundlichen Mobilit\u00e4tsdienst zu implementieren, der das Aufladen von Autos und den Verleih von Elektrofahrr\u00e4dern umfasst. Automatisches aufladen Es besteht die M\u00f6glichkeit, Ihr Auto aufzuladen, egal ob Elektro- oder Hybridauto\",\"breadcrumb\":{\"@id\":\"https:\/\/www.hotelcannero.com\/de\/dienste\/gruene-mobilitaet\/#breadcrumb\"},\"inLanguage\":\"de-DE\",\"potentialAction\":[{\"@type\":\"ReadAction\",\"target\":[\"https:\/\/www.hotelcannero.com\/de\/dienste\/gruene-mobilitaet\/\"]}]},{\"@type\":\"BreadcrumbList\",\"@id\":\"https:\/\/www.hotelcannero.com\/de\/dienste\/gruene-mobilitaet\/#breadcrumb\",\"itemListElement\":[{\"@type\":\"ListItem\",\"position\":1,\"name\":\"Home\",\"item\":\"https:\/\/www.hotelcannero.com\/de\/\"},{\"@type\":\"ListItem\",\"position\":2,\"name\":\"Dienste\",\"item\":\"https:\/\/www.hotelcannero.com\/de\/dienste\/\"},{\"@type\":\"ListItem\",\"position\":3,\"name\":\"Gr\u00fcne mobilit\u00e4t\"}]},{\"@type\":\"WebSite\",\"@id\":\"https:\/\/www.hotelcannero.com\/de\/#website\",\"url\":\"https:\/\/www.hotelcannero.com\/de\/\",\"name\":\"Hotel Cannero\",\"description\":\"\",\"potentialAction\":[{\"@type\":\"SearchAction\",\"target\":{\"@type\":\"EntryPoint\",\"urlTemplate\":\"https:\/\/www.hotelcannero.com\/de\/?s={search_term_string}\"},\"query-input\":\"required name=search_term_string\"}],\"inLanguage\":\"de-DE\"}]}<\/script>\n<!-- \/ Yoast SEO plugin. -->","yoast_head_json":{"title":"Gr\u00fcne mobilit\u00e4t &#183; Hotel Cannero &#183;","description":"Nachhaltiges Reisen und R\u00fccksichtnahme auf die Umwelt, die uns umgibt, sind Teil unserer Vision. Daraus ergibt sich die Notwendigkeit, einen umweltfreundlichen Mobilit\u00e4tsdienst zu implementieren, der das Aufladen von Autos und den Verleih von Elektrofahrr\u00e4dern umfasst.  Automatisches aufladen Es besteht die M\u00f6glichkeit, Ihr Auto aufzuladen, egal ob Elektro- oder Hybridauto","robots":{"index":"index","follow":"follow","max-snippet":"max-snippet:-1","max-image-preview":"max-image-preview:large","max-video-preview":"max-video-preview:-1"},"canonical":"https:\/\/www.hotelcannero.com\/de\/dienste\/gruene-mobilitaet\/","og_locale":"de_DE","og_type":"article","og_title":"Gr\u00fcne mobilit\u00e4t &#183; Hotel Cannero &#183;","og_description":"Nachhaltiges Reisen und R\u00fccksichtnahme auf die Umwelt, die uns umgibt, sind Teil unserer Vision. Daraus ergibt sich die Notwendigkeit, einen umweltfreundlichen Mobilit\u00e4tsdienst zu implementieren, der das Aufladen von Autos und den Verleih von Elektrofahrr\u00e4dern umfasst.  Automatisches aufladen Es besteht die M\u00f6glichkeit, Ihr Auto aufzuladen, egal ob Elektro- oder Hybridauto","og_url":"https:\/\/www.hotelcannero.com\/de\/dienste\/gruene-mobilitaet\/","og_site_name":"Hotel Cannero","twitter_card":"summary_large_image","twitter_misc":{"Gesch\u00e4tzte Lesezeit":"1 Minute"},"schema":{"@context":"https:\/\/schema.org","@graph":[{"@type":"WebPage","@id":"https:\/\/www.hotelcannero.com\/de\/dienste\/gruene-mobilitaet\/","url":"https:\/\/www.hotelcannero.com\/de\/dienste\/gruene-mobilitaet\/","name":"Gr\u00fcne mobilit\u00e4t &#183; Hotel Cannero &#183;","isPartOf":{"@id":"https:\/\/www.hotelcannero.com\/de\/#website"},"datePublished":"2023-05-17T08:28:20+00:00","dateModified":"2023-05-17T08:28:20+00:00","description":"Nachhaltiges Reisen und R\u00fccksichtnahme auf die Umwelt, die uns umgibt, sind Teil unserer Vision. Daraus ergibt sich die Notwendigkeit, einen umweltfreundlichen Mobilit\u00e4tsdienst zu implementieren, der das Aufladen von Autos und den Verleih von Elektrofahrr\u00e4dern umfasst. Automatisches aufladen Es besteht die M\u00f6glichkeit, Ihr Auto aufzuladen, egal ob Elektro- oder Hybridauto","breadcrumb":{"@id":"https:\/\/www.hotelcannero.com\/de\/dienste\/gruene-mobilitaet\/#breadcrumb"},"inLanguage":"de-DE","potentialAction":[{"@type":"ReadAction","target":["https:\/\/www.hotelcannero.com\/de\/dienste\/gruene-mobilitaet\/"]}]},{"@type":"BreadcrumbList","@id":"https:\/\/www.hotelcannero.com\/de\/dienste\/gruene-mobilitaet\/#breadcrumb","itemListElement":[{"@type":"ListItem","position":1,"name":"Home","item":"https:\/\/www.hotelcannero.com\/de\/"},{"@type":"ListItem","position":2,"name":"Dienste","item":"https:\/\/www.hotelcannero.com\/de\/dienste\/"},{"@type":"ListItem","position":3,"name":"Gr\u00fcne mobilit\u00e4t"}]},{"@type":"WebSite","@id":"https:\/\/www.hotelcannero.com\/de\/#website","url":"https:\/\/www.hotelcannero.com\/de\/","name":"Hotel Cannero","description":"","potentialAction":[{"@type":"SearchAction","target":{"@type":"EntryPoint","urlTemplate":"https:\/\/www.hotelcannero.com\/de\/?s={search_term_string}"},"query-input":"required name=search_term_string"}],"inLanguage":"de-DE"}]}},"acf":[],"_links":{"self":[{"href":"https:\/\/www.hotelcannero.com\/de\/wp-json\/wp\/v2\/pages\/383"}],"collection":[{"href":"https:\/\/www.hotelcannero.com\/de\/wp-json\/wp\/v2\/pages"}],"about":[{"href":"https:\/\/www.hotelcannero.com\/de\/wp-json\/wp\/v2\/types\/page"}],"author":[{"embeddable":true,"href":"https:\/\/www.hotelcannero.com\/de\/wp-json\/wp\/v2\/users\/26"}],"replies":[{"embeddable":true,"href":"https:\/\/www.hotelcannero.com\/de\/wp-json\/wp\/v2\/comments?post=383"}],"version-history":[{"count":0,"href":"https:\/\/www.hotelcannero.com\/de\/wp-json\/wp\/v2\/pages\/383\/revisions"}],"up":[{"embeddable":true,"href":"https:\/\/www.hotelcannero.com\/de\/wp-json\/wp\/v2\/pages\/380"}],"wp:attachment":[{"href":"https:\/\/www.hotelcannero.com\/de\/wp-json\/wp\/v2\/media?parent=383"}],"curies":[{"name":"wp","href":"https:\/\/api.w.org\/{rel}","templated":true}]}}