{"id":384,"date":"2023-05-17T08:28:43","date_gmt":"2023-05-17T08:28:43","guid":{"rendered":"https:\/\/hotelcannero.ms2.decms.eu\/?page_id=384"},"modified":"2023-05-17T08:28:43","modified_gmt":"2023-05-17T08:28:43","slug":"keller","status":"publish","type":"page","link":"https:\/\/www.hotelcannero.com\/de\/dienste\/keller\/","title":{"rendered":"Keller"},"content":{"rendered":"<p>Wenige Meter vom Eingang entfernt k\u00f6nnen Sie den Keller besichtigen. Ein spezieller Bereich, in dem Sie die Auswahl unserer Weine bei Verkostungen und Aperitifs kennenlernen und sch\u00e4tzen k\u00f6nnen. Die Produkte, die w\u00e4hrend dieser Geschmacksreisen konsumiert werden, stehen auch zum Verkauf.<\/p>\n<p>Der Ma\u00eetre des Hotels steht Ihnen f\u00fcr alle Anfragen und Informationen zur Verf\u00fcgung und das Personal an der Rezeption steht Ihnen f\u00fcr Reservierungen zur Verf\u00fcgung.<\/p>\n","protected":false},"excerpt":{"rendered":"<p>Wenige Meter vom Eingang entfernt k\u00f6nnen Sie den Keller besichtigen. Ein spezieller Bereich, in dem Sie die Auswahl unserer Weine bei Verkostungen und Aperitifs kennenlernen und sch\u00e4tzen k\u00f6nnen. Die Produkte, die w\u00e4hrend dieser Geschmacksreisen konsumiert werden, stehen auch zum Verkauf. Der Ma\u00eetre des Hotels steht Ihnen f\u00fcr alle Anfragen und Informationen zur Verf\u00fcgung und das [&hellip;]<\/p>\n","protected":false},"author":26,"featured_media":0,"parent":380,"menu_order":20,"comment_status":"closed","ping_status":"closed","template":"template-single-service.php","meta":{"footnotes":""},"class_list":["post-384","page","type-page","status-publish","hentry"],"yoast_head":"<!-- This site is optimized with the Yoast SEO plugin v27.3 - https:\/\/yoast.com\/product\/yoast-seo-wordpress\/ -->\n<title>Keller &#183; Hotel Cannero &#183;<\/title>\n<meta name=\"description\" content=\"Wenige Meter vom Eingang entfernt k\u00f6nnen Sie den Keller besichtigen. Ein spezieller Bereich, in dem Sie die Auswahl unserer Weine bei Verkostungen und Aperitifs kennenlernen und sch\u00e4tzen k\u00f6nnen\" \/>\n<meta name=\"robots\" content=\"index, follow, max-snippet:-1, max-image-preview:large, max-video-preview:-1\" \/>\n<link rel=\"canonical\" href=\"https:\/\/www.hotelcannero.com\/de\/dienste\/keller\/\" \/>\n<meta property=\"og:locale\" content=\"de_DE\" \/>\n<meta property=\"og:type\" content=\"article\" \/>\n<meta property=\"og:title\" content=\"Keller &#183; Hotel Cannero &#183;\" \/>\n<meta property=\"og:description\" content=\"Wenige Meter vom Eingang entfernt k\u00f6nnen Sie den Keller besichtigen. Ein spezieller Bereich, in dem Sie die Auswahl unserer Weine bei Verkostungen und Aperitifs kennenlernen und sch\u00e4tzen k\u00f6nnen\" \/>\n<meta property=\"og:url\" content=\"https:\/\/www.hotelcannero.com\/de\/dienste\/keller\/\" \/>\n<meta property=\"og:site_name\" content=\"Hotel Cannero\" \/>\n<meta name=\"twitter:card\" content=\"summary_large_image\" \/>\n<meta name=\"twitter:label1\" content=\"Gesch\u00e4tzte Lesezeit\" \/>\n\t<meta name=\"twitter:data1\" content=\"1 Minute\" \/>\n<script type=\"application\/ld+json\" class=\"yoast-schema-graph\">{\"@context\":\"https:\\\/\\\/schema.org\",\"@graph\":[{\"@type\":\"WebPage\",\"@id\":\"https:\\\/\\\/www.hotelcannero.com\\\/de\\\/dienste\\\/keller\\\/\",\"url\":\"https:\\\/\\\/www.hotelcannero.com\\\/de\\\/dienste\\\/keller\\\/\",\"name\":\"Keller &#183; Hotel Cannero &#183;\",\"isPartOf\":{\"@id\":\"https:\\\/\\\/www.hotelcannero.com\\\/de\\\/#website\"},\"datePublished\":\"2023-05-17T08:28:43+00:00\",\"description\":\"Wenige Meter vom Eingang entfernt k\u00f6nnen Sie den Keller besichtigen. Ein spezieller Bereich, in dem Sie die Auswahl unserer Weine bei Verkostungen und Aperitifs kennenlernen und sch\u00e4tzen k\u00f6nnen\",\"breadcrumb\":{\"@id\":\"https:\\\/\\\/www.hotelcannero.com\\\/de\\\/dienste\\\/keller\\\/#breadcrumb\"},\"inLanguage\":\"de-DE\",\"potentialAction\":[{\"@type\":\"ReadAction\",\"target\":[\"https:\\\/\\\/www.hotelcannero.com\\\/de\\\/dienste\\\/keller\\\/\"]}]},{\"@type\":\"BreadcrumbList\",\"@id\":\"https:\\\/\\\/www.hotelcannero.com\\\/de\\\/dienste\\\/keller\\\/#breadcrumb\",\"itemListElement\":[{\"@type\":\"ListItem\",\"position\":1,\"name\":\"Home\",\"item\":\"https:\\\/\\\/www.hotelcannero.com\\\/de\\\/\"},{\"@type\":\"ListItem\",\"position\":2,\"name\":\"Dienste\",\"item\":\"https:\\\/\\\/www.hotelcannero.com\\\/de\\\/dienste\\\/\"},{\"@type\":\"ListItem\",\"position\":3,\"name\":\"Keller\"}]},{\"@type\":\"WebSite\",\"@id\":\"https:\\\/\\\/www.hotelcannero.com\\\/de\\\/#website\",\"url\":\"https:\\\/\\\/www.hotelcannero.com\\\/de\\\/\",\"name\":\"Hotel Cannero\",\"description\":\"\",\"potentialAction\":[{\"@type\":\"SearchAction\",\"target\":{\"@type\":\"EntryPoint\",\"urlTemplate\":\"https:\\\/\\\/www.hotelcannero.com\\\/de\\\/?s={search_term_string}\"},\"query-input\":{\"@type\":\"PropertyValueSpecification\",\"valueRequired\":true,\"valueName\":\"search_term_string\"}}],\"inLanguage\":\"de-DE\"}]}<\/script>\n<!-- \/ Yoast SEO plugin. -->","yoast_head_json":{"title":"Keller &#183; Hotel Cannero &#183;","description":"Wenige Meter vom Eingang entfernt k\u00f6nnen Sie den Keller besichtigen. Ein spezieller Bereich, in dem Sie die Auswahl unserer Weine bei Verkostungen und Aperitifs kennenlernen und sch\u00e4tzen k\u00f6nnen","robots":{"index":"index","follow":"follow","max-snippet":"max-snippet:-1","max-image-preview":"max-image-preview:large","max-video-preview":"max-video-preview:-1"},"canonical":"https:\/\/www.hotelcannero.com\/de\/dienste\/keller\/","og_locale":"de_DE","og_type":"article","og_title":"Keller &#183; Hotel Cannero &#183;","og_description":"Wenige Meter vom Eingang entfernt k\u00f6nnen Sie den Keller besichtigen. Ein spezieller Bereich, in dem Sie die Auswahl unserer Weine bei Verkostungen und Aperitifs kennenlernen und sch\u00e4tzen k\u00f6nnen","og_url":"https:\/\/www.hotelcannero.com\/de\/dienste\/keller\/","og_site_name":"Hotel Cannero","twitter_card":"summary_large_image","twitter_misc":{"Gesch\u00e4tzte Lesezeit":"1 Minute"},"schema":{"@context":"https:\/\/schema.org","@graph":[{"@type":"WebPage","@id":"https:\/\/www.hotelcannero.com\/de\/dienste\/keller\/","url":"https:\/\/www.hotelcannero.com\/de\/dienste\/keller\/","name":"Keller &#183; Hotel Cannero &#183;","isPartOf":{"@id":"https:\/\/www.hotelcannero.com\/de\/#website"},"datePublished":"2023-05-17T08:28:43+00:00","description":"Wenige Meter vom Eingang entfernt k\u00f6nnen Sie den Keller besichtigen. Ein spezieller Bereich, in dem Sie die Auswahl unserer Weine bei Verkostungen und Aperitifs kennenlernen und sch\u00e4tzen k\u00f6nnen","breadcrumb":{"@id":"https:\/\/www.hotelcannero.com\/de\/dienste\/keller\/#breadcrumb"},"inLanguage":"de-DE","potentialAction":[{"@type":"ReadAction","target":["https:\/\/www.hotelcannero.com\/de\/dienste\/keller\/"]}]},{"@type":"BreadcrumbList","@id":"https:\/\/www.hotelcannero.com\/de\/dienste\/keller\/#breadcrumb","itemListElement":[{"@type":"ListItem","position":1,"name":"Home","item":"https:\/\/www.hotelcannero.com\/de\/"},{"@type":"ListItem","position":2,"name":"Dienste","item":"https:\/\/www.hotelcannero.com\/de\/dienste\/"},{"@type":"ListItem","position":3,"name":"Keller"}]},{"@type":"WebSite","@id":"https:\/\/www.hotelcannero.com\/de\/#website","url":"https:\/\/www.hotelcannero.com\/de\/","name":"Hotel Cannero","description":"","potentialAction":[{"@type":"SearchAction","target":{"@type":"EntryPoint","urlTemplate":"https:\/\/www.hotelcannero.com\/de\/?s={search_term_string}"},"query-input":{"@type":"PropertyValueSpecification","valueRequired":true,"valueName":"search_term_string"}}],"inLanguage":"de-DE"}]}},"acf":[],"_links":{"self":[{"href":"https:\/\/www.hotelcannero.com\/de\/wp-json\/wp\/v2\/pages\/384","targetHints":{"allow":["GET"]}}],"collection":[{"href":"https:\/\/www.hotelcannero.com\/de\/wp-json\/wp\/v2\/pages"}],"about":[{"href":"https:\/\/www.hotelcannero.com\/de\/wp-json\/wp\/v2\/types\/page"}],"author":[{"embeddable":true,"href":"https:\/\/www.hotelcannero.com\/de\/wp-json\/wp\/v2\/users\/26"}],"replies":[{"embeddable":true,"href":"https:\/\/www.hotelcannero.com\/de\/wp-json\/wp\/v2\/comments?post=384"}],"version-history":[{"count":0,"href":"https:\/\/www.hotelcannero.com\/de\/wp-json\/wp\/v2\/pages\/384\/revisions"}],"up":[{"embeddable":true,"href":"https:\/\/www.hotelcannero.com\/de\/wp-json\/wp\/v2\/pages\/380"}],"wp:attachment":[{"href":"https:\/\/www.hotelcannero.com\/de\/wp-json\/wp\/v2\/media?parent=384"}],"curies":[{"name":"wp","href":"https:\/\/api.w.org\/{rel}","templated":true}]}}