{"id":385,"date":"2023-05-17T08:33:04","date_gmt":"2023-05-17T08:33:04","guid":{"rendered":"https:\/\/hotelcannero.ms2.decms.eu\/?page_id=385"},"modified":"2023-05-17T08:33:04","modified_gmt":"2023-05-17T08:33:04","slug":"schwimmbad","status":"publish","type":"page","link":"https:\/\/www.hotelcannero.com\/de\/dienste\/schwimmbad\/","title":{"rendered":"Schwimmbad"},"content":{"rendered":"<p>Der Swimmingpool befindet sich im hinteren Teil des Geb\u00e4udes, inmitten der Blumen des Gartens.<\/p>\n<p>Es verf\u00fcgt \u00fcber einen Solariumbereich mit bequemen Sonnenliegen und Sonnenschirmen f\u00fcr entspannte Momente in der Sonne. Dar\u00fcber hinaus wird es w\u00e4hrend der \u00d6ffnungszeiten stets von einem qualifizierten Rettungsschwimmer kontrolliert und beaufsichtigt.<\/p>\n","protected":false},"excerpt":{"rendered":"<p>Der Swimmingpool befindet sich im hinteren Teil des Geb\u00e4udes, inmitten der Blumen des Gartens. Es verf\u00fcgt \u00fcber einen Solariumbereich mit bequemen Sonnenliegen und Sonnenschirmen f\u00fcr entspannte Momente in der Sonne. Dar\u00fcber hinaus wird es w\u00e4hrend der \u00d6ffnungszeiten stets von einem qualifizierten Rettungsschwimmer kontrolliert und beaufsichtigt.<\/p>\n","protected":false},"author":26,"featured_media":0,"parent":380,"menu_order":30,"comment_status":"closed","ping_status":"closed","template":"template-single-service.php","meta":{"footnotes":""},"yoast_head":"<!-- This site is optimized with the Yoast SEO plugin v22.3 - https:\/\/yoast.com\/wordpress\/plugins\/seo\/ -->\n<title>Schwimmbad &#183; Hotel Cannero &#183;<\/title>\n<meta name=\"description\" content=\"Der Swimmingpool befindet sich im hinteren Teil des Geb\u00e4udes, inmitten der Blumen des Gartens.  Es verf\u00fcgt \u00fcber einen Solariumbereich mit bequemen Sonnenliegen und Sonnenschirmen f\u00fcr entspannte Momente in der Sonne. Dar\u00fcber hinaus wird es w\u00e4hrend der \u00d6ffnungszeiten stets von einem qualifizierten Rettungsschwimmer kontrolliert und beaufsichtigt.\" \/>\n<meta name=\"robots\" content=\"index, follow, max-snippet:-1, max-image-preview:large, max-video-preview:-1\" \/>\n<link rel=\"canonical\" href=\"https:\/\/www.hotelcannero.com\/de\/dienste\/schwimmbad\/\" \/>\n<meta property=\"og:locale\" content=\"de_DE\" \/>\n<meta property=\"og:type\" content=\"article\" \/>\n<meta property=\"og:title\" content=\"Schwimmbad &#183; Hotel Cannero &#183;\" \/>\n<meta property=\"og:description\" content=\"Der Swimmingpool befindet sich im hinteren Teil des Geb\u00e4udes, inmitten der Blumen des Gartens.  Es verf\u00fcgt \u00fcber einen Solariumbereich mit bequemen Sonnenliegen und Sonnenschirmen f\u00fcr entspannte Momente in der Sonne. Dar\u00fcber hinaus wird es w\u00e4hrend der \u00d6ffnungszeiten stets von einem qualifizierten Rettungsschwimmer kontrolliert und beaufsichtigt.\" \/>\n<meta property=\"og:url\" content=\"https:\/\/www.hotelcannero.com\/de\/dienste\/schwimmbad\/\" \/>\n<meta property=\"og:site_name\" content=\"Hotel Cannero\" \/>\n<meta name=\"twitter:card\" content=\"summary_large_image\" \/>\n<script type=\"application\/ld+json\" class=\"yoast-schema-graph\">{\"@context\":\"https:\/\/schema.org\",\"@graph\":[{\"@type\":\"WebPage\",\"@id\":\"https:\/\/www.hotelcannero.com\/de\/dienste\/schwimmbad\/\",\"url\":\"https:\/\/www.hotelcannero.com\/de\/dienste\/schwimmbad\/\",\"name\":\"Schwimmbad &#183; Hotel Cannero &#183;\",\"isPartOf\":{\"@id\":\"https:\/\/www.hotelcannero.com\/de\/#website\"},\"datePublished\":\"2023-05-17T08:33:04+00:00\",\"dateModified\":\"2023-05-17T08:33:04+00:00\",\"description\":\"Der Swimmingpool befindet sich im hinteren Teil des Geb\u00e4udes, inmitten der Blumen des Gartens. Es verf\u00fcgt \u00fcber einen Solariumbereich mit bequemen Sonnenliegen und Sonnenschirmen f\u00fcr entspannte Momente in der Sonne. Dar\u00fcber hinaus wird es w\u00e4hrend der \u00d6ffnungszeiten stets von einem qualifizierten Rettungsschwimmer kontrolliert und beaufsichtigt.\",\"breadcrumb\":{\"@id\":\"https:\/\/www.hotelcannero.com\/de\/dienste\/schwimmbad\/#breadcrumb\"},\"inLanguage\":\"de-DE\",\"potentialAction\":[{\"@type\":\"ReadAction\",\"target\":[\"https:\/\/www.hotelcannero.com\/de\/dienste\/schwimmbad\/\"]}]},{\"@type\":\"BreadcrumbList\",\"@id\":\"https:\/\/www.hotelcannero.com\/de\/dienste\/schwimmbad\/#breadcrumb\",\"itemListElement\":[{\"@type\":\"ListItem\",\"position\":1,\"name\":\"Home\",\"item\":\"https:\/\/www.hotelcannero.com\/de\/\"},{\"@type\":\"ListItem\",\"position\":2,\"name\":\"Dienste\",\"item\":\"https:\/\/www.hotelcannero.com\/de\/dienste\/\"},{\"@type\":\"ListItem\",\"position\":3,\"name\":\"Schwimmbad\"}]},{\"@type\":\"WebSite\",\"@id\":\"https:\/\/www.hotelcannero.com\/de\/#website\",\"url\":\"https:\/\/www.hotelcannero.com\/de\/\",\"name\":\"Hotel Cannero\",\"description\":\"\",\"potentialAction\":[{\"@type\":\"SearchAction\",\"target\":{\"@type\":\"EntryPoint\",\"urlTemplate\":\"https:\/\/www.hotelcannero.com\/de\/?s={search_term_string}\"},\"query-input\":\"required name=search_term_string\"}],\"inLanguage\":\"de-DE\"}]}<\/script>\n<!-- \/ Yoast SEO plugin. -->","yoast_head_json":{"title":"Schwimmbad &#183; Hotel Cannero &#183;","description":"Der Swimmingpool befindet sich im hinteren Teil des Geb\u00e4udes, inmitten der Blumen des Gartens.  Es verf\u00fcgt \u00fcber einen Solariumbereich mit bequemen Sonnenliegen und Sonnenschirmen f\u00fcr entspannte Momente in der Sonne. Dar\u00fcber hinaus wird es w\u00e4hrend der \u00d6ffnungszeiten stets von einem qualifizierten Rettungsschwimmer kontrolliert und beaufsichtigt.","robots":{"index":"index","follow":"follow","max-snippet":"max-snippet:-1","max-image-preview":"max-image-preview:large","max-video-preview":"max-video-preview:-1"},"canonical":"https:\/\/www.hotelcannero.com\/de\/dienste\/schwimmbad\/","og_locale":"de_DE","og_type":"article","og_title":"Schwimmbad &#183; Hotel Cannero &#183;","og_description":"Der Swimmingpool befindet sich im hinteren Teil des Geb\u00e4udes, inmitten der Blumen des Gartens.  Es verf\u00fcgt \u00fcber einen Solariumbereich mit bequemen Sonnenliegen und Sonnenschirmen f\u00fcr entspannte Momente in der Sonne. Dar\u00fcber hinaus wird es w\u00e4hrend der \u00d6ffnungszeiten stets von einem qualifizierten Rettungsschwimmer kontrolliert und beaufsichtigt.","og_url":"https:\/\/www.hotelcannero.com\/de\/dienste\/schwimmbad\/","og_site_name":"Hotel Cannero","twitter_card":"summary_large_image","schema":{"@context":"https:\/\/schema.org","@graph":[{"@type":"WebPage","@id":"https:\/\/www.hotelcannero.com\/de\/dienste\/schwimmbad\/","url":"https:\/\/www.hotelcannero.com\/de\/dienste\/schwimmbad\/","name":"Schwimmbad &#183; Hotel Cannero &#183;","isPartOf":{"@id":"https:\/\/www.hotelcannero.com\/de\/#website"},"datePublished":"2023-05-17T08:33:04+00:00","dateModified":"2023-05-17T08:33:04+00:00","description":"Der Swimmingpool befindet sich im hinteren Teil des Geb\u00e4udes, inmitten der Blumen des Gartens. Es verf\u00fcgt \u00fcber einen Solariumbereich mit bequemen Sonnenliegen und Sonnenschirmen f\u00fcr entspannte Momente in der Sonne. Dar\u00fcber hinaus wird es w\u00e4hrend der \u00d6ffnungszeiten stets von einem qualifizierten Rettungsschwimmer kontrolliert und beaufsichtigt.","breadcrumb":{"@id":"https:\/\/www.hotelcannero.com\/de\/dienste\/schwimmbad\/#breadcrumb"},"inLanguage":"de-DE","potentialAction":[{"@type":"ReadAction","target":["https:\/\/www.hotelcannero.com\/de\/dienste\/schwimmbad\/"]}]},{"@type":"BreadcrumbList","@id":"https:\/\/www.hotelcannero.com\/de\/dienste\/schwimmbad\/#breadcrumb","itemListElement":[{"@type":"ListItem","position":1,"name":"Home","item":"https:\/\/www.hotelcannero.com\/de\/"},{"@type":"ListItem","position":2,"name":"Dienste","item":"https:\/\/www.hotelcannero.com\/de\/dienste\/"},{"@type":"ListItem","position":3,"name":"Schwimmbad"}]},{"@type":"WebSite","@id":"https:\/\/www.hotelcannero.com\/de\/#website","url":"https:\/\/www.hotelcannero.com\/de\/","name":"Hotel Cannero","description":"","potentialAction":[{"@type":"SearchAction","target":{"@type":"EntryPoint","urlTemplate":"https:\/\/www.hotelcannero.com\/de\/?s={search_term_string}"},"query-input":"required name=search_term_string"}],"inLanguage":"de-DE"}]}},"acf":[],"_links":{"self":[{"href":"https:\/\/www.hotelcannero.com\/de\/wp-json\/wp\/v2\/pages\/385"}],"collection":[{"href":"https:\/\/www.hotelcannero.com\/de\/wp-json\/wp\/v2\/pages"}],"about":[{"href":"https:\/\/www.hotelcannero.com\/de\/wp-json\/wp\/v2\/types\/page"}],"author":[{"embeddable":true,"href":"https:\/\/www.hotelcannero.com\/de\/wp-json\/wp\/v2\/users\/26"}],"replies":[{"embeddable":true,"href":"https:\/\/www.hotelcannero.com\/de\/wp-json\/wp\/v2\/comments?post=385"}],"version-history":[{"count":0,"href":"https:\/\/www.hotelcannero.com\/de\/wp-json\/wp\/v2\/pages\/385\/revisions"}],"up":[{"embeddable":true,"href":"https:\/\/www.hotelcannero.com\/de\/wp-json\/wp\/v2\/pages\/380"}],"wp:attachment":[{"href":"https:\/\/www.hotelcannero.com\/de\/wp-json\/wp\/v2\/media?parent=385"}],"curies":[{"name":"wp","href":"https:\/\/api.w.org\/{rel}","templated":true}]}}