{"id":467,"date":"2023-05-17T10:45:57","date_gmt":"2023-05-17T10:45:57","guid":{"rendered":"https:\/\/hotelcannero.ms2.decms.eu\/?page_id=467"},"modified":"2023-05-17T10:45:57","modified_gmt":"2023-05-17T10:45:57","slug":"gebiet-und-aktivitaeten","status":"publish","type":"page","link":"https:\/\/www.hotelcannero.com\/de\/gebiet-und-aktivitaeten\/","title":{"rendered":"Gebiet und Aktivit\u00e4ten"},"content":{"rendered":"<p>Wir befinden uns in Italien, im Norden der Region Piemont, im oberen Verbano in Italien und nur wenige Kilometer von der Schweiz entfernt (ca. 8 km von der italienisch-schweizerischen Grenze entfernt).<\/p>\n<p>Vor uns liegt der Lago Maggiore und hinter uns die Bergkette der Alpen.<\/p>\n<p>Der See garantiert uns milde Winter und angenehme Sommer, w\u00e4rmt uns im Winter und k\u00fchlt uns im Sommer, w\u00e4hrend die Berge uns im Winter vor kalten Str\u00f6mungen sch\u00fctzen und im Sommer frische Brisen verbreiten. Diese nat\u00fcrlichen Elemente sind die Architekten unseres milden Klimas, das die Entwicklung einer reichen und fast mediterranen Flora erm\u00f6glicht: Die Cannero-G\u00e4rten sind ber\u00fchmt f\u00fcr die in China heimischen Pflanzen wie Kamelien und Azaleen, aber auch f\u00fcr Orangen-, Zitronen- und andere Zitrusb\u00e4ume Fr\u00fcchte oder die Grandiflora-Magnolien, die unsere Alleen parf\u00fcmieren. Die W\u00e4lder, die uns umgeben, sind reich an Kastanien-, Buchen-, Eichen- und L\u00e4rchenb\u00e4umen. Unsere Hauptaktivit\u00e4ten und die unserer G\u00e4ste h\u00e4ngen mit diesem Klima und den Besonderheiten der Region zusammen:<\/p>\n","protected":false},"excerpt":{"rendered":"<p>Wir befinden uns in Italien, im Norden der Region Piemont, im oberen Verbano in Italien und nur wenige Kilometer von der Schweiz entfernt (ca. 8 km von der italienisch-schweizerischen Grenze entfernt). Vor uns liegt der Lago Maggiore und hinter uns die Bergkette der Alpen. Der See garantiert uns milde Winter und angenehme Sommer, w\u00e4rmt uns [&hellip;]<\/p>\n","protected":false},"author":26,"featured_media":0,"parent":0,"menu_order":70,"comment_status":"closed","ping_status":"closed","template":"template-default-3.php","meta":{"footnotes":""},"class_list":["post-467","page","type-page","status-publish","hentry"],"yoast_head":"<!-- This site is optimized with the Yoast SEO plugin v27.3 - https:\/\/yoast.com\/product\/yoast-seo-wordpress\/ -->\n<title>Gebiet und Aktivit\u00e4ten &#183; Hotel Cannero &#183;<\/title>\n<meta name=\"description\" content=\"Wir befinden uns in Italien, im Norden der Region Piemont, im oberen Verbano in Italien und nur wenige Kilometer von der Schweiz entfernt (ca. 8 km von der italienisch-schweizerischen Grenze entfernt).  Vor uns liegt der Lago Maggiore und hinter uns die Bergkette der Alpen.  Der See garantiert uns milde Winter und angenehme Sommer, w\u00e4rmt uns im Winter und k\u00fchlt uns im Sommer, w\u00e4hrend die Berge uns im Winter vor kalten Str\u00f6mungen sch\u00fctzen und im Sommer frische Brisen verbreiten\" \/>\n<meta name=\"robots\" content=\"index, follow, max-snippet:-1, max-image-preview:large, max-video-preview:-1\" \/>\n<link rel=\"canonical\" href=\"https:\/\/www.hotelcannero.com\/de\/gebiet-und-aktivitaeten\/\" \/>\n<meta property=\"og:locale\" content=\"de_DE\" \/>\n<meta property=\"og:type\" content=\"article\" \/>\n<meta property=\"og:title\" content=\"Gebiet und Aktivit\u00e4ten &#183; Hotel Cannero &#183;\" \/>\n<meta property=\"og:description\" content=\"Wir befinden uns in Italien, im Norden der Region Piemont, im oberen Verbano in Italien und nur wenige Kilometer von der Schweiz entfernt (ca. 8 km von der italienisch-schweizerischen Grenze entfernt).  Vor uns liegt der Lago Maggiore und hinter uns die Bergkette der Alpen.  Der See garantiert uns milde Winter und angenehme Sommer, w\u00e4rmt uns im Winter und k\u00fchlt uns im Sommer, w\u00e4hrend die Berge uns im Winter vor kalten Str\u00f6mungen sch\u00fctzen und im Sommer frische Brisen verbreiten\" \/>\n<meta property=\"og:url\" content=\"https:\/\/www.hotelcannero.com\/de\/gebiet-und-aktivitaeten\/\" \/>\n<meta property=\"og:site_name\" content=\"Hotel Cannero\" \/>\n<meta name=\"twitter:card\" content=\"summary_large_image\" \/>\n<script type=\"application\/ld+json\" class=\"yoast-schema-graph\">{\"@context\":\"https:\\\/\\\/schema.org\",\"@graph\":[{\"@type\":\"WebPage\",\"@id\":\"https:\\\/\\\/www.hotelcannero.com\\\/de\\\/gebiet-und-aktivitaeten\\\/\",\"url\":\"https:\\\/\\\/www.hotelcannero.com\\\/de\\\/gebiet-und-aktivitaeten\\\/\",\"name\":\"Gebiet und Aktivit\u00e4ten &#183; Hotel Cannero &#183;\",\"isPartOf\":{\"@id\":\"https:\\\/\\\/www.hotelcannero.com\\\/de\\\/#website\"},\"datePublished\":\"2023-05-17T10:45:57+00:00\",\"description\":\"Wir befinden uns in Italien, im Norden der Region Piemont, im oberen Verbano in Italien und nur wenige Kilometer von der Schweiz entfernt (ca. 8 km von der italienisch-schweizerischen Grenze entfernt). Vor uns liegt der Lago Maggiore und hinter uns die Bergkette der Alpen. Der See garantiert uns milde Winter und angenehme Sommer, w\u00e4rmt uns im Winter und k\u00fchlt uns im Sommer, w\u00e4hrend die Berge uns im Winter vor kalten Str\u00f6mungen sch\u00fctzen und im Sommer frische Brisen verbreiten\",\"breadcrumb\":{\"@id\":\"https:\\\/\\\/www.hotelcannero.com\\\/de\\\/gebiet-und-aktivitaeten\\\/#breadcrumb\"},\"inLanguage\":\"de-DE\",\"potentialAction\":[{\"@type\":\"ReadAction\",\"target\":[\"https:\\\/\\\/www.hotelcannero.com\\\/de\\\/gebiet-und-aktivitaeten\\\/\"]}]},{\"@type\":\"BreadcrumbList\",\"@id\":\"https:\\\/\\\/www.hotelcannero.com\\\/de\\\/gebiet-und-aktivitaeten\\\/#breadcrumb\",\"itemListElement\":[{\"@type\":\"ListItem\",\"position\":1,\"name\":\"Home\",\"item\":\"https:\\\/\\\/www.hotelcannero.com\\\/de\\\/\"},{\"@type\":\"ListItem\",\"position\":2,\"name\":\"Gebiet und Aktivit\u00e4ten\"}]},{\"@type\":\"WebSite\",\"@id\":\"https:\\\/\\\/www.hotelcannero.com\\\/de\\\/#website\",\"url\":\"https:\\\/\\\/www.hotelcannero.com\\\/de\\\/\",\"name\":\"Hotel Cannero\",\"description\":\"\",\"potentialAction\":[{\"@type\":\"SearchAction\",\"target\":{\"@type\":\"EntryPoint\",\"urlTemplate\":\"https:\\\/\\\/www.hotelcannero.com\\\/de\\\/?s={search_term_string}\"},\"query-input\":{\"@type\":\"PropertyValueSpecification\",\"valueRequired\":true,\"valueName\":\"search_term_string\"}}],\"inLanguage\":\"de-DE\"}]}<\/script>\n<!-- \/ Yoast SEO plugin. -->","yoast_head_json":{"title":"Gebiet und Aktivit\u00e4ten &#183; Hotel Cannero &#183;","description":"Wir befinden uns in Italien, im Norden der Region Piemont, im oberen Verbano in Italien und nur wenige Kilometer von der Schweiz entfernt (ca. 8 km von der italienisch-schweizerischen Grenze entfernt).  Vor uns liegt der Lago Maggiore und hinter uns die Bergkette der Alpen.  Der See garantiert uns milde Winter und angenehme Sommer, w\u00e4rmt uns im Winter und k\u00fchlt uns im Sommer, w\u00e4hrend die Berge uns im Winter vor kalten Str\u00f6mungen sch\u00fctzen und im Sommer frische Brisen verbreiten","robots":{"index":"index","follow":"follow","max-snippet":"max-snippet:-1","max-image-preview":"max-image-preview:large","max-video-preview":"max-video-preview:-1"},"canonical":"https:\/\/www.hotelcannero.com\/de\/gebiet-und-aktivitaeten\/","og_locale":"de_DE","og_type":"article","og_title":"Gebiet und Aktivit\u00e4ten &#183; Hotel Cannero &#183;","og_description":"Wir befinden uns in Italien, im Norden der Region Piemont, im oberen Verbano in Italien und nur wenige Kilometer von der Schweiz entfernt (ca. 8 km von der italienisch-schweizerischen Grenze entfernt).  Vor uns liegt der Lago Maggiore und hinter uns die Bergkette der Alpen.  Der See garantiert uns milde Winter und angenehme Sommer, w\u00e4rmt uns im Winter und k\u00fchlt uns im Sommer, w\u00e4hrend die Berge uns im Winter vor kalten Str\u00f6mungen sch\u00fctzen und im Sommer frische Brisen verbreiten","og_url":"https:\/\/www.hotelcannero.com\/de\/gebiet-und-aktivitaeten\/","og_site_name":"Hotel Cannero","twitter_card":"summary_large_image","schema":{"@context":"https:\/\/schema.org","@graph":[{"@type":"WebPage","@id":"https:\/\/www.hotelcannero.com\/de\/gebiet-und-aktivitaeten\/","url":"https:\/\/www.hotelcannero.com\/de\/gebiet-und-aktivitaeten\/","name":"Gebiet und Aktivit\u00e4ten &#183; Hotel Cannero &#183;","isPartOf":{"@id":"https:\/\/www.hotelcannero.com\/de\/#website"},"datePublished":"2023-05-17T10:45:57+00:00","description":"Wir befinden uns in Italien, im Norden der Region Piemont, im oberen Verbano in Italien und nur wenige Kilometer von der Schweiz entfernt (ca. 8 km von der italienisch-schweizerischen Grenze entfernt). Vor uns liegt der Lago Maggiore und hinter uns die Bergkette der Alpen. Der See garantiert uns milde Winter und angenehme Sommer, w\u00e4rmt uns im Winter und k\u00fchlt uns im Sommer, w\u00e4hrend die Berge uns im Winter vor kalten Str\u00f6mungen sch\u00fctzen und im Sommer frische Brisen verbreiten","breadcrumb":{"@id":"https:\/\/www.hotelcannero.com\/de\/gebiet-und-aktivitaeten\/#breadcrumb"},"inLanguage":"de-DE","potentialAction":[{"@type":"ReadAction","target":["https:\/\/www.hotelcannero.com\/de\/gebiet-und-aktivitaeten\/"]}]},{"@type":"BreadcrumbList","@id":"https:\/\/www.hotelcannero.com\/de\/gebiet-und-aktivitaeten\/#breadcrumb","itemListElement":[{"@type":"ListItem","position":1,"name":"Home","item":"https:\/\/www.hotelcannero.com\/de\/"},{"@type":"ListItem","position":2,"name":"Gebiet und Aktivit\u00e4ten"}]},{"@type":"WebSite","@id":"https:\/\/www.hotelcannero.com\/de\/#website","url":"https:\/\/www.hotelcannero.com\/de\/","name":"Hotel Cannero","description":"","potentialAction":[{"@type":"SearchAction","target":{"@type":"EntryPoint","urlTemplate":"https:\/\/www.hotelcannero.com\/de\/?s={search_term_string}"},"query-input":{"@type":"PropertyValueSpecification","valueRequired":true,"valueName":"search_term_string"}}],"inLanguage":"de-DE"}]}},"acf":[],"_links":{"self":[{"href":"https:\/\/www.hotelcannero.com\/de\/wp-json\/wp\/v2\/pages\/467","targetHints":{"allow":["GET"]}}],"collection":[{"href":"https:\/\/www.hotelcannero.com\/de\/wp-json\/wp\/v2\/pages"}],"about":[{"href":"https:\/\/www.hotelcannero.com\/de\/wp-json\/wp\/v2\/types\/page"}],"author":[{"embeddable":true,"href":"https:\/\/www.hotelcannero.com\/de\/wp-json\/wp\/v2\/users\/26"}],"replies":[{"embeddable":true,"href":"https:\/\/www.hotelcannero.com\/de\/wp-json\/wp\/v2\/comments?post=467"}],"version-history":[{"count":0,"href":"https:\/\/www.hotelcannero.com\/de\/wp-json\/wp\/v2\/pages\/467\/revisions"}],"wp:attachment":[{"href":"https:\/\/www.hotelcannero.com\/de\/wp-json\/wp\/v2\/media?parent=467"}],"curies":[{"name":"wp","href":"https:\/\/api.w.org\/{rel}","templated":true}]}}