{"id":478,"date":"2023-05-18T07:40:06","date_gmt":"2023-05-18T07:40:06","guid":{"rendered":"https:\/\/hotelcannero.ms2.decms.eu\/?page_id=478"},"modified":"2023-05-18T07:40:06","modified_gmt":"2023-05-18T07:40:06","slug":"versammlungssaal","status":"publish","type":"page","link":"https:\/\/www.hotelcannero.com\/de\/dienste\/versammlungssaal\/","title":{"rendered":"Versammlungssaal"},"content":{"rendered":"<p>Unser Tagungsraum befindet sich im Erdgeschoss der Casa del Barone di Sant&#8217;Agabio, in der N\u00e4he der Bar und des Lesesaals und ist sowohl von au\u00dfen als auch von den Hotelzimmern aus leicht zug\u00e4nglich. Bei Theaterbestuhlung finden bis zu 15 Personen Platz. F\u00fcr andere Arrangements oder f\u00fcr eine gr\u00f6\u00dfere Personenzahl kann unser Lesesaal als kleiner Konferenzraum f\u00fcr maximal etwa 30 Personen genutzt werden. Es besteht die M\u00f6glichkeit, Kaffeepausen zu organisieren und Ger\u00e4te wie Projektoren und Flipcharts zur Verf\u00fcgung zu stellen.<\/p>\n","protected":false},"excerpt":{"rendered":"<p>Unser Tagungsraum befindet sich im Erdgeschoss der Casa del Barone di Sant&#8217;Agabio, in der N\u00e4he der Bar und des Lesesaals und ist sowohl von au\u00dfen als auch von den Hotelzimmern aus leicht zug\u00e4nglich. Bei Theaterbestuhlung finden bis zu 15 Personen Platz. F\u00fcr andere Arrangements oder f\u00fcr eine gr\u00f6\u00dfere Personenzahl kann unser Lesesaal als kleiner Konferenzraum [&hellip;]<\/p>\n","protected":false},"author":26,"featured_media":0,"parent":380,"menu_order":10,"comment_status":"closed","ping_status":"closed","template":"template-single-service.php","meta":{"footnotes":""},"yoast_head":"<!-- This site is optimized with the Yoast SEO plugin v22.3 - https:\/\/yoast.com\/wordpress\/plugins\/seo\/ -->\n<title>Versammlungssaal &#183; Hotel Cannero &#183;<\/title>\n<meta name=\"description\" content=\"Unser Tagungsraum befindet sich im Erdgeschoss der Casa del Barone di Sant&#039;Agabio, in der N\u00e4he der Bar und des Lesesaals und ist sowohl von au\u00dfen als auch von den Hotelzimmern aus leicht zug\u00e4nglich. Bei Theaterbestuhlung finden bis zu 15 Personen Platz\" \/>\n<meta name=\"robots\" content=\"index, follow, max-snippet:-1, max-image-preview:large, max-video-preview:-1\" \/>\n<link rel=\"canonical\" href=\"https:\/\/www.hotelcannero.com\/de\/dienste\/versammlungssaal\/\" \/>\n<meta property=\"og:locale\" content=\"de_DE\" \/>\n<meta property=\"og:type\" content=\"article\" \/>\n<meta property=\"og:title\" content=\"Versammlungssaal &#183; Hotel Cannero &#183;\" \/>\n<meta property=\"og:description\" content=\"Unser Tagungsraum befindet sich im Erdgeschoss der Casa del Barone di Sant&#039;Agabio, in der N\u00e4he der Bar und des Lesesaals und ist sowohl von au\u00dfen als auch von den Hotelzimmern aus leicht zug\u00e4nglich. Bei Theaterbestuhlung finden bis zu 15 Personen Platz\" \/>\n<meta property=\"og:url\" content=\"https:\/\/www.hotelcannero.com\/de\/dienste\/versammlungssaal\/\" \/>\n<meta property=\"og:site_name\" content=\"Hotel Cannero\" \/>\n<meta name=\"twitter:card\" content=\"summary_large_image\" \/>\n<script type=\"application\/ld+json\" class=\"yoast-schema-graph\">{\"@context\":\"https:\/\/schema.org\",\"@graph\":[{\"@type\":\"WebPage\",\"@id\":\"https:\/\/www.hotelcannero.com\/de\/dienste\/versammlungssaal\/\",\"url\":\"https:\/\/www.hotelcannero.com\/de\/dienste\/versammlungssaal\/\",\"name\":\"Versammlungssaal &#183; Hotel Cannero &#183;\",\"isPartOf\":{\"@id\":\"https:\/\/www.hotelcannero.com\/de\/#website\"},\"datePublished\":\"2023-05-18T07:40:06+00:00\",\"dateModified\":\"2023-05-18T07:40:06+00:00\",\"description\":\"Unser Tagungsraum befindet sich im Erdgeschoss der Casa del Barone di Sant'Agabio, in der N\u00e4he der Bar und des Lesesaals und ist sowohl von au\u00dfen als auch von den Hotelzimmern aus leicht zug\u00e4nglich. Bei Theaterbestuhlung finden bis zu 15 Personen Platz\",\"breadcrumb\":{\"@id\":\"https:\/\/www.hotelcannero.com\/de\/dienste\/versammlungssaal\/#breadcrumb\"},\"inLanguage\":\"de-DE\",\"potentialAction\":[{\"@type\":\"ReadAction\",\"target\":[\"https:\/\/www.hotelcannero.com\/de\/dienste\/versammlungssaal\/\"]}]},{\"@type\":\"BreadcrumbList\",\"@id\":\"https:\/\/www.hotelcannero.com\/de\/dienste\/versammlungssaal\/#breadcrumb\",\"itemListElement\":[{\"@type\":\"ListItem\",\"position\":1,\"name\":\"Home\",\"item\":\"https:\/\/www.hotelcannero.com\/de\/\"},{\"@type\":\"ListItem\",\"position\":2,\"name\":\"Dienste\",\"item\":\"https:\/\/www.hotelcannero.com\/de\/dienste\/\"},{\"@type\":\"ListItem\",\"position\":3,\"name\":\"Versammlungssaal\"}]},{\"@type\":\"WebSite\",\"@id\":\"https:\/\/www.hotelcannero.com\/de\/#website\",\"url\":\"https:\/\/www.hotelcannero.com\/de\/\",\"name\":\"Hotel Cannero\",\"description\":\"\",\"potentialAction\":[{\"@type\":\"SearchAction\",\"target\":{\"@type\":\"EntryPoint\",\"urlTemplate\":\"https:\/\/www.hotelcannero.com\/de\/?s={search_term_string}\"},\"query-input\":\"required name=search_term_string\"}],\"inLanguage\":\"de-DE\"}]}<\/script>\n<!-- \/ Yoast SEO plugin. -->","yoast_head_json":{"title":"Versammlungssaal &#183; Hotel Cannero &#183;","description":"Unser Tagungsraum befindet sich im Erdgeschoss der Casa del Barone di Sant'Agabio, in der N\u00e4he der Bar und des Lesesaals und ist sowohl von au\u00dfen als auch von den Hotelzimmern aus leicht zug\u00e4nglich. Bei Theaterbestuhlung finden bis zu 15 Personen Platz","robots":{"index":"index","follow":"follow","max-snippet":"max-snippet:-1","max-image-preview":"max-image-preview:large","max-video-preview":"max-video-preview:-1"},"canonical":"https:\/\/www.hotelcannero.com\/de\/dienste\/versammlungssaal\/","og_locale":"de_DE","og_type":"article","og_title":"Versammlungssaal &#183; Hotel Cannero &#183;","og_description":"Unser Tagungsraum befindet sich im Erdgeschoss der Casa del Barone di Sant'Agabio, in der N\u00e4he der Bar und des Lesesaals und ist sowohl von au\u00dfen als auch von den Hotelzimmern aus leicht zug\u00e4nglich. Bei Theaterbestuhlung finden bis zu 15 Personen Platz","og_url":"https:\/\/www.hotelcannero.com\/de\/dienste\/versammlungssaal\/","og_site_name":"Hotel Cannero","twitter_card":"summary_large_image","schema":{"@context":"https:\/\/schema.org","@graph":[{"@type":"WebPage","@id":"https:\/\/www.hotelcannero.com\/de\/dienste\/versammlungssaal\/","url":"https:\/\/www.hotelcannero.com\/de\/dienste\/versammlungssaal\/","name":"Versammlungssaal &#183; Hotel Cannero &#183;","isPartOf":{"@id":"https:\/\/www.hotelcannero.com\/de\/#website"},"datePublished":"2023-05-18T07:40:06+00:00","dateModified":"2023-05-18T07:40:06+00:00","description":"Unser Tagungsraum befindet sich im Erdgeschoss der Casa del Barone di Sant'Agabio, in der N\u00e4he der Bar und des Lesesaals und ist sowohl von au\u00dfen als auch von den Hotelzimmern aus leicht zug\u00e4nglich. Bei Theaterbestuhlung finden bis zu 15 Personen Platz","breadcrumb":{"@id":"https:\/\/www.hotelcannero.com\/de\/dienste\/versammlungssaal\/#breadcrumb"},"inLanguage":"de-DE","potentialAction":[{"@type":"ReadAction","target":["https:\/\/www.hotelcannero.com\/de\/dienste\/versammlungssaal\/"]}]},{"@type":"BreadcrumbList","@id":"https:\/\/www.hotelcannero.com\/de\/dienste\/versammlungssaal\/#breadcrumb","itemListElement":[{"@type":"ListItem","position":1,"name":"Home","item":"https:\/\/www.hotelcannero.com\/de\/"},{"@type":"ListItem","position":2,"name":"Dienste","item":"https:\/\/www.hotelcannero.com\/de\/dienste\/"},{"@type":"ListItem","position":3,"name":"Versammlungssaal"}]},{"@type":"WebSite","@id":"https:\/\/www.hotelcannero.com\/de\/#website","url":"https:\/\/www.hotelcannero.com\/de\/","name":"Hotel Cannero","description":"","potentialAction":[{"@type":"SearchAction","target":{"@type":"EntryPoint","urlTemplate":"https:\/\/www.hotelcannero.com\/de\/?s={search_term_string}"},"query-input":"required name=search_term_string"}],"inLanguage":"de-DE"}]}},"acf":[],"_links":{"self":[{"href":"https:\/\/www.hotelcannero.com\/de\/wp-json\/wp\/v2\/pages\/478"}],"collection":[{"href":"https:\/\/www.hotelcannero.com\/de\/wp-json\/wp\/v2\/pages"}],"about":[{"href":"https:\/\/www.hotelcannero.com\/de\/wp-json\/wp\/v2\/types\/page"}],"author":[{"embeddable":true,"href":"https:\/\/www.hotelcannero.com\/de\/wp-json\/wp\/v2\/users\/26"}],"replies":[{"embeddable":true,"href":"https:\/\/www.hotelcannero.com\/de\/wp-json\/wp\/v2\/comments?post=478"}],"version-history":[{"count":0,"href":"https:\/\/www.hotelcannero.com\/de\/wp-json\/wp\/v2\/pages\/478\/revisions"}],"up":[{"embeddable":true,"href":"https:\/\/www.hotelcannero.com\/de\/wp-json\/wp\/v2\/pages\/380"}],"wp:attachment":[{"href":"https:\/\/www.hotelcannero.com\/de\/wp-json\/wp\/v2\/media?parent=478"}],"curies":[{"name":"wp","href":"https:\/\/api.w.org\/{rel}","templated":true}]}}