{"id":346,"date":"2023-05-16T15:40:10","date_gmt":"2023-05-16T15:40:10","guid":{"rendered":"https:\/\/hotelcannero.ms2.decms.eu\/?page_id=346"},"modified":"2026-03-06T21:13:40","modified_gmt":"2026-03-06T21:13:40","slug":"hotel-cannero","status":"publish","type":"page","link":"https:\/\/www.hotelcannero.com\/fr\/","title":{"rendered":"Hotel Cannero"},"content":{"rendered":"<p id=\"tw-target-text\" class=\"tw-data-text tw-text-large tw-ta\" dir=\"ltr\" style=\"text-align: center\" data-placeholder=\"Traduzione\" aria-label=\"Testo tradotto\" data-ved=\"2ahUKEwjXgpiGy8eGAxXTgP0HHYS_Ge8Q3ewLegQIBxAU\"><span class=\"Y2IQFc\" lang=\"fr\">Au bord du Lac Majeur, avec une splendide vue panoramique sur les ch\u00e2teaux de Cannero, se trouve Cannero Riviera, une agr\u00e9able ville lacustre au climat doux, o\u00f9 se trouve notre h\u00f4tel. <\/span><\/p>\n<p class=\"tw-data-text tw-text-large tw-ta\" dir=\"ltr\" style=\"text-align: center\" data-placeholder=\"Traduzione\" aria-label=\"Testo tradotto\" data-ved=\"2ahUKEwjXgpiGy8eGAxXTgP0HHYS_Ge8Q3ewLegQIBxAU\"><span class=\"Y2IQFc\" lang=\"fr\">Ses racines sont tr\u00e8s anciennes et remontent au milieu du XIXe si\u00e8cle, lorsque l&rsquo;ancien monast\u00e8re situ\u00e9 au bord du lac Majeur fut en partie transform\u00e9 en h\u00f4tel, sous le nom de Tre Re. En 1902, la structure fut reprise par Carolina et. Giovanni Gallinotto qui a chang\u00e9 le nom de l&rsquo;h\u00f4tel Cannero. <\/span><\/p>\n<p id=\"tw-target-text\" class=\"tw-data-text tw-text-large tw-ta\" dir=\"ltr\" style=\"text-align: center\" data-placeholder=\"Traduzione\" aria-label=\"Testo tradotto\" data-ved=\"2ahUKEwjXgpiGy8eGAxXTgP0HHYS_Ge8Q3ewLegQIBxAU\"><span class=\"Y2IQFc\" lang=\"fr\">Maria Carla Gallinotto et sa famille ont poursuivi son d\u00e9veloppement en achevant, en 2001, la restauration de l&rsquo;ancien bureau de poste situ\u00e9 \u00e0 c\u00f4t\u00e9 de l&rsquo;h\u00f4tel. Il s&rsquo;agit d&rsquo;un b\u00e2timent historique datant du d\u00e9but des ann\u00e9es 1700, qui appartenait auparavant \u00e0 la famille noble locale des barons de Sant&rsquo;Agabio et qui fait aujourd&rsquo;hui partie int\u00e9grante de l&rsquo;H\u00f4tel Cannero.<\/span><\/p>\n<p class=\"tw-data-text tw-text-large tw-ta\" dir=\"ltr\" style=\"text-align: center\" data-placeholder=\"Traduzione\" aria-label=\"Testo tradotto\" data-ved=\"2ahUKEwjXgpiGy8eGAxXTgP0HHYS_Ge8Q3ewLegQIBxAU\"><span class=\"Y2IQFc\" lang=\"fr\">\u00c0 partir de 2024, la gestion de l&rsquo;h\u00f4tel passe aux enfants de Maria Carla : Samuele, Annalisa, Felice et Alfredo.<\/span><\/p>\n","protected":false},"excerpt":{"rendered":"<p>Au bord du Lac Majeur, avec une splendide vue panoramique sur les ch\u00e2teaux de Cannero, se trouve Cannero Riviera, une agr\u00e9able ville lacustre au climat doux, o\u00f9 se trouve notre h\u00f4tel. Ses racines sont tr\u00e8s anciennes et remontent au milieu du XIXe si\u00e8cle, lorsque l&rsquo;ancien monast\u00e8re situ\u00e9 au bord du lac Majeur fut en partie [&hellip;]<\/p>\n","protected":false},"author":26,"featured_media":0,"parent":0,"menu_order":10,"comment_status":"closed","ping_status":"closed","template":"","meta":{"footnotes":""},"class_list":["post-346","page","type-page","status-publish","hentry"],"yoast_head":"<!-- This site is optimized with the Yoast SEO plugin v27.3 - https:\/\/yoast.com\/product\/yoast-seo-wordpress\/ -->\n<title>Hotel Cannero &#183; Hotel Cannero &#183;<\/title>\n<meta name=\"description\" content=\"Au bord du Lac Majeur, avec une splendide vue panoramique sur les ch\u00e2teaux de Cannero, se trouve Cannero Riviera, une agr\u00e9able ville lacustre au climat doux, o\u00f9 se trouve notre h\u00f4tel.  Ses racines sont tr\u00e8s anciennes et remontent au milieu du XIXe si\u00e8cle, lorsque l&#039;ancien monast\u00e8re situ\u00e9 au bord du lac Majeur fut en partie transform\u00e9 en h\u00f4tel, sous le nom de Tre Re\" \/>\n<meta name=\"robots\" content=\"index, follow, max-snippet:-1, max-image-preview:large, max-video-preview:-1\" \/>\n<link rel=\"canonical\" href=\"https:\/\/www.hotelcannero.com\/fr\/\" \/>\n<meta property=\"og:locale\" content=\"fr_FR\" \/>\n<meta property=\"og:type\" content=\"article\" \/>\n<meta property=\"og:title\" content=\"Hotel Cannero &#183; Hotel Cannero &#183;\" \/>\n<meta property=\"og:description\" content=\"Au bord du Lac Majeur, avec une splendide vue panoramique sur les ch\u00e2teaux de Cannero, se trouve Cannero Riviera, une agr\u00e9able ville lacustre au climat doux, o\u00f9 se trouve notre h\u00f4tel.  Ses racines sont tr\u00e8s anciennes et remontent au milieu du XIXe si\u00e8cle, lorsque l&#039;ancien monast\u00e8re situ\u00e9 au bord du lac Majeur fut en partie transform\u00e9 en h\u00f4tel, sous le nom de Tre Re\" \/>\n<meta property=\"og:url\" content=\"https:\/\/www.hotelcannero.com\/fr\/\" \/>\n<meta property=\"og:site_name\" content=\"Hotel Cannero\" \/>\n<meta property=\"article:modified_time\" content=\"2026-03-06T21:13:40+00:00\" \/>\n<meta name=\"twitter:card\" content=\"summary_large_image\" \/>\n<meta name=\"twitter:label1\" content=\"Dur\u00e9e de lecture estim\u00e9e\" \/>\n\t<meta name=\"twitter:data1\" content=\"1 minute\" \/>\n<script type=\"application\/ld+json\" class=\"yoast-schema-graph\">{\"@context\":\"https:\\\/\\\/schema.org\",\"@graph\":[{\"@type\":\"WebPage\",\"@id\":\"https:\\\/\\\/www.hotelcannero.com\\\/fr\\\/\",\"url\":\"https:\\\/\\\/www.hotelcannero.com\\\/fr\\\/\",\"name\":\"Hotel Cannero &#183; Hotel Cannero &#183;\",\"isPartOf\":{\"@id\":\"https:\\\/\\\/www.hotelcannero.com\\\/fr\\\/#website\"},\"datePublished\":\"2023-05-16T15:40:10+00:00\",\"dateModified\":\"2026-03-06T21:13:40+00:00\",\"description\":\"Au bord du Lac Majeur, avec une splendide vue panoramique sur les ch\u00e2teaux de Cannero, se trouve Cannero Riviera, une agr\u00e9able ville lacustre au climat doux, o\u00f9 se trouve notre h\u00f4tel. Ses racines sont tr\u00e8s anciennes et remontent au milieu du XIXe si\u00e8cle, lorsque l'ancien monast\u00e8re situ\u00e9 au bord du lac Majeur fut en partie transform\u00e9 en h\u00f4tel, sous le nom de Tre Re\",\"breadcrumb\":{\"@id\":\"https:\\\/\\\/www.hotelcannero.com\\\/fr\\\/#breadcrumb\"},\"inLanguage\":\"fr-FR\",\"potentialAction\":[{\"@type\":\"ReadAction\",\"target\":[\"https:\\\/\\\/www.hotelcannero.com\\\/fr\\\/\"]}]},{\"@type\":\"BreadcrumbList\",\"@id\":\"https:\\\/\\\/www.hotelcannero.com\\\/fr\\\/#breadcrumb\",\"itemListElement\":[{\"@type\":\"ListItem\",\"position\":1,\"name\":\"Home\",\"item\":\"https:\\\/\\\/www.hotelcannero.com\\\/fr\\\/\"},{\"@type\":\"ListItem\",\"position\":2,\"name\":\"Hotel Cannero\"}]},{\"@type\":\"WebSite\",\"@id\":\"https:\\\/\\\/www.hotelcannero.com\\\/fr\\\/#website\",\"url\":\"https:\\\/\\\/www.hotelcannero.com\\\/fr\\\/\",\"name\":\"Hotel Cannero\",\"description\":\"\",\"potentialAction\":[{\"@type\":\"SearchAction\",\"target\":{\"@type\":\"EntryPoint\",\"urlTemplate\":\"https:\\\/\\\/www.hotelcannero.com\\\/fr\\\/?s={search_term_string}\"},\"query-input\":{\"@type\":\"PropertyValueSpecification\",\"valueRequired\":true,\"valueName\":\"search_term_string\"}}],\"inLanguage\":\"fr-FR\"}]}<\/script>\n<!-- \/ Yoast SEO plugin. -->","yoast_head_json":{"title":"Hotel Cannero &#183; Hotel Cannero &#183;","description":"Au bord du Lac Majeur, avec une splendide vue panoramique sur les ch\u00e2teaux de Cannero, se trouve Cannero Riviera, une agr\u00e9able ville lacustre au climat doux, o\u00f9 se trouve notre h\u00f4tel.  Ses racines sont tr\u00e8s anciennes et remontent au milieu du XIXe si\u00e8cle, lorsque l'ancien monast\u00e8re situ\u00e9 au bord du lac Majeur fut en partie transform\u00e9 en h\u00f4tel, sous le nom de Tre Re","robots":{"index":"index","follow":"follow","max-snippet":"max-snippet:-1","max-image-preview":"max-image-preview:large","max-video-preview":"max-video-preview:-1"},"canonical":"https:\/\/www.hotelcannero.com\/fr\/","og_locale":"fr_FR","og_type":"article","og_title":"Hotel Cannero &#183; Hotel Cannero &#183;","og_description":"Au bord du Lac Majeur, avec une splendide vue panoramique sur les ch\u00e2teaux de Cannero, se trouve Cannero Riviera, une agr\u00e9able ville lacustre au climat doux, o\u00f9 se trouve notre h\u00f4tel.  Ses racines sont tr\u00e8s anciennes et remontent au milieu du XIXe si\u00e8cle, lorsque l'ancien monast\u00e8re situ\u00e9 au bord du lac Majeur fut en partie transform\u00e9 en h\u00f4tel, sous le nom de Tre Re","og_url":"https:\/\/www.hotelcannero.com\/fr\/","og_site_name":"Hotel Cannero","article_modified_time":"2026-03-06T21:13:40+00:00","twitter_card":"summary_large_image","twitter_misc":{"Dur\u00e9e de lecture estim\u00e9e":"1 minute"},"schema":{"@context":"https:\/\/schema.org","@graph":[{"@type":"WebPage","@id":"https:\/\/www.hotelcannero.com\/fr\/","url":"https:\/\/www.hotelcannero.com\/fr\/","name":"Hotel Cannero &#183; Hotel Cannero &#183;","isPartOf":{"@id":"https:\/\/www.hotelcannero.com\/fr\/#website"},"datePublished":"2023-05-16T15:40:10+00:00","dateModified":"2026-03-06T21:13:40+00:00","description":"Au bord du Lac Majeur, avec une splendide vue panoramique sur les ch\u00e2teaux de Cannero, se trouve Cannero Riviera, une agr\u00e9able ville lacustre au climat doux, o\u00f9 se trouve notre h\u00f4tel. Ses racines sont tr\u00e8s anciennes et remontent au milieu du XIXe si\u00e8cle, lorsque l'ancien monast\u00e8re situ\u00e9 au bord du lac Majeur fut en partie transform\u00e9 en h\u00f4tel, sous le nom de Tre Re","breadcrumb":{"@id":"https:\/\/www.hotelcannero.com\/fr\/#breadcrumb"},"inLanguage":"fr-FR","potentialAction":[{"@type":"ReadAction","target":["https:\/\/www.hotelcannero.com\/fr\/"]}]},{"@type":"BreadcrumbList","@id":"https:\/\/www.hotelcannero.com\/fr\/#breadcrumb","itemListElement":[{"@type":"ListItem","position":1,"name":"Home","item":"https:\/\/www.hotelcannero.com\/fr\/"},{"@type":"ListItem","position":2,"name":"Hotel Cannero"}]},{"@type":"WebSite","@id":"https:\/\/www.hotelcannero.com\/fr\/#website","url":"https:\/\/www.hotelcannero.com\/fr\/","name":"Hotel Cannero","description":"","potentialAction":[{"@type":"SearchAction","target":{"@type":"EntryPoint","urlTemplate":"https:\/\/www.hotelcannero.com\/fr\/?s={search_term_string}"},"query-input":{"@type":"PropertyValueSpecification","valueRequired":true,"valueName":"search_term_string"}}],"inLanguage":"fr-FR"}]}},"acf":[],"_links":{"self":[{"href":"https:\/\/www.hotelcannero.com\/fr\/wp-json\/wp\/v2\/pages\/346","targetHints":{"allow":["GET"]}}],"collection":[{"href":"https:\/\/www.hotelcannero.com\/fr\/wp-json\/wp\/v2\/pages"}],"about":[{"href":"https:\/\/www.hotelcannero.com\/fr\/wp-json\/wp\/v2\/types\/page"}],"author":[{"embeddable":true,"href":"https:\/\/www.hotelcannero.com\/fr\/wp-json\/wp\/v2\/users\/26"}],"replies":[{"embeddable":true,"href":"https:\/\/www.hotelcannero.com\/fr\/wp-json\/wp\/v2\/comments?post=346"}],"version-history":[{"count":0,"href":"https:\/\/www.hotelcannero.com\/fr\/wp-json\/wp\/v2\/pages\/346\/revisions"}],"wp:attachment":[{"href":"https:\/\/www.hotelcannero.com\/fr\/wp-json\/wp\/v2\/media?parent=346"}],"curies":[{"name":"wp","href":"https:\/\/api.w.org\/{rel}","templated":true}]}}