{"id":348,"date":"2023-05-16T15:45:29","date_gmt":"2023-05-16T15:45:29","guid":{"rendered":"https:\/\/hotelcannero.ms2.decms.eu\/?page_id=348"},"modified":"2023-05-22T13:52:27","modified_gmt":"2023-05-22T13:52:27","slug":"chambres-et-suites","status":"publish","type":"page","link":"https:\/\/www.hotelcannero.com\/fr\/chambres-et-suites\/","title":{"rendered":"Chambres et suites"},"content":{"rendered":"<p>Un large \u00e9ventail de possibilit\u00e9s pour rendre votre s\u00e9jour confortable et sp\u00e9cial. Nos chambres et suites vous accueilleront de la meilleure fa\u00e7on possible et les merveilleuses vues panoramiques dont vous pourrez profiter rendront vos vacances inoubliables<\/p>\n","protected":false},"excerpt":{"rendered":"<p>Un large \u00e9ventail de possibilit\u00e9s pour rendre votre s\u00e9jour confortable et sp\u00e9cial. Nos chambres et suites vous accueilleront de la meilleure fa\u00e7on possible et les merveilleuses vues panoramiques dont vous pourrez profiter rendront vos vacances inoubliables<\/p>\n","protected":false},"author":26,"featured_media":0,"parent":0,"menu_order":20,"comment_status":"closed","ping_status":"closed","template":"template-rooms.php","meta":{"footnotes":""},"class_list":["post-348","page","type-page","status-publish","hentry"],"yoast_head":"<!-- This site is optimized with the Yoast SEO plugin v27.3 - https:\/\/yoast.com\/product\/yoast-seo-wordpress\/ -->\n<title>Chambres et suites &#183; Hotel Cannero &#183;<\/title>\n<meta name=\"description\" content=\"Un large \u00e9ventail de possibilit\u00e9s pour rendre votre s\u00e9jour confortable et sp\u00e9cial. Nos chambres et suites vous accueilleront de la meilleure fa\u00e7on possible et les merveilleuses vues panoramiques dont vous pourrez profiter rendront vos vacances inoubliables\" \/>\n<meta name=\"robots\" content=\"index, follow, max-snippet:-1, max-image-preview:large, max-video-preview:-1\" \/>\n<link rel=\"canonical\" href=\"https:\/\/www.hotelcannero.com\/fr\/chambres-et-suites\/\" \/>\n<meta property=\"og:locale\" content=\"fr_FR\" \/>\n<meta property=\"og:type\" content=\"article\" \/>\n<meta property=\"og:title\" content=\"Chambres et suites &#183; Hotel Cannero &#183;\" \/>\n<meta property=\"og:description\" content=\"Un large \u00e9ventail de possibilit\u00e9s pour rendre votre s\u00e9jour confortable et sp\u00e9cial. Nos chambres et suites vous accueilleront de la meilleure fa\u00e7on possible et les merveilleuses vues panoramiques dont vous pourrez profiter rendront vos vacances inoubliables\" \/>\n<meta property=\"og:url\" content=\"https:\/\/www.hotelcannero.com\/fr\/chambres-et-suites\/\" \/>\n<meta property=\"og:site_name\" content=\"Hotel Cannero\" \/>\n<meta property=\"article:modified_time\" content=\"2023-05-22T13:52:27+00:00\" \/>\n<meta name=\"twitter:card\" content=\"summary_large_image\" \/>\n<script type=\"application\/ld+json\" class=\"yoast-schema-graph\">{\"@context\":\"https:\\\/\\\/schema.org\",\"@graph\":[{\"@type\":\"WebPage\",\"@id\":\"https:\\\/\\\/www.hotelcannero.com\\\/fr\\\/chambres-et-suites\\\/\",\"url\":\"https:\\\/\\\/www.hotelcannero.com\\\/fr\\\/chambres-et-suites\\\/\",\"name\":\"Chambres et suites &#183; Hotel Cannero &#183;\",\"isPartOf\":{\"@id\":\"https:\\\/\\\/www.hotelcannero.com\\\/fr\\\/#website\"},\"datePublished\":\"2023-05-16T15:45:29+00:00\",\"dateModified\":\"2023-05-22T13:52:27+00:00\",\"description\":\"Un large \u00e9ventail de possibilit\u00e9s pour rendre votre s\u00e9jour confortable et sp\u00e9cial. Nos chambres et suites vous accueilleront de la meilleure fa\u00e7on possible et les merveilleuses vues panoramiques dont vous pourrez profiter rendront vos vacances inoubliables\",\"breadcrumb\":{\"@id\":\"https:\\\/\\\/www.hotelcannero.com\\\/fr\\\/chambres-et-suites\\\/#breadcrumb\"},\"inLanguage\":\"fr-FR\",\"potentialAction\":[{\"@type\":\"ReadAction\",\"target\":[\"https:\\\/\\\/www.hotelcannero.com\\\/fr\\\/chambres-et-suites\\\/\"]}]},{\"@type\":\"BreadcrumbList\",\"@id\":\"https:\\\/\\\/www.hotelcannero.com\\\/fr\\\/chambres-et-suites\\\/#breadcrumb\",\"itemListElement\":[{\"@type\":\"ListItem\",\"position\":1,\"name\":\"Home\",\"item\":\"https:\\\/\\\/www.hotelcannero.com\\\/fr\\\/\"},{\"@type\":\"ListItem\",\"position\":2,\"name\":\"Chambres et suites\"}]},{\"@type\":\"WebSite\",\"@id\":\"https:\\\/\\\/www.hotelcannero.com\\\/fr\\\/#website\",\"url\":\"https:\\\/\\\/www.hotelcannero.com\\\/fr\\\/\",\"name\":\"Hotel Cannero\",\"description\":\"\",\"potentialAction\":[{\"@type\":\"SearchAction\",\"target\":{\"@type\":\"EntryPoint\",\"urlTemplate\":\"https:\\\/\\\/www.hotelcannero.com\\\/fr\\\/?s={search_term_string}\"},\"query-input\":{\"@type\":\"PropertyValueSpecification\",\"valueRequired\":true,\"valueName\":\"search_term_string\"}}],\"inLanguage\":\"fr-FR\"}]}<\/script>\n<!-- \/ Yoast SEO plugin. -->","yoast_head_json":{"title":"Chambres et suites &#183; Hotel Cannero &#183;","description":"Un large \u00e9ventail de possibilit\u00e9s pour rendre votre s\u00e9jour confortable et sp\u00e9cial. Nos chambres et suites vous accueilleront de la meilleure fa\u00e7on possible et les merveilleuses vues panoramiques dont vous pourrez profiter rendront vos vacances inoubliables","robots":{"index":"index","follow":"follow","max-snippet":"max-snippet:-1","max-image-preview":"max-image-preview:large","max-video-preview":"max-video-preview:-1"},"canonical":"https:\/\/www.hotelcannero.com\/fr\/chambres-et-suites\/","og_locale":"fr_FR","og_type":"article","og_title":"Chambres et suites &#183; Hotel Cannero &#183;","og_description":"Un large \u00e9ventail de possibilit\u00e9s pour rendre votre s\u00e9jour confortable et sp\u00e9cial. Nos chambres et suites vous accueilleront de la meilleure fa\u00e7on possible et les merveilleuses vues panoramiques dont vous pourrez profiter rendront vos vacances inoubliables","og_url":"https:\/\/www.hotelcannero.com\/fr\/chambres-et-suites\/","og_site_name":"Hotel Cannero","article_modified_time":"2023-05-22T13:52:27+00:00","twitter_card":"summary_large_image","schema":{"@context":"https:\/\/schema.org","@graph":[{"@type":"WebPage","@id":"https:\/\/www.hotelcannero.com\/fr\/chambres-et-suites\/","url":"https:\/\/www.hotelcannero.com\/fr\/chambres-et-suites\/","name":"Chambres et suites &#183; Hotel Cannero &#183;","isPartOf":{"@id":"https:\/\/www.hotelcannero.com\/fr\/#website"},"datePublished":"2023-05-16T15:45:29+00:00","dateModified":"2023-05-22T13:52:27+00:00","description":"Un large \u00e9ventail de possibilit\u00e9s pour rendre votre s\u00e9jour confortable et sp\u00e9cial. Nos chambres et suites vous accueilleront de la meilleure fa\u00e7on possible et les merveilleuses vues panoramiques dont vous pourrez profiter rendront vos vacances inoubliables","breadcrumb":{"@id":"https:\/\/www.hotelcannero.com\/fr\/chambres-et-suites\/#breadcrumb"},"inLanguage":"fr-FR","potentialAction":[{"@type":"ReadAction","target":["https:\/\/www.hotelcannero.com\/fr\/chambres-et-suites\/"]}]},{"@type":"BreadcrumbList","@id":"https:\/\/www.hotelcannero.com\/fr\/chambres-et-suites\/#breadcrumb","itemListElement":[{"@type":"ListItem","position":1,"name":"Home","item":"https:\/\/www.hotelcannero.com\/fr\/"},{"@type":"ListItem","position":2,"name":"Chambres et suites"}]},{"@type":"WebSite","@id":"https:\/\/www.hotelcannero.com\/fr\/#website","url":"https:\/\/www.hotelcannero.com\/fr\/","name":"Hotel Cannero","description":"","potentialAction":[{"@type":"SearchAction","target":{"@type":"EntryPoint","urlTemplate":"https:\/\/www.hotelcannero.com\/fr\/?s={search_term_string}"},"query-input":{"@type":"PropertyValueSpecification","valueRequired":true,"valueName":"search_term_string"}}],"inLanguage":"fr-FR"}]}},"acf":[],"_links":{"self":[{"href":"https:\/\/www.hotelcannero.com\/fr\/wp-json\/wp\/v2\/pages\/348","targetHints":{"allow":["GET"]}}],"collection":[{"href":"https:\/\/www.hotelcannero.com\/fr\/wp-json\/wp\/v2\/pages"}],"about":[{"href":"https:\/\/www.hotelcannero.com\/fr\/wp-json\/wp\/v2\/types\/page"}],"author":[{"embeddable":true,"href":"https:\/\/www.hotelcannero.com\/fr\/wp-json\/wp\/v2\/users\/26"}],"replies":[{"embeddable":true,"href":"https:\/\/www.hotelcannero.com\/fr\/wp-json\/wp\/v2\/comments?post=348"}],"version-history":[{"count":0,"href":"https:\/\/www.hotelcannero.com\/fr\/wp-json\/wp\/v2\/pages\/348\/revisions"}],"wp:attachment":[{"href":"https:\/\/www.hotelcannero.com\/fr\/wp-json\/wp\/v2\/media?parent=348"}],"curies":[{"name":"wp","href":"https:\/\/api.w.org\/{rel}","templated":true}]}}