{"id":350,"date":"2023-05-16T15:47:51","date_gmt":"2023-05-16T15:47:51","guid":{"rendered":"https:\/\/hotelcannero.ms2.decms.eu\/?page_id=350"},"modified":"2024-08-19T14:50:53","modified_gmt":"2024-08-19T14:50:53","slug":"superieures","status":"publish","type":"page","link":"https:\/\/www.hotelcannero.com\/fr\/chambres-et-suites\/superieures\/","title":{"rendered":"Sup\u00e9rieures"},"content":{"rendered":"<p>Les chambres Sup\u00e9rieures ont une superficie d&rsquo;environ 22 m2. Elles sont meubl\u00e9es dans un style allant du moderne au classique\/traditionnel. Toutes les salles de bains sont spacieuses et \u00e9quip\u00e9es des commodit\u00e9s n\u00e9cessaires pour les H\u00f4tes ; certaines disposent d&rsquo;une douche, d&rsquo;autres d&rsquo;une baignoire.<br \/>\nIls disposent de fen\u00eatres et d&rsquo;un balcon avec des chaises et une table.<\/p>\n<p>Les chambres sup\u00e9rieures avec balcon et vue partielle sur le lac sont situ\u00e9es dans la Casa del Barone di Sant&rsquo;Agabio, un b\u00e2timent historique des ann\u00e9es 1700.<br \/>\nEn raison de la structure particuli\u00e8re du b\u00e2timent, la vue sur le lac est masqu\u00e9e lat\u00e9ralement.<\/p>\n<p>Les chambres sup\u00e9rieures avec balcon et vue sur le lac sont situ\u00e9es dans la maison principale, le premier b\u00e2timent \u00e0 devenir un h\u00f4tel de la famille Gallinotto-Cavagnera.<br \/>\nDepuis le balcon, il est possible de profiter de la magnifique vue sur le lac Majeur, en admirant \u00e9galement les c\u00e9l\u00e8bres \u00ab\u00a0Castelli di Cannero\u00a0\u00bb, symbole de Cannero Riviera.<\/p>\n<p>Les chambres Sup\u00e9rieures sont certainement un choix recommand\u00e9 pour ceux qui aiment le calme et la s\u00e9r\u00e9nit\u00e9 d&rsquo;un lieu que l&rsquo;on peut d\u00e9finir comme la perle du Lac Majeur.<\/p>\n","protected":false},"excerpt":{"rendered":"<p>Les chambres Sup\u00e9rieures ont une superficie d&rsquo;environ 22 m2. Elles sont meubl\u00e9es dans un style allant du moderne au classique\/traditionnel. Toutes les salles de bains sont spacieuses et \u00e9quip\u00e9es des commodit\u00e9s n\u00e9cessaires pour les H\u00f4tes ; certaines disposent d&rsquo;une douche, d&rsquo;autres d&rsquo;une baignoire. Ils disposent de fen\u00eatres et d&rsquo;un balcon avec des chaises et une [&hellip;]<\/p>\n","protected":false},"author":26,"featured_media":0,"parent":348,"menu_order":30,"comment_status":"closed","ping_status":"closed","template":"template-single-room.php","meta":{"footnotes":""},"class_list":["post-350","page","type-page","status-publish","hentry"],"yoast_head":"<!-- This site is optimized with the Yoast SEO plugin v27.3 - https:\/\/yoast.com\/product\/yoast-seo-wordpress\/ -->\n<title>Sup\u00e9rieures &#183; Hotel Cannero &#183;<\/title>\n<meta name=\"description\" content=\"Les chambres Sup\u00e9rieures ont une superficie d&#039;environ 22 m2. Elles sont meubl\u00e9es dans un style allant du moderne au classique\/traditionnel\" \/>\n<meta name=\"robots\" content=\"index, follow, max-snippet:-1, max-image-preview:large, max-video-preview:-1\" \/>\n<link rel=\"canonical\" href=\"https:\/\/www.hotelcannero.com\/fr\/chambres-et-suites\/superieures\/\" \/>\n<meta property=\"og:locale\" content=\"fr_FR\" \/>\n<meta property=\"og:type\" content=\"article\" \/>\n<meta property=\"og:title\" content=\"Sup\u00e9rieures &#183; Hotel Cannero &#183;\" \/>\n<meta property=\"og:description\" content=\"Les chambres Sup\u00e9rieures ont une superficie d&#039;environ 22 m2. Elles sont meubl\u00e9es dans un style allant du moderne au classique\/traditionnel\" \/>\n<meta property=\"og:url\" content=\"https:\/\/www.hotelcannero.com\/fr\/chambres-et-suites\/superieures\/\" \/>\n<meta property=\"og:site_name\" content=\"Hotel Cannero\" \/>\n<meta property=\"article:modified_time\" content=\"2024-08-19T14:50:53+00:00\" \/>\n<meta name=\"twitter:card\" content=\"summary_large_image\" \/>\n<meta name=\"twitter:label1\" content=\"Dur\u00e9e de lecture estim\u00e9e\" \/>\n\t<meta name=\"twitter:data1\" content=\"1 minute\" \/>\n<script type=\"application\/ld+json\" class=\"yoast-schema-graph\">{\"@context\":\"https:\\\/\\\/schema.org\",\"@graph\":[{\"@type\":\"WebPage\",\"@id\":\"https:\\\/\\\/www.hotelcannero.com\\\/fr\\\/chambres-et-suites\\\/superieures\\\/\",\"url\":\"https:\\\/\\\/www.hotelcannero.com\\\/fr\\\/chambres-et-suites\\\/superieures\\\/\",\"name\":\"Sup\u00e9rieures &#183; Hotel Cannero &#183;\",\"isPartOf\":{\"@id\":\"https:\\\/\\\/www.hotelcannero.com\\\/fr\\\/#website\"},\"datePublished\":\"2023-05-16T15:47:51+00:00\",\"dateModified\":\"2024-08-19T14:50:53+00:00\",\"description\":\"Les chambres Sup\u00e9rieures ont une superficie d'environ 22 m2. Elles sont meubl\u00e9es dans un style allant du moderne au classique\\\/traditionnel\",\"breadcrumb\":{\"@id\":\"https:\\\/\\\/www.hotelcannero.com\\\/fr\\\/chambres-et-suites\\\/superieures\\\/#breadcrumb\"},\"inLanguage\":\"fr-FR\",\"potentialAction\":[{\"@type\":\"ReadAction\",\"target\":[\"https:\\\/\\\/www.hotelcannero.com\\\/fr\\\/chambres-et-suites\\\/superieures\\\/\"]}]},{\"@type\":\"BreadcrumbList\",\"@id\":\"https:\\\/\\\/www.hotelcannero.com\\\/fr\\\/chambres-et-suites\\\/superieures\\\/#breadcrumb\",\"itemListElement\":[{\"@type\":\"ListItem\",\"position\":1,\"name\":\"Home\",\"item\":\"https:\\\/\\\/www.hotelcannero.com\\\/fr\\\/\"},{\"@type\":\"ListItem\",\"position\":2,\"name\":\"Chambres et suites\",\"item\":\"https:\\\/\\\/www.hotelcannero.com\\\/fr\\\/chambres-et-suites\\\/\"},{\"@type\":\"ListItem\",\"position\":3,\"name\":\"Sup\u00e9rieures\"}]},{\"@type\":\"WebSite\",\"@id\":\"https:\\\/\\\/www.hotelcannero.com\\\/fr\\\/#website\",\"url\":\"https:\\\/\\\/www.hotelcannero.com\\\/fr\\\/\",\"name\":\"Hotel Cannero\",\"description\":\"\",\"potentialAction\":[{\"@type\":\"SearchAction\",\"target\":{\"@type\":\"EntryPoint\",\"urlTemplate\":\"https:\\\/\\\/www.hotelcannero.com\\\/fr\\\/?s={search_term_string}\"},\"query-input\":{\"@type\":\"PropertyValueSpecification\",\"valueRequired\":true,\"valueName\":\"search_term_string\"}}],\"inLanguage\":\"fr-FR\"}]}<\/script>\n<!-- \/ Yoast SEO plugin. -->","yoast_head_json":{"title":"Sup\u00e9rieures &#183; Hotel Cannero &#183;","description":"Les chambres Sup\u00e9rieures ont une superficie d'environ 22 m2. Elles sont meubl\u00e9es dans un style allant du moderne au classique\/traditionnel","robots":{"index":"index","follow":"follow","max-snippet":"max-snippet:-1","max-image-preview":"max-image-preview:large","max-video-preview":"max-video-preview:-1"},"canonical":"https:\/\/www.hotelcannero.com\/fr\/chambres-et-suites\/superieures\/","og_locale":"fr_FR","og_type":"article","og_title":"Sup\u00e9rieures &#183; Hotel Cannero &#183;","og_description":"Les chambres Sup\u00e9rieures ont une superficie d'environ 22 m2. Elles sont meubl\u00e9es dans un style allant du moderne au classique\/traditionnel","og_url":"https:\/\/www.hotelcannero.com\/fr\/chambres-et-suites\/superieures\/","og_site_name":"Hotel Cannero","article_modified_time":"2024-08-19T14:50:53+00:00","twitter_card":"summary_large_image","twitter_misc":{"Dur\u00e9e de lecture estim\u00e9e":"1 minute"},"schema":{"@context":"https:\/\/schema.org","@graph":[{"@type":"WebPage","@id":"https:\/\/www.hotelcannero.com\/fr\/chambres-et-suites\/superieures\/","url":"https:\/\/www.hotelcannero.com\/fr\/chambres-et-suites\/superieures\/","name":"Sup\u00e9rieures &#183; Hotel Cannero &#183;","isPartOf":{"@id":"https:\/\/www.hotelcannero.com\/fr\/#website"},"datePublished":"2023-05-16T15:47:51+00:00","dateModified":"2024-08-19T14:50:53+00:00","description":"Les chambres Sup\u00e9rieures ont une superficie d'environ 22 m2. Elles sont meubl\u00e9es dans un style allant du moderne au classique\/traditionnel","breadcrumb":{"@id":"https:\/\/www.hotelcannero.com\/fr\/chambres-et-suites\/superieures\/#breadcrumb"},"inLanguage":"fr-FR","potentialAction":[{"@type":"ReadAction","target":["https:\/\/www.hotelcannero.com\/fr\/chambres-et-suites\/superieures\/"]}]},{"@type":"BreadcrumbList","@id":"https:\/\/www.hotelcannero.com\/fr\/chambres-et-suites\/superieures\/#breadcrumb","itemListElement":[{"@type":"ListItem","position":1,"name":"Home","item":"https:\/\/www.hotelcannero.com\/fr\/"},{"@type":"ListItem","position":2,"name":"Chambres et suites","item":"https:\/\/www.hotelcannero.com\/fr\/chambres-et-suites\/"},{"@type":"ListItem","position":3,"name":"Sup\u00e9rieures"}]},{"@type":"WebSite","@id":"https:\/\/www.hotelcannero.com\/fr\/#website","url":"https:\/\/www.hotelcannero.com\/fr\/","name":"Hotel Cannero","description":"","potentialAction":[{"@type":"SearchAction","target":{"@type":"EntryPoint","urlTemplate":"https:\/\/www.hotelcannero.com\/fr\/?s={search_term_string}"},"query-input":{"@type":"PropertyValueSpecification","valueRequired":true,"valueName":"search_term_string"}}],"inLanguage":"fr-FR"}]}},"acf":[],"_links":{"self":[{"href":"https:\/\/www.hotelcannero.com\/fr\/wp-json\/wp\/v2\/pages\/350","targetHints":{"allow":["GET"]}}],"collection":[{"href":"https:\/\/www.hotelcannero.com\/fr\/wp-json\/wp\/v2\/pages"}],"about":[{"href":"https:\/\/www.hotelcannero.com\/fr\/wp-json\/wp\/v2\/types\/page"}],"author":[{"embeddable":true,"href":"https:\/\/www.hotelcannero.com\/fr\/wp-json\/wp\/v2\/users\/26"}],"replies":[{"embeddable":true,"href":"https:\/\/www.hotelcannero.com\/fr\/wp-json\/wp\/v2\/comments?post=350"}],"version-history":[{"count":0,"href":"https:\/\/www.hotelcannero.com\/fr\/wp-json\/wp\/v2\/pages\/350\/revisions"}],"up":[{"embeddable":true,"href":"https:\/\/www.hotelcannero.com\/fr\/wp-json\/wp\/v2\/pages\/348"}],"wp:attachment":[{"href":"https:\/\/www.hotelcannero.com\/fr\/wp-json\/wp\/v2\/media?parent=350"}],"curies":[{"name":"wp","href":"https:\/\/api.w.org\/{rel}","templated":true}]}}