{"id":352,"date":"2023-05-16T15:48:15","date_gmt":"2023-05-16T15:48:15","guid":{"rendered":"https:\/\/hotelcannero.ms2.decms.eu\/?page_id=352"},"modified":"2024-06-20T16:02:35","modified_gmt":"2024-06-20T16:02:35","slug":"queen","status":"publish","type":"page","link":"https:\/\/www.hotelcannero.com\/fr\/chambres-et-suites\/queen\/","title":{"rendered":"Queen"},"content":{"rendered":"<p>Les chambres de la cat\u00e9gorie Queen ont une superficie d&rsquo;environ 21 m\u00e8tres carr\u00e9s. Leur point fort est le magnifique balcon qui surplombe la piscine priv\u00e9e de notre h\u00f4tel.<\/p>\n<p>La piscine \u00e9quip\u00e9e de transats et de parasols est entour\u00e9e de plantes typiques de citronniers et de kumquats, comme le veut la tradition de la ville de Cannero Riviera o\u00f9 les agrumes sont cultiv\u00e9s \u00e0 l&rsquo;ext\u00e9rieur m\u00eame pendant les mois d&rsquo;hiver.<\/p>\n<p>Les salles de bains, finement restaur\u00e9es, cr\u00e9ent une atmosph\u00e8re moderne offrant tous les services n\u00e9cessaires \u00e0 nos h\u00f4tes.<\/p>\n","protected":false},"excerpt":{"rendered":"<p>Les chambres de la cat\u00e9gorie Queen ont une superficie d&rsquo;environ 21 m\u00e8tres carr\u00e9s. Leur point fort est le magnifique balcon qui surplombe la piscine priv\u00e9e de notre h\u00f4tel. La piscine \u00e9quip\u00e9e de transats et de parasols est entour\u00e9e de plantes typiques de citronniers et de kumquats, comme le veut la tradition de la ville de [&hellip;]<\/p>\n","protected":false},"author":26,"featured_media":0,"parent":348,"menu_order":50,"comment_status":"closed","ping_status":"closed","template":"template-single-room.php","meta":{"footnotes":""},"class_list":["post-352","page","type-page","status-publish","hentry"],"yoast_head":"<!-- This site is optimized with the Yoast SEO plugin v27.3 - https:\/\/yoast.com\/product\/yoast-seo-wordpress\/ -->\n<title>Queen &#183; Hotel Cannero &#183;<\/title>\n<meta name=\"description\" content=\"Les chambres de la cat\u00e9gorie Queen ont une superficie d&#039;environ 21 m\u00e8tres carr\u00e9s. Leur point fort est le magnifique balcon qui surplombe la piscine priv\u00e9e de notre h\u00f4tel.  La piscine \u00e9quip\u00e9e de transats et de parasols est entour\u00e9e de plantes typiques de citronniers et de kumquats, comme le veut la tradition de la ville de Cannero Riviera o\u00f9 les agrumes sont cultiv\u00e9s \u00e0 l&#039;ext\u00e9rieur m\u00eame pendant les mois d&#039;hiver.  Les salles de bains, finement restaur\u00e9es, cr\u00e9ent une atmosph\u00e8re moderne offrant tous les services n\u00e9cessaires \u00e0 nos h\u00f4tes.\" \/>\n<meta name=\"robots\" content=\"index, follow, max-snippet:-1, max-image-preview:large, max-video-preview:-1\" \/>\n<link rel=\"canonical\" href=\"https:\/\/www.hotelcannero.com\/fr\/chambres-et-suites\/queen\/\" \/>\n<meta property=\"og:locale\" content=\"fr_FR\" \/>\n<meta property=\"og:type\" content=\"article\" \/>\n<meta property=\"og:title\" content=\"Queen &#183; Hotel Cannero &#183;\" \/>\n<meta property=\"og:description\" content=\"Les chambres de la cat\u00e9gorie Queen ont une superficie d&#039;environ 21 m\u00e8tres carr\u00e9s. Leur point fort est le magnifique balcon qui surplombe la piscine priv\u00e9e de notre h\u00f4tel.  La piscine \u00e9quip\u00e9e de transats et de parasols est entour\u00e9e de plantes typiques de citronniers et de kumquats, comme le veut la tradition de la ville de Cannero Riviera o\u00f9 les agrumes sont cultiv\u00e9s \u00e0 l&#039;ext\u00e9rieur m\u00eame pendant les mois d&#039;hiver.  Les salles de bains, finement restaur\u00e9es, cr\u00e9ent une atmosph\u00e8re moderne offrant tous les services n\u00e9cessaires \u00e0 nos h\u00f4tes.\" \/>\n<meta property=\"og:url\" content=\"https:\/\/www.hotelcannero.com\/fr\/chambres-et-suites\/queen\/\" \/>\n<meta property=\"og:site_name\" content=\"Hotel Cannero\" \/>\n<meta property=\"article:modified_time\" content=\"2024-06-20T16:02:35+00:00\" \/>\n<meta name=\"twitter:card\" content=\"summary_large_image\" \/>\n<meta name=\"twitter:label1\" content=\"Dur\u00e9e de lecture estim\u00e9e\" \/>\n\t<meta name=\"twitter:data1\" content=\"1 minute\" \/>\n<script type=\"application\/ld+json\" class=\"yoast-schema-graph\">{\"@context\":\"https:\\\/\\\/schema.org\",\"@graph\":[{\"@type\":\"WebPage\",\"@id\":\"https:\\\/\\\/www.hotelcannero.com\\\/fr\\\/chambres-et-suites\\\/queen\\\/\",\"url\":\"https:\\\/\\\/www.hotelcannero.com\\\/fr\\\/chambres-et-suites\\\/queen\\\/\",\"name\":\"Queen &#183; Hotel Cannero &#183;\",\"isPartOf\":{\"@id\":\"https:\\\/\\\/www.hotelcannero.com\\\/fr\\\/#website\"},\"datePublished\":\"2023-05-16T15:48:15+00:00\",\"dateModified\":\"2024-06-20T16:02:35+00:00\",\"description\":\"Les chambres de la cat\u00e9gorie Queen ont une superficie d'environ 21 m\u00e8tres carr\u00e9s. Leur point fort est le magnifique balcon qui surplombe la piscine priv\u00e9e de notre h\u00f4tel. La piscine \u00e9quip\u00e9e de transats et de parasols est entour\u00e9e de plantes typiques de citronniers et de kumquats, comme le veut la tradition de la ville de Cannero Riviera o\u00f9 les agrumes sont cultiv\u00e9s \u00e0 l'ext\u00e9rieur m\u00eame pendant les mois d'hiver. Les salles de bains, finement restaur\u00e9es, cr\u00e9ent une atmosph\u00e8re moderne offrant tous les services n\u00e9cessaires \u00e0 nos h\u00f4tes.\",\"breadcrumb\":{\"@id\":\"https:\\\/\\\/www.hotelcannero.com\\\/fr\\\/chambres-et-suites\\\/queen\\\/#breadcrumb\"},\"inLanguage\":\"fr-FR\",\"potentialAction\":[{\"@type\":\"ReadAction\",\"target\":[\"https:\\\/\\\/www.hotelcannero.com\\\/fr\\\/chambres-et-suites\\\/queen\\\/\"]}]},{\"@type\":\"BreadcrumbList\",\"@id\":\"https:\\\/\\\/www.hotelcannero.com\\\/fr\\\/chambres-et-suites\\\/queen\\\/#breadcrumb\",\"itemListElement\":[{\"@type\":\"ListItem\",\"position\":1,\"name\":\"Home\",\"item\":\"https:\\\/\\\/www.hotelcannero.com\\\/fr\\\/\"},{\"@type\":\"ListItem\",\"position\":2,\"name\":\"Chambres et suites\",\"item\":\"https:\\\/\\\/www.hotelcannero.com\\\/fr\\\/chambres-et-suites\\\/\"},{\"@type\":\"ListItem\",\"position\":3,\"name\":\"Queen\"}]},{\"@type\":\"WebSite\",\"@id\":\"https:\\\/\\\/www.hotelcannero.com\\\/fr\\\/#website\",\"url\":\"https:\\\/\\\/www.hotelcannero.com\\\/fr\\\/\",\"name\":\"Hotel Cannero\",\"description\":\"\",\"potentialAction\":[{\"@type\":\"SearchAction\",\"target\":{\"@type\":\"EntryPoint\",\"urlTemplate\":\"https:\\\/\\\/www.hotelcannero.com\\\/fr\\\/?s={search_term_string}\"},\"query-input\":{\"@type\":\"PropertyValueSpecification\",\"valueRequired\":true,\"valueName\":\"search_term_string\"}}],\"inLanguage\":\"fr-FR\"}]}<\/script>\n<!-- \/ Yoast SEO plugin. -->","yoast_head_json":{"title":"Queen &#183; Hotel Cannero &#183;","description":"Les chambres de la cat\u00e9gorie Queen ont une superficie d'environ 21 m\u00e8tres carr\u00e9s. Leur point fort est le magnifique balcon qui surplombe la piscine priv\u00e9e de notre h\u00f4tel.  La piscine \u00e9quip\u00e9e de transats et de parasols est entour\u00e9e de plantes typiques de citronniers et de kumquats, comme le veut la tradition de la ville de Cannero Riviera o\u00f9 les agrumes sont cultiv\u00e9s \u00e0 l'ext\u00e9rieur m\u00eame pendant les mois d'hiver.  Les salles de bains, finement restaur\u00e9es, cr\u00e9ent une atmosph\u00e8re moderne offrant tous les services n\u00e9cessaires \u00e0 nos h\u00f4tes.","robots":{"index":"index","follow":"follow","max-snippet":"max-snippet:-1","max-image-preview":"max-image-preview:large","max-video-preview":"max-video-preview:-1"},"canonical":"https:\/\/www.hotelcannero.com\/fr\/chambres-et-suites\/queen\/","og_locale":"fr_FR","og_type":"article","og_title":"Queen &#183; Hotel Cannero &#183;","og_description":"Les chambres de la cat\u00e9gorie Queen ont une superficie d'environ 21 m\u00e8tres carr\u00e9s. Leur point fort est le magnifique balcon qui surplombe la piscine priv\u00e9e de notre h\u00f4tel.  La piscine \u00e9quip\u00e9e de transats et de parasols est entour\u00e9e de plantes typiques de citronniers et de kumquats, comme le veut la tradition de la ville de Cannero Riviera o\u00f9 les agrumes sont cultiv\u00e9s \u00e0 l'ext\u00e9rieur m\u00eame pendant les mois d'hiver.  Les salles de bains, finement restaur\u00e9es, cr\u00e9ent une atmosph\u00e8re moderne offrant tous les services n\u00e9cessaires \u00e0 nos h\u00f4tes.","og_url":"https:\/\/www.hotelcannero.com\/fr\/chambres-et-suites\/queen\/","og_site_name":"Hotel Cannero","article_modified_time":"2024-06-20T16:02:35+00:00","twitter_card":"summary_large_image","twitter_misc":{"Dur\u00e9e de lecture estim\u00e9e":"1 minute"},"schema":{"@context":"https:\/\/schema.org","@graph":[{"@type":"WebPage","@id":"https:\/\/www.hotelcannero.com\/fr\/chambres-et-suites\/queen\/","url":"https:\/\/www.hotelcannero.com\/fr\/chambres-et-suites\/queen\/","name":"Queen &#183; Hotel Cannero &#183;","isPartOf":{"@id":"https:\/\/www.hotelcannero.com\/fr\/#website"},"datePublished":"2023-05-16T15:48:15+00:00","dateModified":"2024-06-20T16:02:35+00:00","description":"Les chambres de la cat\u00e9gorie Queen ont une superficie d'environ 21 m\u00e8tres carr\u00e9s. Leur point fort est le magnifique balcon qui surplombe la piscine priv\u00e9e de notre h\u00f4tel. La piscine \u00e9quip\u00e9e de transats et de parasols est entour\u00e9e de plantes typiques de citronniers et de kumquats, comme le veut la tradition de la ville de Cannero Riviera o\u00f9 les agrumes sont cultiv\u00e9s \u00e0 l'ext\u00e9rieur m\u00eame pendant les mois d'hiver. Les salles de bains, finement restaur\u00e9es, cr\u00e9ent une atmosph\u00e8re moderne offrant tous les services n\u00e9cessaires \u00e0 nos h\u00f4tes.","breadcrumb":{"@id":"https:\/\/www.hotelcannero.com\/fr\/chambres-et-suites\/queen\/#breadcrumb"},"inLanguage":"fr-FR","potentialAction":[{"@type":"ReadAction","target":["https:\/\/www.hotelcannero.com\/fr\/chambres-et-suites\/queen\/"]}]},{"@type":"BreadcrumbList","@id":"https:\/\/www.hotelcannero.com\/fr\/chambres-et-suites\/queen\/#breadcrumb","itemListElement":[{"@type":"ListItem","position":1,"name":"Home","item":"https:\/\/www.hotelcannero.com\/fr\/"},{"@type":"ListItem","position":2,"name":"Chambres et suites","item":"https:\/\/www.hotelcannero.com\/fr\/chambres-et-suites\/"},{"@type":"ListItem","position":3,"name":"Queen"}]},{"@type":"WebSite","@id":"https:\/\/www.hotelcannero.com\/fr\/#website","url":"https:\/\/www.hotelcannero.com\/fr\/","name":"Hotel Cannero","description":"","potentialAction":[{"@type":"SearchAction","target":{"@type":"EntryPoint","urlTemplate":"https:\/\/www.hotelcannero.com\/fr\/?s={search_term_string}"},"query-input":{"@type":"PropertyValueSpecification","valueRequired":true,"valueName":"search_term_string"}}],"inLanguage":"fr-FR"}]}},"acf":[],"_links":{"self":[{"href":"https:\/\/www.hotelcannero.com\/fr\/wp-json\/wp\/v2\/pages\/352","targetHints":{"allow":["GET"]}}],"collection":[{"href":"https:\/\/www.hotelcannero.com\/fr\/wp-json\/wp\/v2\/pages"}],"about":[{"href":"https:\/\/www.hotelcannero.com\/fr\/wp-json\/wp\/v2\/types\/page"}],"author":[{"embeddable":true,"href":"https:\/\/www.hotelcannero.com\/fr\/wp-json\/wp\/v2\/users\/26"}],"replies":[{"embeddable":true,"href":"https:\/\/www.hotelcannero.com\/fr\/wp-json\/wp\/v2\/comments?post=352"}],"version-history":[{"count":0,"href":"https:\/\/www.hotelcannero.com\/fr\/wp-json\/wp\/v2\/pages\/352\/revisions"}],"up":[{"embeddable":true,"href":"https:\/\/www.hotelcannero.com\/fr\/wp-json\/wp\/v2\/pages\/348"}],"wp:attachment":[{"href":"https:\/\/www.hotelcannero.com\/fr\/wp-json\/wp\/v2\/media?parent=352"}],"curies":[{"name":"wp","href":"https:\/\/api.w.org\/{rel}","templated":true}]}}