{"id":354,"date":"2023-05-16T15:48:34","date_gmt":"2023-05-16T15:48:34","guid":{"rendered":"https:\/\/hotelcannero.ms2.decms.eu\/?page_id=354"},"modified":"2023-05-18T10:02:54","modified_gmt":"2023-05-18T10:02:54","slug":"easy","status":"publish","type":"page","link":"https:\/\/www.hotelcannero.com\/fr\/chambres-et-suites\/easy\/","title":{"rendered":"Easy"},"content":{"rendered":"<p>Les chambres Easy, recommand\u00e9es pour les s\u00e9jours de courte dur\u00e9e, ont une superficie d&rsquo;environ 20 m\u00e8tres carr\u00e9s. Parmi les cat\u00e9gories de notre H\u00f4tel, ce sont les plus simples et les moins ch\u00e8res, mais malgr\u00e9 cela, elles sont trait\u00e9es en d\u00e9tail afin de rendre le s\u00e9jour de nos clients agr\u00e9able et relaxant.<\/p>\n<p>Certaines d&rsquo;entre elles donnent sur notre Courtyard delle Palme, la cour int\u00e9rieure classique de notre h\u00f4tel, tandis que d&rsquo;autres donnent sur une petite rue historique de Cannero Riviera.<\/p>\n<p>Ils ont des portes-fen\u00eatres, qui permettent une vue plus \u00e9tendue.<\/p>\n<p>Toutes les salles de bains, r\u00e9cemment r\u00e9nov\u00e9es, disposent d&rsquo;une douche et de tous les services n\u00e9cessaires au bien-\u00eatre des clients.<\/p>\n","protected":false},"excerpt":{"rendered":"<p>Les chambres Easy, recommand\u00e9es pour les s\u00e9jours de courte dur\u00e9e, ont une superficie d&rsquo;environ 20 m\u00e8tres carr\u00e9s. Parmi les cat\u00e9gories de notre H\u00f4tel, ce sont les plus simples et les moins ch\u00e8res, mais malgr\u00e9 cela, elles sont trait\u00e9es en d\u00e9tail afin de rendre le s\u00e9jour de nos clients agr\u00e9able et relaxant. Certaines d&rsquo;entre elles donnent [&hellip;]<\/p>\n","protected":false},"author":26,"featured_media":0,"parent":348,"menu_order":70,"comment_status":"closed","ping_status":"closed","template":"template-single-room.php","meta":{"footnotes":""},"yoast_head":"<!-- This site is optimized with the Yoast SEO plugin v22.3 - https:\/\/yoast.com\/wordpress\/plugins\/seo\/ -->\n<title>Easy &#183; Hotel Cannero &#183;<\/title>\n<meta name=\"description\" content=\"Les chambres Easy, recommand\u00e9es pour les s\u00e9jours de courte dur\u00e9e, ont une superficie d&#039;environ 20 m\u00e8tres carr\u00e9s. Parmi les cat\u00e9gories de notre H\u00f4tel, ce sont les plus simples et les moins ch\u00e8res, mais malgr\u00e9 cela, elles sont trait\u00e9es en d\u00e9tail afin de rendre le s\u00e9jour de nos clients agr\u00e9able et relaxant.  Certaines d&#039;entre elles donnent sur notre Courtyard delle Palme, la cour int\u00e9rieure classique de notre h\u00f4tel, tandis que d&#039;autres donnent sur une petite rue historique de Cannero Riviera.  Ils ont des portes-fen\u00eatres, qui permettent une vue plus \u00e9tendue.  Toutes les salles de bains, r\u00e9cemment r\u00e9nov\u00e9es, disposent d&#039;une douche et de tous les services n\u00e9cessaires au bien-\u00eatre des clients.\" \/>\n<meta name=\"robots\" content=\"index, follow, max-snippet:-1, max-image-preview:large, max-video-preview:-1\" \/>\n<link rel=\"canonical\" href=\"https:\/\/www.hotelcannero.com\/fr\/chambres-et-suites\/easy\/\" \/>\n<meta property=\"og:locale\" content=\"fr_FR\" \/>\n<meta property=\"og:type\" content=\"article\" \/>\n<meta property=\"og:title\" content=\"Easy &#183; Hotel Cannero &#183;\" \/>\n<meta property=\"og:description\" content=\"Les chambres Easy, recommand\u00e9es pour les s\u00e9jours de courte dur\u00e9e, ont une superficie d&#039;environ 20 m\u00e8tres carr\u00e9s. Parmi les cat\u00e9gories de notre H\u00f4tel, ce sont les plus simples et les moins ch\u00e8res, mais malgr\u00e9 cela, elles sont trait\u00e9es en d\u00e9tail afin de rendre le s\u00e9jour de nos clients agr\u00e9able et relaxant.  Certaines d&#039;entre elles donnent sur notre Courtyard delle Palme, la cour int\u00e9rieure classique de notre h\u00f4tel, tandis que d&#039;autres donnent sur une petite rue historique de Cannero Riviera.  Ils ont des portes-fen\u00eatres, qui permettent une vue plus \u00e9tendue.  Toutes les salles de bains, r\u00e9cemment r\u00e9nov\u00e9es, disposent d&#039;une douche et de tous les services n\u00e9cessaires au bien-\u00eatre des clients.\" \/>\n<meta property=\"og:url\" content=\"https:\/\/www.hotelcannero.com\/fr\/chambres-et-suites\/easy\/\" \/>\n<meta property=\"og:site_name\" content=\"Hotel Cannero\" \/>\n<meta property=\"article:modified_time\" content=\"2023-05-18T10:02:54+00:00\" \/>\n<meta name=\"twitter:card\" content=\"summary_large_image\" \/>\n<meta name=\"twitter:label1\" content=\"Dur\u00e9e de lecture estim\u00e9e\" \/>\n\t<meta name=\"twitter:data1\" content=\"1 minute\" \/>\n<script type=\"application\/ld+json\" class=\"yoast-schema-graph\">{\"@context\":\"https:\/\/schema.org\",\"@graph\":[{\"@type\":\"WebPage\",\"@id\":\"https:\/\/www.hotelcannero.com\/fr\/chambres-et-suites\/easy\/\",\"url\":\"https:\/\/www.hotelcannero.com\/fr\/chambres-et-suites\/easy\/\",\"name\":\"Easy &#183; Hotel Cannero &#183;\",\"isPartOf\":{\"@id\":\"https:\/\/www.hotelcannero.com\/fr\/#website\"},\"datePublished\":\"2023-05-16T15:48:34+00:00\",\"dateModified\":\"2023-05-18T10:02:54+00:00\",\"description\":\"Les chambres Easy, recommand\u00e9es pour les s\u00e9jours de courte dur\u00e9e, ont une superficie d'environ 20 m\u00e8tres carr\u00e9s. Parmi les cat\u00e9gories de notre H\u00f4tel, ce sont les plus simples et les moins ch\u00e8res, mais malgr\u00e9 cela, elles sont trait\u00e9es en d\u00e9tail afin de rendre le s\u00e9jour de nos clients agr\u00e9able et relaxant. Certaines d'entre elles donnent sur notre Courtyard delle Palme, la cour int\u00e9rieure classique de notre h\u00f4tel, tandis que d'autres donnent sur une petite rue historique de Cannero Riviera. Ils ont des portes-fen\u00eatres, qui permettent une vue plus \u00e9tendue. Toutes les salles de bains, r\u00e9cemment r\u00e9nov\u00e9es, disposent d'une douche et de tous les services n\u00e9cessaires au bien-\u00eatre des clients.\",\"breadcrumb\":{\"@id\":\"https:\/\/www.hotelcannero.com\/fr\/chambres-et-suites\/easy\/#breadcrumb\"},\"inLanguage\":\"fr-FR\",\"potentialAction\":[{\"@type\":\"ReadAction\",\"target\":[\"https:\/\/www.hotelcannero.com\/fr\/chambres-et-suites\/easy\/\"]}]},{\"@type\":\"BreadcrumbList\",\"@id\":\"https:\/\/www.hotelcannero.com\/fr\/chambres-et-suites\/easy\/#breadcrumb\",\"itemListElement\":[{\"@type\":\"ListItem\",\"position\":1,\"name\":\"Home\",\"item\":\"https:\/\/www.hotelcannero.com\/fr\/\"},{\"@type\":\"ListItem\",\"position\":2,\"name\":\"Chambres et suites\",\"item\":\"https:\/\/www.hotelcannero.com\/fr\/chambres-et-suites\/\"},{\"@type\":\"ListItem\",\"position\":3,\"name\":\"Easy\"}]},{\"@type\":\"WebSite\",\"@id\":\"https:\/\/www.hotelcannero.com\/fr\/#website\",\"url\":\"https:\/\/www.hotelcannero.com\/fr\/\",\"name\":\"Hotel Cannero\",\"description\":\"\",\"potentialAction\":[{\"@type\":\"SearchAction\",\"target\":{\"@type\":\"EntryPoint\",\"urlTemplate\":\"https:\/\/www.hotelcannero.com\/fr\/?s={search_term_string}\"},\"query-input\":\"required name=search_term_string\"}],\"inLanguage\":\"fr-FR\"}]}<\/script>\n<!-- \/ Yoast SEO plugin. -->","yoast_head_json":{"title":"Easy &#183; Hotel Cannero &#183;","description":"Les chambres Easy, recommand\u00e9es pour les s\u00e9jours de courte dur\u00e9e, ont une superficie d'environ 20 m\u00e8tres carr\u00e9s. Parmi les cat\u00e9gories de notre H\u00f4tel, ce sont les plus simples et les moins ch\u00e8res, mais malgr\u00e9 cela, elles sont trait\u00e9es en d\u00e9tail afin de rendre le s\u00e9jour de nos clients agr\u00e9able et relaxant.  Certaines d'entre elles donnent sur notre Courtyard delle Palme, la cour int\u00e9rieure classique de notre h\u00f4tel, tandis que d'autres donnent sur une petite rue historique de Cannero Riviera.  Ils ont des portes-fen\u00eatres, qui permettent une vue plus \u00e9tendue.  Toutes les salles de bains, r\u00e9cemment r\u00e9nov\u00e9es, disposent d'une douche et de tous les services n\u00e9cessaires au bien-\u00eatre des clients.","robots":{"index":"index","follow":"follow","max-snippet":"max-snippet:-1","max-image-preview":"max-image-preview:large","max-video-preview":"max-video-preview:-1"},"canonical":"https:\/\/www.hotelcannero.com\/fr\/chambres-et-suites\/easy\/","og_locale":"fr_FR","og_type":"article","og_title":"Easy &#183; Hotel Cannero &#183;","og_description":"Les chambres Easy, recommand\u00e9es pour les s\u00e9jours de courte dur\u00e9e, ont une superficie d'environ 20 m\u00e8tres carr\u00e9s. Parmi les cat\u00e9gories de notre H\u00f4tel, ce sont les plus simples et les moins ch\u00e8res, mais malgr\u00e9 cela, elles sont trait\u00e9es en d\u00e9tail afin de rendre le s\u00e9jour de nos clients agr\u00e9able et relaxant.  Certaines d'entre elles donnent sur notre Courtyard delle Palme, la cour int\u00e9rieure classique de notre h\u00f4tel, tandis que d'autres donnent sur une petite rue historique de Cannero Riviera.  Ils ont des portes-fen\u00eatres, qui permettent une vue plus \u00e9tendue.  Toutes les salles de bains, r\u00e9cemment r\u00e9nov\u00e9es, disposent d'une douche et de tous les services n\u00e9cessaires au bien-\u00eatre des clients.","og_url":"https:\/\/www.hotelcannero.com\/fr\/chambres-et-suites\/easy\/","og_site_name":"Hotel Cannero","article_modified_time":"2023-05-18T10:02:54+00:00","twitter_card":"summary_large_image","twitter_misc":{"Dur\u00e9e de lecture estim\u00e9e":"1 minute"},"schema":{"@context":"https:\/\/schema.org","@graph":[{"@type":"WebPage","@id":"https:\/\/www.hotelcannero.com\/fr\/chambres-et-suites\/easy\/","url":"https:\/\/www.hotelcannero.com\/fr\/chambres-et-suites\/easy\/","name":"Easy &#183; Hotel Cannero &#183;","isPartOf":{"@id":"https:\/\/www.hotelcannero.com\/fr\/#website"},"datePublished":"2023-05-16T15:48:34+00:00","dateModified":"2023-05-18T10:02:54+00:00","description":"Les chambres Easy, recommand\u00e9es pour les s\u00e9jours de courte dur\u00e9e, ont une superficie d'environ 20 m\u00e8tres carr\u00e9s. Parmi les cat\u00e9gories de notre H\u00f4tel, ce sont les plus simples et les moins ch\u00e8res, mais malgr\u00e9 cela, elles sont trait\u00e9es en d\u00e9tail afin de rendre le s\u00e9jour de nos clients agr\u00e9able et relaxant. Certaines d'entre elles donnent sur notre Courtyard delle Palme, la cour int\u00e9rieure classique de notre h\u00f4tel, tandis que d'autres donnent sur une petite rue historique de Cannero Riviera. Ils ont des portes-fen\u00eatres, qui permettent une vue plus \u00e9tendue. Toutes les salles de bains, r\u00e9cemment r\u00e9nov\u00e9es, disposent d'une douche et de tous les services n\u00e9cessaires au bien-\u00eatre des clients.","breadcrumb":{"@id":"https:\/\/www.hotelcannero.com\/fr\/chambres-et-suites\/easy\/#breadcrumb"},"inLanguage":"fr-FR","potentialAction":[{"@type":"ReadAction","target":["https:\/\/www.hotelcannero.com\/fr\/chambres-et-suites\/easy\/"]}]},{"@type":"BreadcrumbList","@id":"https:\/\/www.hotelcannero.com\/fr\/chambres-et-suites\/easy\/#breadcrumb","itemListElement":[{"@type":"ListItem","position":1,"name":"Home","item":"https:\/\/www.hotelcannero.com\/fr\/"},{"@type":"ListItem","position":2,"name":"Chambres et suites","item":"https:\/\/www.hotelcannero.com\/fr\/chambres-et-suites\/"},{"@type":"ListItem","position":3,"name":"Easy"}]},{"@type":"WebSite","@id":"https:\/\/www.hotelcannero.com\/fr\/#website","url":"https:\/\/www.hotelcannero.com\/fr\/","name":"Hotel Cannero","description":"","potentialAction":[{"@type":"SearchAction","target":{"@type":"EntryPoint","urlTemplate":"https:\/\/www.hotelcannero.com\/fr\/?s={search_term_string}"},"query-input":"required name=search_term_string"}],"inLanguage":"fr-FR"}]}},"acf":[],"_links":{"self":[{"href":"https:\/\/www.hotelcannero.com\/fr\/wp-json\/wp\/v2\/pages\/354"}],"collection":[{"href":"https:\/\/www.hotelcannero.com\/fr\/wp-json\/wp\/v2\/pages"}],"about":[{"href":"https:\/\/www.hotelcannero.com\/fr\/wp-json\/wp\/v2\/types\/page"}],"author":[{"embeddable":true,"href":"https:\/\/www.hotelcannero.com\/fr\/wp-json\/wp\/v2\/users\/26"}],"replies":[{"embeddable":true,"href":"https:\/\/www.hotelcannero.com\/fr\/wp-json\/wp\/v2\/comments?post=354"}],"version-history":[{"count":0,"href":"https:\/\/www.hotelcannero.com\/fr\/wp-json\/wp\/v2\/pages\/354\/revisions"}],"up":[{"embeddable":true,"href":"https:\/\/www.hotelcannero.com\/fr\/wp-json\/wp\/v2\/pages\/348"}],"wp:attachment":[{"href":"https:\/\/www.hotelcannero.com\/fr\/wp-json\/wp\/v2\/media?parent=354"}],"curies":[{"name":"wp","href":"https:\/\/api.w.org\/{rel}","templated":true}]}}