{"id":356,"date":"2023-05-16T15:50:56","date_gmt":"2023-05-16T15:50:56","guid":{"rendered":"https:\/\/hotelcannero.ms2.decms.eu\/?page_id=356"},"modified":"2023-05-16T15:50:56","modified_gmt":"2023-05-16T15:50:56","slug":"cafe-le-vele","status":"publish","type":"page","link":"https:\/\/www.hotelcannero.com\/fr\/cafe-le-vele\/","title":{"rendered":"Caf\u00e9 Le Vele"},"content":{"rendered":"<p>Le bar est situ\u00e9 \u00e0 l&rsquo;int\u00e9rieur de l&rsquo;h\u00f4tel et prend le nom de Caff\u00e8 Le Vele. Ici, des boissons et des collations sont servies, accompagn\u00e9es d&rsquo;une atmosph\u00e8re agr\u00e9able.<\/p>\n<p>Des soir\u00e9es musicales sont \u00e9galement organis\u00e9es pour \u00e9gayer le s\u00e9jour des h\u00f4tes et favoriser une atmosph\u00e8re de d\u00e9tente et l&rsquo;envie de partager d&rsquo;agr\u00e9ables moments en compagnie des \u00eatres chers.<\/p>\n","protected":false},"excerpt":{"rendered":"<p>Le bar est situ\u00e9 \u00e0 l&rsquo;int\u00e9rieur de l&rsquo;h\u00f4tel et prend le nom de Caff\u00e8 Le Vele. Ici, des boissons et des collations sont servies, accompagn\u00e9es d&rsquo;une atmosph\u00e8re agr\u00e9able. Des soir\u00e9es musicales sont \u00e9galement organis\u00e9es pour \u00e9gayer le s\u00e9jour des h\u00f4tes et favoriser une atmosph\u00e8re de d\u00e9tente et l&rsquo;envie de partager d&rsquo;agr\u00e9ables moments en compagnie des [&hellip;]<\/p>\n","protected":false},"author":26,"featured_media":0,"parent":0,"menu_order":40,"comment_status":"closed","ping_status":"closed","template":"template-single-restaurant.php","meta":{"footnotes":""},"yoast_head":"<!-- This site is optimized with the Yoast SEO plugin v22.3 - https:\/\/yoast.com\/wordpress\/plugins\/seo\/ -->\n<title>Caf\u00e9 Le Vele &#183; Hotel Cannero &#183;<\/title>\n<meta name=\"description\" content=\"Le bar est situ\u00e9 \u00e0 l&#039;int\u00e9rieur de l&#039;h\u00f4tel et prend le nom de Caff\u00e8 Le Vele. Ici, des boissons et des collations sont servies, accompagn\u00e9es d&#039;une atmosph\u00e8re agr\u00e9able.  Des soir\u00e9es musicales sont \u00e9galement organis\u00e9es pour \u00e9gayer le s\u00e9jour des h\u00f4tes et favoriser une atmosph\u00e8re de d\u00e9tente et l&#039;envie de partager d&#039;agr\u00e9ables moments en compagnie des \u00eatres chers.\" \/>\n<meta name=\"robots\" content=\"index, follow, max-snippet:-1, max-image-preview:large, max-video-preview:-1\" \/>\n<link rel=\"canonical\" href=\"https:\/\/www.hotelcannero.com\/fr\/cafe-le-vele\/\" \/>\n<meta property=\"og:locale\" content=\"fr_FR\" \/>\n<meta property=\"og:type\" content=\"article\" \/>\n<meta property=\"og:title\" content=\"Caf\u00e9 Le Vele &#183; Hotel Cannero &#183;\" \/>\n<meta property=\"og:description\" content=\"Le bar est situ\u00e9 \u00e0 l&#039;int\u00e9rieur de l&#039;h\u00f4tel et prend le nom de Caff\u00e8 Le Vele. Ici, des boissons et des collations sont servies, accompagn\u00e9es d&#039;une atmosph\u00e8re agr\u00e9able.  Des soir\u00e9es musicales sont \u00e9galement organis\u00e9es pour \u00e9gayer le s\u00e9jour des h\u00f4tes et favoriser une atmosph\u00e8re de d\u00e9tente et l&#039;envie de partager d&#039;agr\u00e9ables moments en compagnie des \u00eatres chers.\" \/>\n<meta property=\"og:url\" content=\"https:\/\/www.hotelcannero.com\/fr\/cafe-le-vele\/\" \/>\n<meta property=\"og:site_name\" content=\"Hotel Cannero\" \/>\n<meta name=\"twitter:card\" content=\"summary_large_image\" \/>\n<script type=\"application\/ld+json\" class=\"yoast-schema-graph\">{\"@context\":\"https:\/\/schema.org\",\"@graph\":[{\"@type\":\"WebPage\",\"@id\":\"https:\/\/www.hotelcannero.com\/fr\/cafe-le-vele\/\",\"url\":\"https:\/\/www.hotelcannero.com\/fr\/cafe-le-vele\/\",\"name\":\"Caf\u00e9 Le Vele &#183; Hotel Cannero &#183;\",\"isPartOf\":{\"@id\":\"https:\/\/www.hotelcannero.com\/fr\/#website\"},\"datePublished\":\"2023-05-16T15:50:56+00:00\",\"dateModified\":\"2023-05-16T15:50:56+00:00\",\"description\":\"Le bar est situ\u00e9 \u00e0 l'int\u00e9rieur de l'h\u00f4tel et prend le nom de Caff\u00e8 Le Vele. Ici, des boissons et des collations sont servies, accompagn\u00e9es d'une atmosph\u00e8re agr\u00e9able. Des soir\u00e9es musicales sont \u00e9galement organis\u00e9es pour \u00e9gayer le s\u00e9jour des h\u00f4tes et favoriser une atmosph\u00e8re de d\u00e9tente et l'envie de partager d'agr\u00e9ables moments en compagnie des \u00eatres chers.\",\"breadcrumb\":{\"@id\":\"https:\/\/www.hotelcannero.com\/fr\/cafe-le-vele\/#breadcrumb\"},\"inLanguage\":\"fr-FR\",\"potentialAction\":[{\"@type\":\"ReadAction\",\"target\":[\"https:\/\/www.hotelcannero.com\/fr\/cafe-le-vele\/\"]}]},{\"@type\":\"BreadcrumbList\",\"@id\":\"https:\/\/www.hotelcannero.com\/fr\/cafe-le-vele\/#breadcrumb\",\"itemListElement\":[{\"@type\":\"ListItem\",\"position\":1,\"name\":\"Home\",\"item\":\"https:\/\/www.hotelcannero.com\/fr\/\"},{\"@type\":\"ListItem\",\"position\":2,\"name\":\"Caf\u00e9 Le Vele\"}]},{\"@type\":\"WebSite\",\"@id\":\"https:\/\/www.hotelcannero.com\/fr\/#website\",\"url\":\"https:\/\/www.hotelcannero.com\/fr\/\",\"name\":\"Hotel Cannero\",\"description\":\"\",\"potentialAction\":[{\"@type\":\"SearchAction\",\"target\":{\"@type\":\"EntryPoint\",\"urlTemplate\":\"https:\/\/www.hotelcannero.com\/fr\/?s={search_term_string}\"},\"query-input\":\"required name=search_term_string\"}],\"inLanguage\":\"fr-FR\"}]}<\/script>\n<!-- \/ Yoast SEO plugin. -->","yoast_head_json":{"title":"Caf\u00e9 Le Vele &#183; Hotel Cannero &#183;","description":"Le bar est situ\u00e9 \u00e0 l'int\u00e9rieur de l'h\u00f4tel et prend le nom de Caff\u00e8 Le Vele. Ici, des boissons et des collations sont servies, accompagn\u00e9es d'une atmosph\u00e8re agr\u00e9able.  Des soir\u00e9es musicales sont \u00e9galement organis\u00e9es pour \u00e9gayer le s\u00e9jour des h\u00f4tes et favoriser une atmosph\u00e8re de d\u00e9tente et l'envie de partager d'agr\u00e9ables moments en compagnie des \u00eatres chers.","robots":{"index":"index","follow":"follow","max-snippet":"max-snippet:-1","max-image-preview":"max-image-preview:large","max-video-preview":"max-video-preview:-1"},"canonical":"https:\/\/www.hotelcannero.com\/fr\/cafe-le-vele\/","og_locale":"fr_FR","og_type":"article","og_title":"Caf\u00e9 Le Vele &#183; Hotel Cannero &#183;","og_description":"Le bar est situ\u00e9 \u00e0 l'int\u00e9rieur de l'h\u00f4tel et prend le nom de Caff\u00e8 Le Vele. Ici, des boissons et des collations sont servies, accompagn\u00e9es d'une atmosph\u00e8re agr\u00e9able.  Des soir\u00e9es musicales sont \u00e9galement organis\u00e9es pour \u00e9gayer le s\u00e9jour des h\u00f4tes et favoriser une atmosph\u00e8re de d\u00e9tente et l'envie de partager d'agr\u00e9ables moments en compagnie des \u00eatres chers.","og_url":"https:\/\/www.hotelcannero.com\/fr\/cafe-le-vele\/","og_site_name":"Hotel Cannero","twitter_card":"summary_large_image","schema":{"@context":"https:\/\/schema.org","@graph":[{"@type":"WebPage","@id":"https:\/\/www.hotelcannero.com\/fr\/cafe-le-vele\/","url":"https:\/\/www.hotelcannero.com\/fr\/cafe-le-vele\/","name":"Caf\u00e9 Le Vele &#183; Hotel Cannero &#183;","isPartOf":{"@id":"https:\/\/www.hotelcannero.com\/fr\/#website"},"datePublished":"2023-05-16T15:50:56+00:00","dateModified":"2023-05-16T15:50:56+00:00","description":"Le bar est situ\u00e9 \u00e0 l'int\u00e9rieur de l'h\u00f4tel et prend le nom de Caff\u00e8 Le Vele. Ici, des boissons et des collations sont servies, accompagn\u00e9es d'une atmosph\u00e8re agr\u00e9able. Des soir\u00e9es musicales sont \u00e9galement organis\u00e9es pour \u00e9gayer le s\u00e9jour des h\u00f4tes et favoriser une atmosph\u00e8re de d\u00e9tente et l'envie de partager d'agr\u00e9ables moments en compagnie des \u00eatres chers.","breadcrumb":{"@id":"https:\/\/www.hotelcannero.com\/fr\/cafe-le-vele\/#breadcrumb"},"inLanguage":"fr-FR","potentialAction":[{"@type":"ReadAction","target":["https:\/\/www.hotelcannero.com\/fr\/cafe-le-vele\/"]}]},{"@type":"BreadcrumbList","@id":"https:\/\/www.hotelcannero.com\/fr\/cafe-le-vele\/#breadcrumb","itemListElement":[{"@type":"ListItem","position":1,"name":"Home","item":"https:\/\/www.hotelcannero.com\/fr\/"},{"@type":"ListItem","position":2,"name":"Caf\u00e9 Le Vele"}]},{"@type":"WebSite","@id":"https:\/\/www.hotelcannero.com\/fr\/#website","url":"https:\/\/www.hotelcannero.com\/fr\/","name":"Hotel Cannero","description":"","potentialAction":[{"@type":"SearchAction","target":{"@type":"EntryPoint","urlTemplate":"https:\/\/www.hotelcannero.com\/fr\/?s={search_term_string}"},"query-input":"required name=search_term_string"}],"inLanguage":"fr-FR"}]}},"acf":[],"_links":{"self":[{"href":"https:\/\/www.hotelcannero.com\/fr\/wp-json\/wp\/v2\/pages\/356"}],"collection":[{"href":"https:\/\/www.hotelcannero.com\/fr\/wp-json\/wp\/v2\/pages"}],"about":[{"href":"https:\/\/www.hotelcannero.com\/fr\/wp-json\/wp\/v2\/types\/page"}],"author":[{"embeddable":true,"href":"https:\/\/www.hotelcannero.com\/fr\/wp-json\/wp\/v2\/users\/26"}],"replies":[{"embeddable":true,"href":"https:\/\/www.hotelcannero.com\/fr\/wp-json\/wp\/v2\/comments?post=356"}],"version-history":[{"count":0,"href":"https:\/\/www.hotelcannero.com\/fr\/wp-json\/wp\/v2\/pages\/356\/revisions"}],"wp:attachment":[{"href":"https:\/\/www.hotelcannero.com\/fr\/wp-json\/wp\/v2\/media?parent=356"}],"curies":[{"name":"wp","href":"https:\/\/api.w.org\/{rel}","templated":true}]}}