{"id":357,"date":"2023-05-16T15:52:23","date_gmt":"2023-05-16T15:52:23","guid":{"rendered":"https:\/\/hotelcannero.ms2.decms.eu\/?page_id=357"},"modified":"2023-05-18T07:41:26","modified_gmt":"2023-05-18T07:41:26","slug":"nautique","status":"publish","type":"page","link":"https:\/\/www.hotelcannero.com\/fr\/nautique\/","title":{"rendered":"Nautique"},"content":{"rendered":"<p>Un des plus exclusifs pour les clients de nos installations qui garantit un voyage rapide pour d\u00e9couvrir le lac Majeur.<br \/>\nNous avons deux types de bateaux : le petit bateau et le bateau \u00e0 moteur.<br \/>\nLe premier est plut\u00f4t recommand\u00e9 pour l&rsquo;organisation d&rsquo;excursions avec skipper car il a la possibilit\u00e9 d&#8217;embarquer jusqu&rsquo;\u00e0 vingt personnes et des ap\u00e9ritifs peuvent \u00eatre pris \u00e0 bord.<br \/>\nLe second, en revanche, est principalement lou\u00e9 \u00e0 des invit\u00e9s car il ne n\u00e9cessite pas de permis bateau pour le conduire et peut transporter jusqu&rsquo;\u00e0 six personnes.<\/p>\n<p>Dans notre section Nautique, le service d&rsquo;amarrage aux bou\u00e9es est \u00e9galement inclus, qui sont affich\u00e9s pr\u00e8s de la jet\u00e9e ext\u00e9rieure du Park Hotel Italia. Pour le transport jusqu&rsquo;au rivage, il y a un canot \u00e0 moteur \u00e9lectrique.<\/p>\n","protected":false},"excerpt":{"rendered":"<p>Un des plus exclusifs pour les clients de nos installations qui garantit un voyage rapide pour d\u00e9couvrir le lac Majeur. Nous avons deux types de bateaux : le petit bateau et le bateau \u00e0 moteur. Le premier est plut\u00f4t recommand\u00e9 pour l&rsquo;organisation d&rsquo;excursions avec skipper car il a la possibilit\u00e9 d&#8217;embarquer jusqu&rsquo;\u00e0 vingt personnes et [&hellip;]<\/p>\n","protected":false},"author":26,"featured_media":0,"parent":0,"menu_order":40,"comment_status":"closed","ping_status":"closed","template":"template-default-3.php","meta":{"footnotes":""},"yoast_head":"<!-- This site is optimized with the Yoast SEO plugin v22.3 - https:\/\/yoast.com\/wordpress\/plugins\/seo\/ -->\n<title>Nautique &#183; Hotel Cannero &#183;<\/title>\n<meta name=\"description\" content=\"Un des plus exclusifs pour les clients de nos installations qui garantit un voyage rapide pour d\u00e9couvrir le lac Majeur. Nous avons deux types de bateaux : le petit bateau et le bateau \u00e0 moteur. Le premier est plut\u00f4t recommand\u00e9 pour l&#039;organisation d&#039;excursions avec skipper car il a la possibilit\u00e9 d&#039;embarquer jusqu&#039;\u00e0 vingt personnes et des ap\u00e9ritifs peuvent \u00eatre pris \u00e0 bord. Le second, en revanche, est principalement lou\u00e9 \u00e0 des invit\u00e9s car il ne n\u00e9cessite pas de permis bateau pour le conduire et peut transporter jusqu&#039;\u00e0 six personnes.  Dans notre section Nautique, le service d&#039;amarrage aux bou\u00e9es est \u00e9galement inclus, qui sont affich\u00e9s pr\u00e8s de la jet\u00e9e ext\u00e9rieure du Park Hotel Italia. Pour le transport jusqu&#039;au rivage, il y a un canot \u00e0 moteur \u00e9lectrique.\" \/>\n<meta name=\"robots\" content=\"index, follow, max-snippet:-1, max-image-preview:large, max-video-preview:-1\" \/>\n<link rel=\"canonical\" href=\"https:\/\/www.hotelcannero.com\/fr\/nautique\/\" \/>\n<meta property=\"og:locale\" content=\"fr_FR\" \/>\n<meta property=\"og:type\" content=\"article\" \/>\n<meta property=\"og:title\" content=\"Nautique &#183; Hotel Cannero &#183;\" \/>\n<meta property=\"og:description\" content=\"Un des plus exclusifs pour les clients de nos installations qui garantit un voyage rapide pour d\u00e9couvrir le lac Majeur. Nous avons deux types de bateaux : le petit bateau et le bateau \u00e0 moteur. Le premier est plut\u00f4t recommand\u00e9 pour l&#039;organisation d&#039;excursions avec skipper car il a la possibilit\u00e9 d&#039;embarquer jusqu&#039;\u00e0 vingt personnes et des ap\u00e9ritifs peuvent \u00eatre pris \u00e0 bord. Le second, en revanche, est principalement lou\u00e9 \u00e0 des invit\u00e9s car il ne n\u00e9cessite pas de permis bateau pour le conduire et peut transporter jusqu&#039;\u00e0 six personnes.  Dans notre section Nautique, le service d&#039;amarrage aux bou\u00e9es est \u00e9galement inclus, qui sont affich\u00e9s pr\u00e8s de la jet\u00e9e ext\u00e9rieure du Park Hotel Italia. Pour le transport jusqu&#039;au rivage, il y a un canot \u00e0 moteur \u00e9lectrique.\" \/>\n<meta property=\"og:url\" content=\"https:\/\/www.hotelcannero.com\/fr\/nautique\/\" \/>\n<meta property=\"og:site_name\" content=\"Hotel Cannero\" \/>\n<meta property=\"article:modified_time\" content=\"2023-05-18T07:41:26+00:00\" \/>\n<meta name=\"twitter:card\" content=\"summary_large_image\" \/>\n<meta name=\"twitter:label1\" content=\"Dur\u00e9e de lecture estim\u00e9e\" \/>\n\t<meta name=\"twitter:data1\" content=\"1 minute\" \/>\n<script type=\"application\/ld+json\" class=\"yoast-schema-graph\">{\"@context\":\"https:\/\/schema.org\",\"@graph\":[{\"@type\":\"WebPage\",\"@id\":\"https:\/\/www.hotelcannero.com\/fr\/nautique\/\",\"url\":\"https:\/\/www.hotelcannero.com\/fr\/nautique\/\",\"name\":\"Nautique &#183; Hotel Cannero &#183;\",\"isPartOf\":{\"@id\":\"https:\/\/www.hotelcannero.com\/fr\/#website\"},\"datePublished\":\"2023-05-16T15:52:23+00:00\",\"dateModified\":\"2023-05-18T07:41:26+00:00\",\"description\":\"Un des plus exclusifs pour les clients de nos installations qui garantit un voyage rapide pour d\u00e9couvrir le lac Majeur. Nous avons deux types de bateaux : le petit bateau et le bateau \u00e0 moteur. Le premier est plut\u00f4t recommand\u00e9 pour l'organisation d'excursions avec skipper car il a la possibilit\u00e9 d'embarquer jusqu'\u00e0 vingt personnes et des ap\u00e9ritifs peuvent \u00eatre pris \u00e0 bord. Le second, en revanche, est principalement lou\u00e9 \u00e0 des invit\u00e9s car il ne n\u00e9cessite pas de permis bateau pour le conduire et peut transporter jusqu'\u00e0 six personnes. Dans notre section Nautique, le service d'amarrage aux bou\u00e9es est \u00e9galement inclus, qui sont affich\u00e9s pr\u00e8s de la jet\u00e9e ext\u00e9rieure du Park Hotel Italia. Pour le transport jusqu'au rivage, il y a un canot \u00e0 moteur \u00e9lectrique.\",\"breadcrumb\":{\"@id\":\"https:\/\/www.hotelcannero.com\/fr\/nautique\/#breadcrumb\"},\"inLanguage\":\"fr-FR\",\"potentialAction\":[{\"@type\":\"ReadAction\",\"target\":[\"https:\/\/www.hotelcannero.com\/fr\/nautique\/\"]}]},{\"@type\":\"BreadcrumbList\",\"@id\":\"https:\/\/www.hotelcannero.com\/fr\/nautique\/#breadcrumb\",\"itemListElement\":[{\"@type\":\"ListItem\",\"position\":1,\"name\":\"Home\",\"item\":\"https:\/\/www.hotelcannero.com\/fr\/\"},{\"@type\":\"ListItem\",\"position\":2,\"name\":\"Nautique\"}]},{\"@type\":\"WebSite\",\"@id\":\"https:\/\/www.hotelcannero.com\/fr\/#website\",\"url\":\"https:\/\/www.hotelcannero.com\/fr\/\",\"name\":\"Hotel Cannero\",\"description\":\"\",\"potentialAction\":[{\"@type\":\"SearchAction\",\"target\":{\"@type\":\"EntryPoint\",\"urlTemplate\":\"https:\/\/www.hotelcannero.com\/fr\/?s={search_term_string}\"},\"query-input\":\"required name=search_term_string\"}],\"inLanguage\":\"fr-FR\"}]}<\/script>\n<!-- \/ Yoast SEO plugin. -->","yoast_head_json":{"title":"Nautique &#183; Hotel Cannero &#183;","description":"Un des plus exclusifs pour les clients de nos installations qui garantit un voyage rapide pour d\u00e9couvrir le lac Majeur. Nous avons deux types de bateaux : le petit bateau et le bateau \u00e0 moteur. Le premier est plut\u00f4t recommand\u00e9 pour l'organisation d'excursions avec skipper car il a la possibilit\u00e9 d'embarquer jusqu'\u00e0 vingt personnes et des ap\u00e9ritifs peuvent \u00eatre pris \u00e0 bord. Le second, en revanche, est principalement lou\u00e9 \u00e0 des invit\u00e9s car il ne n\u00e9cessite pas de permis bateau pour le conduire et peut transporter jusqu'\u00e0 six personnes.  Dans notre section Nautique, le service d'amarrage aux bou\u00e9es est \u00e9galement inclus, qui sont affich\u00e9s pr\u00e8s de la jet\u00e9e ext\u00e9rieure du Park Hotel Italia. Pour le transport jusqu'au rivage, il y a un canot \u00e0 moteur \u00e9lectrique.","robots":{"index":"index","follow":"follow","max-snippet":"max-snippet:-1","max-image-preview":"max-image-preview:large","max-video-preview":"max-video-preview:-1"},"canonical":"https:\/\/www.hotelcannero.com\/fr\/nautique\/","og_locale":"fr_FR","og_type":"article","og_title":"Nautique &#183; Hotel Cannero &#183;","og_description":"Un des plus exclusifs pour les clients de nos installations qui garantit un voyage rapide pour d\u00e9couvrir le lac Majeur. Nous avons deux types de bateaux : le petit bateau et le bateau \u00e0 moteur. Le premier est plut\u00f4t recommand\u00e9 pour l'organisation d'excursions avec skipper car il a la possibilit\u00e9 d'embarquer jusqu'\u00e0 vingt personnes et des ap\u00e9ritifs peuvent \u00eatre pris \u00e0 bord. Le second, en revanche, est principalement lou\u00e9 \u00e0 des invit\u00e9s car il ne n\u00e9cessite pas de permis bateau pour le conduire et peut transporter jusqu'\u00e0 six personnes.  Dans notre section Nautique, le service d'amarrage aux bou\u00e9es est \u00e9galement inclus, qui sont affich\u00e9s pr\u00e8s de la jet\u00e9e ext\u00e9rieure du Park Hotel Italia. Pour le transport jusqu'au rivage, il y a un canot \u00e0 moteur \u00e9lectrique.","og_url":"https:\/\/www.hotelcannero.com\/fr\/nautique\/","og_site_name":"Hotel Cannero","article_modified_time":"2023-05-18T07:41:26+00:00","twitter_card":"summary_large_image","twitter_misc":{"Dur\u00e9e de lecture estim\u00e9e":"1 minute"},"schema":{"@context":"https:\/\/schema.org","@graph":[{"@type":"WebPage","@id":"https:\/\/www.hotelcannero.com\/fr\/nautique\/","url":"https:\/\/www.hotelcannero.com\/fr\/nautique\/","name":"Nautique &#183; Hotel Cannero &#183;","isPartOf":{"@id":"https:\/\/www.hotelcannero.com\/fr\/#website"},"datePublished":"2023-05-16T15:52:23+00:00","dateModified":"2023-05-18T07:41:26+00:00","description":"Un des plus exclusifs pour les clients de nos installations qui garantit un voyage rapide pour d\u00e9couvrir le lac Majeur. Nous avons deux types de bateaux : le petit bateau et le bateau \u00e0 moteur. Le premier est plut\u00f4t recommand\u00e9 pour l'organisation d'excursions avec skipper car il a la possibilit\u00e9 d'embarquer jusqu'\u00e0 vingt personnes et des ap\u00e9ritifs peuvent \u00eatre pris \u00e0 bord. Le second, en revanche, est principalement lou\u00e9 \u00e0 des invit\u00e9s car il ne n\u00e9cessite pas de permis bateau pour le conduire et peut transporter jusqu'\u00e0 six personnes. Dans notre section Nautique, le service d'amarrage aux bou\u00e9es est \u00e9galement inclus, qui sont affich\u00e9s pr\u00e8s de la jet\u00e9e ext\u00e9rieure du Park Hotel Italia. Pour le transport jusqu'au rivage, il y a un canot \u00e0 moteur \u00e9lectrique.","breadcrumb":{"@id":"https:\/\/www.hotelcannero.com\/fr\/nautique\/#breadcrumb"},"inLanguage":"fr-FR","potentialAction":[{"@type":"ReadAction","target":["https:\/\/www.hotelcannero.com\/fr\/nautique\/"]}]},{"@type":"BreadcrumbList","@id":"https:\/\/www.hotelcannero.com\/fr\/nautique\/#breadcrumb","itemListElement":[{"@type":"ListItem","position":1,"name":"Home","item":"https:\/\/www.hotelcannero.com\/fr\/"},{"@type":"ListItem","position":2,"name":"Nautique"}]},{"@type":"WebSite","@id":"https:\/\/www.hotelcannero.com\/fr\/#website","url":"https:\/\/www.hotelcannero.com\/fr\/","name":"Hotel Cannero","description":"","potentialAction":[{"@type":"SearchAction","target":{"@type":"EntryPoint","urlTemplate":"https:\/\/www.hotelcannero.com\/fr\/?s={search_term_string}"},"query-input":"required name=search_term_string"}],"inLanguage":"fr-FR"}]}},"acf":[],"_links":{"self":[{"href":"https:\/\/www.hotelcannero.com\/fr\/wp-json\/wp\/v2\/pages\/357"}],"collection":[{"href":"https:\/\/www.hotelcannero.com\/fr\/wp-json\/wp\/v2\/pages"}],"about":[{"href":"https:\/\/www.hotelcannero.com\/fr\/wp-json\/wp\/v2\/types\/page"}],"author":[{"embeddable":true,"href":"https:\/\/www.hotelcannero.com\/fr\/wp-json\/wp\/v2\/users\/26"}],"replies":[{"embeddable":true,"href":"https:\/\/www.hotelcannero.com\/fr\/wp-json\/wp\/v2\/comments?post=357"}],"version-history":[{"count":0,"href":"https:\/\/www.hotelcannero.com\/fr\/wp-json\/wp\/v2\/pages\/357\/revisions"}],"wp:attachment":[{"href":"https:\/\/www.hotelcannero.com\/fr\/wp-json\/wp\/v2\/media?parent=357"}],"curies":[{"name":"wp","href":"https:\/\/api.w.org\/{rel}","templated":true}]}}