{"id":360,"date":"2023-05-16T15:53:16","date_gmt":"2023-05-16T15:53:16","guid":{"rendered":"https:\/\/hotelcannero.ms2.decms.eu\/?page_id=360"},"modified":"2023-05-16T15:53:16","modified_gmt":"2023-05-16T15:53:16","slug":"salle-de-reunion","status":"publish","type":"page","link":"https:\/\/www.hotelcannero.com\/fr\/services\/salle-de-reunion\/","title":{"rendered":"Salle de R\u00e9union"},"content":{"rendered":"<p>Notre salle de r\u00e9union est situ\u00e9e dans la Casa Del Barone di Sant&rsquo;Agabio, au rez-de-chauss\u00e9e, pr\u00e8s du bar et de la salle de lecture, facilement accessible depuis l&rsquo;ext\u00e9rieur et depuis les chambres de l&rsquo;h\u00f4tel. Jusqu&rsquo;\u00e0 15 personnes peuvent \u00eatre accueillies en configuration th\u00e9\u00e2tre. Pour d&rsquo;autres arrangements ou pour un plus grand nombre de personnes, notre salle de lecture peut \u00eatre utilis\u00e9e comme une petite salle de conf\u00e9rence pour un maximum d&rsquo;environ 30 personnes. Il est possible d&rsquo;organiser des pauses-caf\u00e9 et de mettre \u00e0 disposition du mat\u00e9riel tel que projecteurs et paperboards.<\/p>\n","protected":false},"excerpt":{"rendered":"<p>Notre salle de r\u00e9union est situ\u00e9e dans la Casa Del Barone di Sant&rsquo;Agabio, au rez-de-chauss\u00e9e, pr\u00e8s du bar et de la salle de lecture, facilement accessible depuis l&rsquo;ext\u00e9rieur et depuis les chambres de l&rsquo;h\u00f4tel. Jusqu&rsquo;\u00e0 15 personnes peuvent \u00eatre accueillies en configuration th\u00e9\u00e2tre. Pour d&rsquo;autres arrangements ou pour un plus grand nombre de personnes, notre [&hellip;]<\/p>\n","protected":false},"author":26,"featured_media":0,"parent":359,"menu_order":10,"comment_status":"closed","ping_status":"closed","template":"template-single-service.php","meta":{"footnotes":""},"yoast_head":"<!-- This site is optimized with the Yoast SEO plugin v22.3 - https:\/\/yoast.com\/wordpress\/plugins\/seo\/ -->\n<title>Salle de R\u00e9union &#183; Hotel Cannero &#183;<\/title>\n<meta name=\"description\" content=\"Notre salle de r\u00e9union est situ\u00e9e dans la Casa Del Barone di Sant&#039;Agabio, au rez-de-chauss\u00e9e, pr\u00e8s du bar et de la salle de lecture, facilement accessible depuis l&#039;ext\u00e9rieur et depuis les chambres de l&#039;h\u00f4tel. Jusqu&#039;\u00e0 15 personnes peuvent \u00eatre accueillies en configuration th\u00e9\u00e2tre\" \/>\n<meta name=\"robots\" content=\"index, follow, max-snippet:-1, max-image-preview:large, max-video-preview:-1\" \/>\n<link rel=\"canonical\" href=\"https:\/\/www.hotelcannero.com\/fr\/services\/salle-de-reunion\/\" \/>\n<meta property=\"og:locale\" content=\"fr_FR\" \/>\n<meta property=\"og:type\" content=\"article\" \/>\n<meta property=\"og:title\" content=\"Salle de R\u00e9union &#183; Hotel Cannero &#183;\" \/>\n<meta property=\"og:description\" content=\"Notre salle de r\u00e9union est situ\u00e9e dans la Casa Del Barone di Sant&#039;Agabio, au rez-de-chauss\u00e9e, pr\u00e8s du bar et de la salle de lecture, facilement accessible depuis l&#039;ext\u00e9rieur et depuis les chambres de l&#039;h\u00f4tel. Jusqu&#039;\u00e0 15 personnes peuvent \u00eatre accueillies en configuration th\u00e9\u00e2tre\" \/>\n<meta property=\"og:url\" content=\"https:\/\/www.hotelcannero.com\/fr\/services\/salle-de-reunion\/\" \/>\n<meta property=\"og:site_name\" content=\"Hotel Cannero\" \/>\n<meta name=\"twitter:card\" content=\"summary_large_image\" \/>\n<script type=\"application\/ld+json\" class=\"yoast-schema-graph\">{\"@context\":\"https:\/\/schema.org\",\"@graph\":[{\"@type\":\"WebPage\",\"@id\":\"https:\/\/www.hotelcannero.com\/fr\/services\/salle-de-reunion\/\",\"url\":\"https:\/\/www.hotelcannero.com\/fr\/services\/salle-de-reunion\/\",\"name\":\"Salle de R\u00e9union &#183; Hotel Cannero &#183;\",\"isPartOf\":{\"@id\":\"https:\/\/www.hotelcannero.com\/fr\/#website\"},\"datePublished\":\"2023-05-16T15:53:16+00:00\",\"dateModified\":\"2023-05-16T15:53:16+00:00\",\"description\":\"Notre salle de r\u00e9union est situ\u00e9e dans la Casa Del Barone di Sant'Agabio, au rez-de-chauss\u00e9e, pr\u00e8s du bar et de la salle de lecture, facilement accessible depuis l'ext\u00e9rieur et depuis les chambres de l'h\u00f4tel. Jusqu'\u00e0 15 personnes peuvent \u00eatre accueillies en configuration th\u00e9\u00e2tre\",\"breadcrumb\":{\"@id\":\"https:\/\/www.hotelcannero.com\/fr\/services\/salle-de-reunion\/#breadcrumb\"},\"inLanguage\":\"fr-FR\",\"potentialAction\":[{\"@type\":\"ReadAction\",\"target\":[\"https:\/\/www.hotelcannero.com\/fr\/services\/salle-de-reunion\/\"]}]},{\"@type\":\"BreadcrumbList\",\"@id\":\"https:\/\/www.hotelcannero.com\/fr\/services\/salle-de-reunion\/#breadcrumb\",\"itemListElement\":[{\"@type\":\"ListItem\",\"position\":1,\"name\":\"Home\",\"item\":\"https:\/\/www.hotelcannero.com\/fr\/\"},{\"@type\":\"ListItem\",\"position\":2,\"name\":\"Services\",\"item\":\"https:\/\/www.hotelcannero.com\/fr\/services\/\"},{\"@type\":\"ListItem\",\"position\":3,\"name\":\"Salle de R\u00e9union\"}]},{\"@type\":\"WebSite\",\"@id\":\"https:\/\/www.hotelcannero.com\/fr\/#website\",\"url\":\"https:\/\/www.hotelcannero.com\/fr\/\",\"name\":\"Hotel Cannero\",\"description\":\"\",\"potentialAction\":[{\"@type\":\"SearchAction\",\"target\":{\"@type\":\"EntryPoint\",\"urlTemplate\":\"https:\/\/www.hotelcannero.com\/fr\/?s={search_term_string}\"},\"query-input\":\"required name=search_term_string\"}],\"inLanguage\":\"fr-FR\"}]}<\/script>\n<!-- \/ Yoast SEO plugin. -->","yoast_head_json":{"title":"Salle de R\u00e9union &#183; Hotel Cannero &#183;","description":"Notre salle de r\u00e9union est situ\u00e9e dans la Casa Del Barone di Sant'Agabio, au rez-de-chauss\u00e9e, pr\u00e8s du bar et de la salle de lecture, facilement accessible depuis l'ext\u00e9rieur et depuis les chambres de l'h\u00f4tel. Jusqu'\u00e0 15 personnes peuvent \u00eatre accueillies en configuration th\u00e9\u00e2tre","robots":{"index":"index","follow":"follow","max-snippet":"max-snippet:-1","max-image-preview":"max-image-preview:large","max-video-preview":"max-video-preview:-1"},"canonical":"https:\/\/www.hotelcannero.com\/fr\/services\/salle-de-reunion\/","og_locale":"fr_FR","og_type":"article","og_title":"Salle de R\u00e9union &#183; Hotel Cannero &#183;","og_description":"Notre salle de r\u00e9union est situ\u00e9e dans la Casa Del Barone di Sant'Agabio, au rez-de-chauss\u00e9e, pr\u00e8s du bar et de la salle de lecture, facilement accessible depuis l'ext\u00e9rieur et depuis les chambres de l'h\u00f4tel. Jusqu'\u00e0 15 personnes peuvent \u00eatre accueillies en configuration th\u00e9\u00e2tre","og_url":"https:\/\/www.hotelcannero.com\/fr\/services\/salle-de-reunion\/","og_site_name":"Hotel Cannero","twitter_card":"summary_large_image","schema":{"@context":"https:\/\/schema.org","@graph":[{"@type":"WebPage","@id":"https:\/\/www.hotelcannero.com\/fr\/services\/salle-de-reunion\/","url":"https:\/\/www.hotelcannero.com\/fr\/services\/salle-de-reunion\/","name":"Salle de R\u00e9union &#183; Hotel Cannero &#183;","isPartOf":{"@id":"https:\/\/www.hotelcannero.com\/fr\/#website"},"datePublished":"2023-05-16T15:53:16+00:00","dateModified":"2023-05-16T15:53:16+00:00","description":"Notre salle de r\u00e9union est situ\u00e9e dans la Casa Del Barone di Sant'Agabio, au rez-de-chauss\u00e9e, pr\u00e8s du bar et de la salle de lecture, facilement accessible depuis l'ext\u00e9rieur et depuis les chambres de l'h\u00f4tel. Jusqu'\u00e0 15 personnes peuvent \u00eatre accueillies en configuration th\u00e9\u00e2tre","breadcrumb":{"@id":"https:\/\/www.hotelcannero.com\/fr\/services\/salle-de-reunion\/#breadcrumb"},"inLanguage":"fr-FR","potentialAction":[{"@type":"ReadAction","target":["https:\/\/www.hotelcannero.com\/fr\/services\/salle-de-reunion\/"]}]},{"@type":"BreadcrumbList","@id":"https:\/\/www.hotelcannero.com\/fr\/services\/salle-de-reunion\/#breadcrumb","itemListElement":[{"@type":"ListItem","position":1,"name":"Home","item":"https:\/\/www.hotelcannero.com\/fr\/"},{"@type":"ListItem","position":2,"name":"Services","item":"https:\/\/www.hotelcannero.com\/fr\/services\/"},{"@type":"ListItem","position":3,"name":"Salle de R\u00e9union"}]},{"@type":"WebSite","@id":"https:\/\/www.hotelcannero.com\/fr\/#website","url":"https:\/\/www.hotelcannero.com\/fr\/","name":"Hotel Cannero","description":"","potentialAction":[{"@type":"SearchAction","target":{"@type":"EntryPoint","urlTemplate":"https:\/\/www.hotelcannero.com\/fr\/?s={search_term_string}"},"query-input":"required name=search_term_string"}],"inLanguage":"fr-FR"}]}},"acf":[],"_links":{"self":[{"href":"https:\/\/www.hotelcannero.com\/fr\/wp-json\/wp\/v2\/pages\/360"}],"collection":[{"href":"https:\/\/www.hotelcannero.com\/fr\/wp-json\/wp\/v2\/pages"}],"about":[{"href":"https:\/\/www.hotelcannero.com\/fr\/wp-json\/wp\/v2\/types\/page"}],"author":[{"embeddable":true,"href":"https:\/\/www.hotelcannero.com\/fr\/wp-json\/wp\/v2\/users\/26"}],"replies":[{"embeddable":true,"href":"https:\/\/www.hotelcannero.com\/fr\/wp-json\/wp\/v2\/comments?post=360"}],"version-history":[{"count":0,"href":"https:\/\/www.hotelcannero.com\/fr\/wp-json\/wp\/v2\/pages\/360\/revisions"}],"up":[{"embeddable":true,"href":"https:\/\/www.hotelcannero.com\/fr\/wp-json\/wp\/v2\/pages\/359"}],"wp:attachment":[{"href":"https:\/\/www.hotelcannero.com\/fr\/wp-json\/wp\/v2\/media?parent=360"}],"curies":[{"name":"wp","href":"https:\/\/api.w.org\/{rel}","templated":true}]}}