{"id":361,"date":"2023-05-16T15:53:36","date_gmt":"2023-05-16T15:53:36","guid":{"rendered":"https:\/\/hotelcannero.ms2.decms.eu\/?page_id=361"},"modified":"2023-05-16T15:53:36","modified_gmt":"2023-05-16T15:53:36","slug":"cave","status":"publish","type":"page","link":"https:\/\/www.hotelcannero.com\/fr\/services\/cave\/","title":{"rendered":"Cave"},"content":{"rendered":"<p>A quelques m\u00e8tres de l&rsquo;entr\u00e9e, vous pourrez visiter la cave. Un espace d\u00e9di\u00e9 o\u00f9 il est possible de conna\u00eetre et d&rsquo;appr\u00e9cier la s\u00e9lection de nos vins \u00e0 travers des d\u00e9gustations et des ap\u00e9ritifs. Les produits consomm\u00e9s lors de ces voyages gustatifs sont \u00e9galement disponibles \u00e0 la vente.<\/p>\n<p>Le Ma\u00eetre de l&rsquo;H\u00f4tel est disponible pour toute demande et information et le personnel de la r\u00e9ception est \u00e0 votre disposition pour effectuer des r\u00e9servations.<\/p>\n","protected":false},"excerpt":{"rendered":"<p>A quelques m\u00e8tres de l&rsquo;entr\u00e9e, vous pourrez visiter la cave. Un espace d\u00e9di\u00e9 o\u00f9 il est possible de conna\u00eetre et d&rsquo;appr\u00e9cier la s\u00e9lection de nos vins \u00e0 travers des d\u00e9gustations et des ap\u00e9ritifs. Les produits consomm\u00e9s lors de ces voyages gustatifs sont \u00e9galement disponibles \u00e0 la vente. Le Ma\u00eetre de l&rsquo;H\u00f4tel est disponible pour toute [&hellip;]<\/p>\n","protected":false},"author":26,"featured_media":0,"parent":359,"menu_order":20,"comment_status":"closed","ping_status":"closed","template":"template-single-service.php","meta":{"footnotes":""},"yoast_head":"<!-- This site is optimized with the Yoast SEO plugin v22.3 - https:\/\/yoast.com\/wordpress\/plugins\/seo\/ -->\n<title>Cave &#183; Hotel Cannero &#183;<\/title>\n<meta name=\"description\" content=\"A quelques m\u00e8tres de l&#039;entr\u00e9e, vous pourrez visiter la cave. Un espace d\u00e9di\u00e9 o\u00f9 il est possible de conna\u00eetre et d&#039;appr\u00e9cier la s\u00e9lection de nos vins \u00e0 travers des d\u00e9gustations et des ap\u00e9ritifs\" \/>\n<meta name=\"robots\" content=\"index, follow, max-snippet:-1, max-image-preview:large, max-video-preview:-1\" \/>\n<link rel=\"canonical\" href=\"https:\/\/www.hotelcannero.com\/fr\/services\/cave\/\" \/>\n<meta property=\"og:locale\" content=\"fr_FR\" \/>\n<meta property=\"og:type\" content=\"article\" \/>\n<meta property=\"og:title\" content=\"Cave &#183; Hotel Cannero &#183;\" \/>\n<meta property=\"og:description\" content=\"A quelques m\u00e8tres de l&#039;entr\u00e9e, vous pourrez visiter la cave. Un espace d\u00e9di\u00e9 o\u00f9 il est possible de conna\u00eetre et d&#039;appr\u00e9cier la s\u00e9lection de nos vins \u00e0 travers des d\u00e9gustations et des ap\u00e9ritifs\" \/>\n<meta property=\"og:url\" content=\"https:\/\/www.hotelcannero.com\/fr\/services\/cave\/\" \/>\n<meta property=\"og:site_name\" content=\"Hotel Cannero\" \/>\n<meta name=\"twitter:card\" content=\"summary_large_image\" \/>\n<meta name=\"twitter:label1\" content=\"Dur\u00e9e de lecture estim\u00e9e\" \/>\n\t<meta name=\"twitter:data1\" content=\"1 minute\" \/>\n<script type=\"application\/ld+json\" class=\"yoast-schema-graph\">{\"@context\":\"https:\/\/schema.org\",\"@graph\":[{\"@type\":\"WebPage\",\"@id\":\"https:\/\/www.hotelcannero.com\/fr\/services\/cave\/\",\"url\":\"https:\/\/www.hotelcannero.com\/fr\/services\/cave\/\",\"name\":\"Cave &#183; Hotel Cannero &#183;\",\"isPartOf\":{\"@id\":\"https:\/\/www.hotelcannero.com\/fr\/#website\"},\"datePublished\":\"2023-05-16T15:53:36+00:00\",\"dateModified\":\"2023-05-16T15:53:36+00:00\",\"description\":\"A quelques m\u00e8tres de l'entr\u00e9e, vous pourrez visiter la cave. Un espace d\u00e9di\u00e9 o\u00f9 il est possible de conna\u00eetre et d'appr\u00e9cier la s\u00e9lection de nos vins \u00e0 travers des d\u00e9gustations et des ap\u00e9ritifs\",\"breadcrumb\":{\"@id\":\"https:\/\/www.hotelcannero.com\/fr\/services\/cave\/#breadcrumb\"},\"inLanguage\":\"fr-FR\",\"potentialAction\":[{\"@type\":\"ReadAction\",\"target\":[\"https:\/\/www.hotelcannero.com\/fr\/services\/cave\/\"]}]},{\"@type\":\"BreadcrumbList\",\"@id\":\"https:\/\/www.hotelcannero.com\/fr\/services\/cave\/#breadcrumb\",\"itemListElement\":[{\"@type\":\"ListItem\",\"position\":1,\"name\":\"Home\",\"item\":\"https:\/\/www.hotelcannero.com\/fr\/\"},{\"@type\":\"ListItem\",\"position\":2,\"name\":\"Services\",\"item\":\"https:\/\/www.hotelcannero.com\/fr\/services\/\"},{\"@type\":\"ListItem\",\"position\":3,\"name\":\"Cave\"}]},{\"@type\":\"WebSite\",\"@id\":\"https:\/\/www.hotelcannero.com\/fr\/#website\",\"url\":\"https:\/\/www.hotelcannero.com\/fr\/\",\"name\":\"Hotel Cannero\",\"description\":\"\",\"potentialAction\":[{\"@type\":\"SearchAction\",\"target\":{\"@type\":\"EntryPoint\",\"urlTemplate\":\"https:\/\/www.hotelcannero.com\/fr\/?s={search_term_string}\"},\"query-input\":\"required name=search_term_string\"}],\"inLanguage\":\"fr-FR\"}]}<\/script>\n<!-- \/ Yoast SEO plugin. -->","yoast_head_json":{"title":"Cave &#183; Hotel Cannero &#183;","description":"A quelques m\u00e8tres de l'entr\u00e9e, vous pourrez visiter la cave. Un espace d\u00e9di\u00e9 o\u00f9 il est possible de conna\u00eetre et d'appr\u00e9cier la s\u00e9lection de nos vins \u00e0 travers des d\u00e9gustations et des ap\u00e9ritifs","robots":{"index":"index","follow":"follow","max-snippet":"max-snippet:-1","max-image-preview":"max-image-preview:large","max-video-preview":"max-video-preview:-1"},"canonical":"https:\/\/www.hotelcannero.com\/fr\/services\/cave\/","og_locale":"fr_FR","og_type":"article","og_title":"Cave &#183; Hotel Cannero &#183;","og_description":"A quelques m\u00e8tres de l'entr\u00e9e, vous pourrez visiter la cave. Un espace d\u00e9di\u00e9 o\u00f9 il est possible de conna\u00eetre et d'appr\u00e9cier la s\u00e9lection de nos vins \u00e0 travers des d\u00e9gustations et des ap\u00e9ritifs","og_url":"https:\/\/www.hotelcannero.com\/fr\/services\/cave\/","og_site_name":"Hotel Cannero","twitter_card":"summary_large_image","twitter_misc":{"Dur\u00e9e de lecture estim\u00e9e":"1 minute"},"schema":{"@context":"https:\/\/schema.org","@graph":[{"@type":"WebPage","@id":"https:\/\/www.hotelcannero.com\/fr\/services\/cave\/","url":"https:\/\/www.hotelcannero.com\/fr\/services\/cave\/","name":"Cave &#183; Hotel Cannero &#183;","isPartOf":{"@id":"https:\/\/www.hotelcannero.com\/fr\/#website"},"datePublished":"2023-05-16T15:53:36+00:00","dateModified":"2023-05-16T15:53:36+00:00","description":"A quelques m\u00e8tres de l'entr\u00e9e, vous pourrez visiter la cave. Un espace d\u00e9di\u00e9 o\u00f9 il est possible de conna\u00eetre et d'appr\u00e9cier la s\u00e9lection de nos vins \u00e0 travers des d\u00e9gustations et des ap\u00e9ritifs","breadcrumb":{"@id":"https:\/\/www.hotelcannero.com\/fr\/services\/cave\/#breadcrumb"},"inLanguage":"fr-FR","potentialAction":[{"@type":"ReadAction","target":["https:\/\/www.hotelcannero.com\/fr\/services\/cave\/"]}]},{"@type":"BreadcrumbList","@id":"https:\/\/www.hotelcannero.com\/fr\/services\/cave\/#breadcrumb","itemListElement":[{"@type":"ListItem","position":1,"name":"Home","item":"https:\/\/www.hotelcannero.com\/fr\/"},{"@type":"ListItem","position":2,"name":"Services","item":"https:\/\/www.hotelcannero.com\/fr\/services\/"},{"@type":"ListItem","position":3,"name":"Cave"}]},{"@type":"WebSite","@id":"https:\/\/www.hotelcannero.com\/fr\/#website","url":"https:\/\/www.hotelcannero.com\/fr\/","name":"Hotel Cannero","description":"","potentialAction":[{"@type":"SearchAction","target":{"@type":"EntryPoint","urlTemplate":"https:\/\/www.hotelcannero.com\/fr\/?s={search_term_string}"},"query-input":"required name=search_term_string"}],"inLanguage":"fr-FR"}]}},"acf":[],"_links":{"self":[{"href":"https:\/\/www.hotelcannero.com\/fr\/wp-json\/wp\/v2\/pages\/361"}],"collection":[{"href":"https:\/\/www.hotelcannero.com\/fr\/wp-json\/wp\/v2\/pages"}],"about":[{"href":"https:\/\/www.hotelcannero.com\/fr\/wp-json\/wp\/v2\/types\/page"}],"author":[{"embeddable":true,"href":"https:\/\/www.hotelcannero.com\/fr\/wp-json\/wp\/v2\/users\/26"}],"replies":[{"embeddable":true,"href":"https:\/\/www.hotelcannero.com\/fr\/wp-json\/wp\/v2\/comments?post=361"}],"version-history":[{"count":0,"href":"https:\/\/www.hotelcannero.com\/fr\/wp-json\/wp\/v2\/pages\/361\/revisions"}],"up":[{"embeddable":true,"href":"https:\/\/www.hotelcannero.com\/fr\/wp-json\/wp\/v2\/pages\/359"}],"wp:attachment":[{"href":"https:\/\/www.hotelcannero.com\/fr\/wp-json\/wp\/v2\/media?parent=361"}],"curies":[{"name":"wp","href":"https:\/\/api.w.org\/{rel}","templated":true}]}}