{"id":362,"date":"2023-05-16T15:53:53","date_gmt":"2023-05-16T15:53:53","guid":{"rendered":"https:\/\/hotelcannero.ms2.decms.eu\/?page_id=362"},"modified":"2023-05-16T15:53:53","modified_gmt":"2023-05-16T15:53:53","slug":"piscine","status":"publish","type":"page","link":"https:\/\/www.hotelcannero.com\/fr\/services\/piscine\/","title":{"rendered":"Piscine"},"content":{"rendered":"<p>La piscine est situ\u00e9e dans la partie arri\u00e8re de la structure, parmi les fleurs du jardin.<\/p>\n<p>Il dispose d&rsquo;un espace solarium \u00e9quip\u00e9 de transats confortables et de parasols pour des moments de d\u00e9tente sous le soleil. De plus, il est toujours contr\u00f4l\u00e9 et surveill\u00e9 pendant les heures d&rsquo;ouverture par un sauveteur qualifi\u00e9.<\/p>\n","protected":false},"excerpt":{"rendered":"<p>La piscine est situ\u00e9e dans la partie arri\u00e8re de la structure, parmi les fleurs du jardin. Il dispose d&rsquo;un espace solarium \u00e9quip\u00e9 de transats confortables et de parasols pour des moments de d\u00e9tente sous le soleil. De plus, il est toujours contr\u00f4l\u00e9 et surveill\u00e9 pendant les heures d&rsquo;ouverture par un sauveteur qualifi\u00e9.<\/p>\n","protected":false},"author":26,"featured_media":0,"parent":359,"menu_order":30,"comment_status":"closed","ping_status":"closed","template":"template-single-service.php","meta":{"footnotes":""},"yoast_head":"<!-- This site is optimized with the Yoast SEO plugin v22.3 - https:\/\/yoast.com\/wordpress\/plugins\/seo\/ -->\n<title>Piscine &#183; Hotel Cannero &#183;<\/title>\n<meta name=\"description\" content=\"La piscine est situ\u00e9e dans la partie arri\u00e8re de la structure, parmi les fleurs du jardin.  Il dispose d&#039;un espace solarium \u00e9quip\u00e9 de transats confortables et de parasols pour des moments de d\u00e9tente sous le soleil. De plus, il est toujours contr\u00f4l\u00e9 et surveill\u00e9 pendant les heures d&#039;ouverture par un sauveteur qualifi\u00e9.\" \/>\n<meta name=\"robots\" content=\"index, follow, max-snippet:-1, max-image-preview:large, max-video-preview:-1\" \/>\n<link rel=\"canonical\" href=\"https:\/\/www.hotelcannero.com\/fr\/services\/piscine\/\" \/>\n<meta property=\"og:locale\" content=\"fr_FR\" \/>\n<meta property=\"og:type\" content=\"article\" \/>\n<meta property=\"og:title\" content=\"Piscine &#183; Hotel Cannero &#183;\" \/>\n<meta property=\"og:description\" content=\"La piscine est situ\u00e9e dans la partie arri\u00e8re de la structure, parmi les fleurs du jardin.  Il dispose d&#039;un espace solarium \u00e9quip\u00e9 de transats confortables et de parasols pour des moments de d\u00e9tente sous le soleil. De plus, il est toujours contr\u00f4l\u00e9 et surveill\u00e9 pendant les heures d&#039;ouverture par un sauveteur qualifi\u00e9.\" \/>\n<meta property=\"og:url\" content=\"https:\/\/www.hotelcannero.com\/fr\/services\/piscine\/\" \/>\n<meta property=\"og:site_name\" content=\"Hotel Cannero\" \/>\n<meta name=\"twitter:card\" content=\"summary_large_image\" \/>\n<meta name=\"twitter:label1\" content=\"Dur\u00e9e de lecture estim\u00e9e\" \/>\n\t<meta name=\"twitter:data1\" content=\"1 minute\" \/>\n<script type=\"application\/ld+json\" class=\"yoast-schema-graph\">{\"@context\":\"https:\/\/schema.org\",\"@graph\":[{\"@type\":\"WebPage\",\"@id\":\"https:\/\/www.hotelcannero.com\/fr\/services\/piscine\/\",\"url\":\"https:\/\/www.hotelcannero.com\/fr\/services\/piscine\/\",\"name\":\"Piscine &#183; Hotel Cannero &#183;\",\"isPartOf\":{\"@id\":\"https:\/\/www.hotelcannero.com\/fr\/#website\"},\"datePublished\":\"2023-05-16T15:53:53+00:00\",\"dateModified\":\"2023-05-16T15:53:53+00:00\",\"description\":\"La piscine est situ\u00e9e dans la partie arri\u00e8re de la structure, parmi les fleurs du jardin. Il dispose d'un espace solarium \u00e9quip\u00e9 de transats confortables et de parasols pour des moments de d\u00e9tente sous le soleil. De plus, il est toujours contr\u00f4l\u00e9 et surveill\u00e9 pendant les heures d'ouverture par un sauveteur qualifi\u00e9.\",\"breadcrumb\":{\"@id\":\"https:\/\/www.hotelcannero.com\/fr\/services\/piscine\/#breadcrumb\"},\"inLanguage\":\"fr-FR\",\"potentialAction\":[{\"@type\":\"ReadAction\",\"target\":[\"https:\/\/www.hotelcannero.com\/fr\/services\/piscine\/\"]}]},{\"@type\":\"BreadcrumbList\",\"@id\":\"https:\/\/www.hotelcannero.com\/fr\/services\/piscine\/#breadcrumb\",\"itemListElement\":[{\"@type\":\"ListItem\",\"position\":1,\"name\":\"Home\",\"item\":\"https:\/\/www.hotelcannero.com\/fr\/\"},{\"@type\":\"ListItem\",\"position\":2,\"name\":\"Services\",\"item\":\"https:\/\/www.hotelcannero.com\/fr\/services\/\"},{\"@type\":\"ListItem\",\"position\":3,\"name\":\"Piscine\"}]},{\"@type\":\"WebSite\",\"@id\":\"https:\/\/www.hotelcannero.com\/fr\/#website\",\"url\":\"https:\/\/www.hotelcannero.com\/fr\/\",\"name\":\"Hotel Cannero\",\"description\":\"\",\"potentialAction\":[{\"@type\":\"SearchAction\",\"target\":{\"@type\":\"EntryPoint\",\"urlTemplate\":\"https:\/\/www.hotelcannero.com\/fr\/?s={search_term_string}\"},\"query-input\":\"required name=search_term_string\"}],\"inLanguage\":\"fr-FR\"}]}<\/script>\n<!-- \/ Yoast SEO plugin. -->","yoast_head_json":{"title":"Piscine &#183; Hotel Cannero &#183;","description":"La piscine est situ\u00e9e dans la partie arri\u00e8re de la structure, parmi les fleurs du jardin.  Il dispose d'un espace solarium \u00e9quip\u00e9 de transats confortables et de parasols pour des moments de d\u00e9tente sous le soleil. De plus, il est toujours contr\u00f4l\u00e9 et surveill\u00e9 pendant les heures d'ouverture par un sauveteur qualifi\u00e9.","robots":{"index":"index","follow":"follow","max-snippet":"max-snippet:-1","max-image-preview":"max-image-preview:large","max-video-preview":"max-video-preview:-1"},"canonical":"https:\/\/www.hotelcannero.com\/fr\/services\/piscine\/","og_locale":"fr_FR","og_type":"article","og_title":"Piscine &#183; Hotel Cannero &#183;","og_description":"La piscine est situ\u00e9e dans la partie arri\u00e8re de la structure, parmi les fleurs du jardin.  Il dispose d'un espace solarium \u00e9quip\u00e9 de transats confortables et de parasols pour des moments de d\u00e9tente sous le soleil. De plus, il est toujours contr\u00f4l\u00e9 et surveill\u00e9 pendant les heures d'ouverture par un sauveteur qualifi\u00e9.","og_url":"https:\/\/www.hotelcannero.com\/fr\/services\/piscine\/","og_site_name":"Hotel Cannero","twitter_card":"summary_large_image","twitter_misc":{"Dur\u00e9e de lecture estim\u00e9e":"1 minute"},"schema":{"@context":"https:\/\/schema.org","@graph":[{"@type":"WebPage","@id":"https:\/\/www.hotelcannero.com\/fr\/services\/piscine\/","url":"https:\/\/www.hotelcannero.com\/fr\/services\/piscine\/","name":"Piscine &#183; Hotel Cannero &#183;","isPartOf":{"@id":"https:\/\/www.hotelcannero.com\/fr\/#website"},"datePublished":"2023-05-16T15:53:53+00:00","dateModified":"2023-05-16T15:53:53+00:00","description":"La piscine est situ\u00e9e dans la partie arri\u00e8re de la structure, parmi les fleurs du jardin. Il dispose d'un espace solarium \u00e9quip\u00e9 de transats confortables et de parasols pour des moments de d\u00e9tente sous le soleil. De plus, il est toujours contr\u00f4l\u00e9 et surveill\u00e9 pendant les heures d'ouverture par un sauveteur qualifi\u00e9.","breadcrumb":{"@id":"https:\/\/www.hotelcannero.com\/fr\/services\/piscine\/#breadcrumb"},"inLanguage":"fr-FR","potentialAction":[{"@type":"ReadAction","target":["https:\/\/www.hotelcannero.com\/fr\/services\/piscine\/"]}]},{"@type":"BreadcrumbList","@id":"https:\/\/www.hotelcannero.com\/fr\/services\/piscine\/#breadcrumb","itemListElement":[{"@type":"ListItem","position":1,"name":"Home","item":"https:\/\/www.hotelcannero.com\/fr\/"},{"@type":"ListItem","position":2,"name":"Services","item":"https:\/\/www.hotelcannero.com\/fr\/services\/"},{"@type":"ListItem","position":3,"name":"Piscine"}]},{"@type":"WebSite","@id":"https:\/\/www.hotelcannero.com\/fr\/#website","url":"https:\/\/www.hotelcannero.com\/fr\/","name":"Hotel Cannero","description":"","potentialAction":[{"@type":"SearchAction","target":{"@type":"EntryPoint","urlTemplate":"https:\/\/www.hotelcannero.com\/fr\/?s={search_term_string}"},"query-input":"required name=search_term_string"}],"inLanguage":"fr-FR"}]}},"acf":[],"_links":{"self":[{"href":"https:\/\/www.hotelcannero.com\/fr\/wp-json\/wp\/v2\/pages\/362"}],"collection":[{"href":"https:\/\/www.hotelcannero.com\/fr\/wp-json\/wp\/v2\/pages"}],"about":[{"href":"https:\/\/www.hotelcannero.com\/fr\/wp-json\/wp\/v2\/types\/page"}],"author":[{"embeddable":true,"href":"https:\/\/www.hotelcannero.com\/fr\/wp-json\/wp\/v2\/users\/26"}],"replies":[{"embeddable":true,"href":"https:\/\/www.hotelcannero.com\/fr\/wp-json\/wp\/v2\/comments?post=362"}],"version-history":[{"count":0,"href":"https:\/\/www.hotelcannero.com\/fr\/wp-json\/wp\/v2\/pages\/362\/revisions"}],"up":[{"embeddable":true,"href":"https:\/\/www.hotelcannero.com\/fr\/wp-json\/wp\/v2\/pages\/359"}],"wp:attachment":[{"href":"https:\/\/www.hotelcannero.com\/fr\/wp-json\/wp\/v2\/media?parent=362"}],"curies":[{"name":"wp","href":"https:\/\/api.w.org\/{rel}","templated":true}]}}