{"id":365,"date":"2023-05-16T15:59:08","date_gmt":"2023-05-16T15:59:08","guid":{"rendered":"https:\/\/hotelcannero.ms2.decms.eu\/?page_id=365"},"modified":"2023-05-22T16:04:13","modified_gmt":"2023-05-22T16:04:13","slug":"ou-nous-sommes","status":"publish","type":"page","link":"https:\/\/www.hotelcannero.com\/fr\/ou-nous-sommes\/","title":{"rendered":"O\u00f9 Nous Sommes"},"content":{"rendered":"<p>Sur les rives du lac Majeur, dans la partie italienne du lac et en particulier \u00e0 l&rsquo;extr\u00eame nord de la r\u00e9gion du Pi\u00e9mont, se trouve Cannero Riviera, si\u00e8ge de notre structure h\u00f4teli\u00e8re. Juste au bout de la longue avenue qui longe le lac, se trouve en effet l&rsquo;h\u00f4tel qui jouit d&rsquo;une vue magnifique sur les Castelli di Cannero.<\/p>\n<p>Nous sommes joignables par tous les moyens de transport : voiture, bus, train et aussi avec le service de navigation.<\/p>\n","protected":false},"excerpt":{"rendered":"<p>Sur les rives du lac Majeur, dans la partie italienne du lac et en particulier \u00e0 l&rsquo;extr\u00eame nord de la r\u00e9gion du Pi\u00e9mont, se trouve Cannero Riviera, si\u00e8ge de notre structure h\u00f4teli\u00e8re. Juste au bout de la longue avenue qui longe le lac, se trouve en effet l&rsquo;h\u00f4tel qui jouit d&rsquo;une vue magnifique sur les [&hellip;]<\/p>\n","protected":false},"author":26,"featured_media":0,"parent":0,"menu_order":90,"comment_status":"closed","ping_status":"closed","template":"template-location.php","meta":{"footnotes":""},"yoast_head":"<!-- This site is optimized with the Yoast SEO plugin v22.3 - https:\/\/yoast.com\/wordpress\/plugins\/seo\/ -->\n<title>O\u00f9 Nous Sommes &#183; Hotel Cannero &#183;<\/title>\n<meta name=\"description\" content=\"Sur les rives du lac Majeur, dans la partie italienne du lac et en particulier \u00e0 l&#039;extr\u00eame nord de la r\u00e9gion du Pi\u00e9mont, se trouve Cannero Riviera, si\u00e8ge de notre structure h\u00f4teli\u00e8re. Juste au bout de la longue avenue qui longe le lac, se trouve en effet l&#039;h\u00f4tel qui jouit d&#039;une vue magnifique sur les Castelli di Cannero.  Nous sommes joignables par tous les moyens de transport : voiture, bus, train et aussi avec le service de navigation.\" \/>\n<meta name=\"robots\" content=\"index, follow, max-snippet:-1, max-image-preview:large, max-video-preview:-1\" \/>\n<link rel=\"canonical\" href=\"https:\/\/www.hotelcannero.com\/fr\/ou-nous-sommes\/\" \/>\n<meta property=\"og:locale\" content=\"fr_FR\" \/>\n<meta property=\"og:type\" content=\"article\" \/>\n<meta property=\"og:title\" content=\"O\u00f9 Nous Sommes &#183; Hotel Cannero &#183;\" \/>\n<meta property=\"og:description\" content=\"Sur les rives du lac Majeur, dans la partie italienne du lac et en particulier \u00e0 l&#039;extr\u00eame nord de la r\u00e9gion du Pi\u00e9mont, se trouve Cannero Riviera, si\u00e8ge de notre structure h\u00f4teli\u00e8re. Juste au bout de la longue avenue qui longe le lac, se trouve en effet l&#039;h\u00f4tel qui jouit d&#039;une vue magnifique sur les Castelli di Cannero.  Nous sommes joignables par tous les moyens de transport : voiture, bus, train et aussi avec le service de navigation.\" \/>\n<meta property=\"og:url\" content=\"https:\/\/www.hotelcannero.com\/fr\/ou-nous-sommes\/\" \/>\n<meta property=\"og:site_name\" content=\"Hotel Cannero\" \/>\n<meta property=\"article:modified_time\" content=\"2023-05-22T16:04:13+00:00\" \/>\n<meta name=\"twitter:card\" content=\"summary_large_image\" \/>\n<meta name=\"twitter:label1\" content=\"Dur\u00e9e de lecture estim\u00e9e\" \/>\n\t<meta name=\"twitter:data1\" content=\"1 minute\" \/>\n<script type=\"application\/ld+json\" class=\"yoast-schema-graph\">{\"@context\":\"https:\/\/schema.org\",\"@graph\":[{\"@type\":\"WebPage\",\"@id\":\"https:\/\/www.hotelcannero.com\/fr\/ou-nous-sommes\/\",\"url\":\"https:\/\/www.hotelcannero.com\/fr\/ou-nous-sommes\/\",\"name\":\"O\u00f9 Nous Sommes &#183; Hotel Cannero &#183;\",\"isPartOf\":{\"@id\":\"https:\/\/www.hotelcannero.com\/fr\/#website\"},\"datePublished\":\"2023-05-16T15:59:08+00:00\",\"dateModified\":\"2023-05-22T16:04:13+00:00\",\"description\":\"Sur les rives du lac Majeur, dans la partie italienne du lac et en particulier \u00e0 l'extr\u00eame nord de la r\u00e9gion du Pi\u00e9mont, se trouve Cannero Riviera, si\u00e8ge de notre structure h\u00f4teli\u00e8re. Juste au bout de la longue avenue qui longe le lac, se trouve en effet l'h\u00f4tel qui jouit d'une vue magnifique sur les Castelli di Cannero. Nous sommes joignables par tous les moyens de transport : voiture, bus, train et aussi avec le service de navigation.\",\"breadcrumb\":{\"@id\":\"https:\/\/www.hotelcannero.com\/fr\/ou-nous-sommes\/#breadcrumb\"},\"inLanguage\":\"fr-FR\",\"potentialAction\":[{\"@type\":\"ReadAction\",\"target\":[\"https:\/\/www.hotelcannero.com\/fr\/ou-nous-sommes\/\"]}]},{\"@type\":\"BreadcrumbList\",\"@id\":\"https:\/\/www.hotelcannero.com\/fr\/ou-nous-sommes\/#breadcrumb\",\"itemListElement\":[{\"@type\":\"ListItem\",\"position\":1,\"name\":\"Home\",\"item\":\"https:\/\/www.hotelcannero.com\/fr\/\"},{\"@type\":\"ListItem\",\"position\":2,\"name\":\"O\u00f9 Nous Sommes\"}]},{\"@type\":\"WebSite\",\"@id\":\"https:\/\/www.hotelcannero.com\/fr\/#website\",\"url\":\"https:\/\/www.hotelcannero.com\/fr\/\",\"name\":\"Hotel Cannero\",\"description\":\"\",\"potentialAction\":[{\"@type\":\"SearchAction\",\"target\":{\"@type\":\"EntryPoint\",\"urlTemplate\":\"https:\/\/www.hotelcannero.com\/fr\/?s={search_term_string}\"},\"query-input\":\"required name=search_term_string\"}],\"inLanguage\":\"fr-FR\"}]}<\/script>\n<!-- \/ Yoast SEO plugin. -->","yoast_head_json":{"title":"O\u00f9 Nous Sommes &#183; Hotel Cannero &#183;","description":"Sur les rives du lac Majeur, dans la partie italienne du lac et en particulier \u00e0 l'extr\u00eame nord de la r\u00e9gion du Pi\u00e9mont, se trouve Cannero Riviera, si\u00e8ge de notre structure h\u00f4teli\u00e8re. Juste au bout de la longue avenue qui longe le lac, se trouve en effet l'h\u00f4tel qui jouit d'une vue magnifique sur les Castelli di Cannero.  Nous sommes joignables par tous les moyens de transport : voiture, bus, train et aussi avec le service de navigation.","robots":{"index":"index","follow":"follow","max-snippet":"max-snippet:-1","max-image-preview":"max-image-preview:large","max-video-preview":"max-video-preview:-1"},"canonical":"https:\/\/www.hotelcannero.com\/fr\/ou-nous-sommes\/","og_locale":"fr_FR","og_type":"article","og_title":"O\u00f9 Nous Sommes &#183; Hotel Cannero &#183;","og_description":"Sur les rives du lac Majeur, dans la partie italienne du lac et en particulier \u00e0 l'extr\u00eame nord de la r\u00e9gion du Pi\u00e9mont, se trouve Cannero Riviera, si\u00e8ge de notre structure h\u00f4teli\u00e8re. Juste au bout de la longue avenue qui longe le lac, se trouve en effet l'h\u00f4tel qui jouit d'une vue magnifique sur les Castelli di Cannero.  Nous sommes joignables par tous les moyens de transport : voiture, bus, train et aussi avec le service de navigation.","og_url":"https:\/\/www.hotelcannero.com\/fr\/ou-nous-sommes\/","og_site_name":"Hotel Cannero","article_modified_time":"2023-05-22T16:04:13+00:00","twitter_card":"summary_large_image","twitter_misc":{"Dur\u00e9e de lecture estim\u00e9e":"1 minute"},"schema":{"@context":"https:\/\/schema.org","@graph":[{"@type":"WebPage","@id":"https:\/\/www.hotelcannero.com\/fr\/ou-nous-sommes\/","url":"https:\/\/www.hotelcannero.com\/fr\/ou-nous-sommes\/","name":"O\u00f9 Nous Sommes &#183; Hotel Cannero &#183;","isPartOf":{"@id":"https:\/\/www.hotelcannero.com\/fr\/#website"},"datePublished":"2023-05-16T15:59:08+00:00","dateModified":"2023-05-22T16:04:13+00:00","description":"Sur les rives du lac Majeur, dans la partie italienne du lac et en particulier \u00e0 l'extr\u00eame nord de la r\u00e9gion du Pi\u00e9mont, se trouve Cannero Riviera, si\u00e8ge de notre structure h\u00f4teli\u00e8re. Juste au bout de la longue avenue qui longe le lac, se trouve en effet l'h\u00f4tel qui jouit d'une vue magnifique sur les Castelli di Cannero. Nous sommes joignables par tous les moyens de transport : voiture, bus, train et aussi avec le service de navigation.","breadcrumb":{"@id":"https:\/\/www.hotelcannero.com\/fr\/ou-nous-sommes\/#breadcrumb"},"inLanguage":"fr-FR","potentialAction":[{"@type":"ReadAction","target":["https:\/\/www.hotelcannero.com\/fr\/ou-nous-sommes\/"]}]},{"@type":"BreadcrumbList","@id":"https:\/\/www.hotelcannero.com\/fr\/ou-nous-sommes\/#breadcrumb","itemListElement":[{"@type":"ListItem","position":1,"name":"Home","item":"https:\/\/www.hotelcannero.com\/fr\/"},{"@type":"ListItem","position":2,"name":"O\u00f9 Nous Sommes"}]},{"@type":"WebSite","@id":"https:\/\/www.hotelcannero.com\/fr\/#website","url":"https:\/\/www.hotelcannero.com\/fr\/","name":"Hotel Cannero","description":"","potentialAction":[{"@type":"SearchAction","target":{"@type":"EntryPoint","urlTemplate":"https:\/\/www.hotelcannero.com\/fr\/?s={search_term_string}"},"query-input":"required name=search_term_string"}],"inLanguage":"fr-FR"}]}},"acf":[],"_links":{"self":[{"href":"https:\/\/www.hotelcannero.com\/fr\/wp-json\/wp\/v2\/pages\/365"}],"collection":[{"href":"https:\/\/www.hotelcannero.com\/fr\/wp-json\/wp\/v2\/pages"}],"about":[{"href":"https:\/\/www.hotelcannero.com\/fr\/wp-json\/wp\/v2\/types\/page"}],"author":[{"embeddable":true,"href":"https:\/\/www.hotelcannero.com\/fr\/wp-json\/wp\/v2\/users\/26"}],"replies":[{"embeddable":true,"href":"https:\/\/www.hotelcannero.com\/fr\/wp-json\/wp\/v2\/comments?post=365"}],"version-history":[{"count":0,"href":"https:\/\/www.hotelcannero.com\/fr\/wp-json\/wp\/v2\/pages\/365\/revisions"}],"wp:attachment":[{"href":"https:\/\/www.hotelcannero.com\/fr\/wp-json\/wp\/v2\/media?parent=365"}],"curies":[{"name":"wp","href":"https:\/\/api.w.org\/{rel}","templated":true}]}}