{"id":392,"date":"2023-05-17T10:25:35","date_gmt":"2023-05-17T10:25:35","guid":{"rendered":"https:\/\/hotelcannero.ms2.decms.eu\/?page_id=392"},"modified":"2023-05-17T10:25:35","modified_gmt":"2023-05-17T10:25:35","slug":"territoire-et-activites","status":"publish","type":"page","link":"https:\/\/www.hotelcannero.com\/fr\/territoire-et-activites\/","title":{"rendered":"Territoire et Activit\u00e9s"},"content":{"rendered":"<p>Nous sommes en Italie, au Nord de la R\u00e9gion du Pi\u00e9mont, dans le Haut Verbano en Italie et \u00e0 quelques kilom\u00e8tres de la Suisse (environ 8 km de la fronti\u00e8re Italie-Suisse).<\/p>\n<p>Devant nous se dresse le lac Majeur et derri\u00e8re nous la cha\u00eene de montagnes des Alpes.<\/p>\n<p>Le lac nous garantit des hivers doux et des \u00e9t\u00e9s agr\u00e9ables, nous r\u00e9chauffe en hiver et nous rafra\u00eechit en \u00e9t\u00e9, tandis que les montagnes nous prot\u00e8gent des courants froids en hiver et lib\u00e8rent des brises fra\u00eeches en \u00e9t\u00e9.<\/p>\n<p>Ces \u00e9l\u00e9ments naturels sont les artisans de notre climat doux qui permet le d\u00e9veloppement d&rsquo;une flore riche et presque m\u00e9diterran\u00e9enne : les jardins de Cannero sont r\u00e9put\u00e9s pour les plantes originaires de Chine comme les cam\u00e9lias et les azal\u00e9es, mais aussi pour les orangers, citronniers et autres agrumes. Fruits ou les magnolias grandiflora qui parfument nos avenues. Les bois qui nous entourent sont riches en ch\u00e2taigniers, h\u00eatres, ch\u00eanes et m\u00e9l\u00e8zes.<\/p>\n<p>Nos principales activit\u00e9s et celles de nos h\u00f4tes sont li\u00e9es \u00e0 ce climat et aux caract\u00e9ristiques de la r\u00e9gion:<\/p>\n","protected":false},"excerpt":{"rendered":"<p>Nous sommes en Italie, au Nord de la R\u00e9gion du Pi\u00e9mont, dans le Haut Verbano en Italie et \u00e0 quelques kilom\u00e8tres de la Suisse (environ 8 km de la fronti\u00e8re Italie-Suisse). Devant nous se dresse le lac Majeur et derri\u00e8re nous la cha\u00eene de montagnes des Alpes. Le lac nous garantit des hivers doux et [&hellip;]<\/p>\n","protected":false},"author":26,"featured_media":0,"parent":0,"menu_order":70,"comment_status":"closed","ping_status":"closed","template":"template-default-3.php","meta":{"footnotes":""},"class_list":["post-392","page","type-page","status-publish","hentry"],"yoast_head":"<!-- This site is optimized with the Yoast SEO plugin v27.3 - https:\/\/yoast.com\/product\/yoast-seo-wordpress\/ -->\n<title>Territoire et Activit\u00e9s &#183; Hotel Cannero &#183;<\/title>\n<meta name=\"description\" content=\"Nous sommes en Italie, au Nord de la R\u00e9gion du Pi\u00e9mont, dans le Haut Verbano en Italie et \u00e0 quelques kilom\u00e8tres de la Suisse (environ 8 km de la fronti\u00e8re Italie-Suisse).  Devant nous se dresse le lac Majeur et derri\u00e8re nous la cha\u00eene de montagnes des Alpes.  Le lac nous garantit des hivers doux et des \u00e9t\u00e9s agr\u00e9ables, nous r\u00e9chauffe en hiver et nous rafra\u00eechit en \u00e9t\u00e9, tandis que les montagnes nous prot\u00e8gent des courants froids en hiver et lib\u00e8rent des brises fra\u00eeches en \u00e9t\u00e9.  Ces \u00e9l\u00e9ments naturels sont les artisans de notre climat doux qui permet le d\u00e9veloppement d&#039;une flore riche et presque m\u00e9diterran\u00e9enne : les jardins de Cannero sont r\u00e9put\u00e9s pour les plantes originaires de Chine comme les cam\u00e9lias et les azal\u00e9es, mais aussi pour les orangers, citronniers et autres agrumes. Fruits ou les magnolias grandiflora qui parfument nos avenues\" \/>\n<meta name=\"robots\" content=\"index, follow, max-snippet:-1, max-image-preview:large, max-video-preview:-1\" \/>\n<link rel=\"canonical\" href=\"https:\/\/www.hotelcannero.com\/fr\/territoire-et-activites\/\" \/>\n<meta property=\"og:locale\" content=\"fr_FR\" \/>\n<meta property=\"og:type\" content=\"article\" \/>\n<meta property=\"og:title\" content=\"Territoire et Activit\u00e9s &#183; Hotel Cannero &#183;\" \/>\n<meta property=\"og:description\" content=\"Nous sommes en Italie, au Nord de la R\u00e9gion du Pi\u00e9mont, dans le Haut Verbano en Italie et \u00e0 quelques kilom\u00e8tres de la Suisse (environ 8 km de la fronti\u00e8re Italie-Suisse).  Devant nous se dresse le lac Majeur et derri\u00e8re nous la cha\u00eene de montagnes des Alpes.  Le lac nous garantit des hivers doux et des \u00e9t\u00e9s agr\u00e9ables, nous r\u00e9chauffe en hiver et nous rafra\u00eechit en \u00e9t\u00e9, tandis que les montagnes nous prot\u00e8gent des courants froids en hiver et lib\u00e8rent des brises fra\u00eeches en \u00e9t\u00e9.  Ces \u00e9l\u00e9ments naturels sont les artisans de notre climat doux qui permet le d\u00e9veloppement d&#039;une flore riche et presque m\u00e9diterran\u00e9enne : les jardins de Cannero sont r\u00e9put\u00e9s pour les plantes originaires de Chine comme les cam\u00e9lias et les azal\u00e9es, mais aussi pour les orangers, citronniers et autres agrumes. Fruits ou les magnolias grandiflora qui parfument nos avenues\" \/>\n<meta property=\"og:url\" content=\"https:\/\/www.hotelcannero.com\/fr\/territoire-et-activites\/\" \/>\n<meta property=\"og:site_name\" content=\"Hotel Cannero\" \/>\n<meta name=\"twitter:card\" content=\"summary_large_image\" \/>\n<meta name=\"twitter:label1\" content=\"Dur\u00e9e de lecture estim\u00e9e\" \/>\n\t<meta name=\"twitter:data1\" content=\"1 minute\" \/>\n<script type=\"application\/ld+json\" class=\"yoast-schema-graph\">{\"@context\":\"https:\\\/\\\/schema.org\",\"@graph\":[{\"@type\":\"WebPage\",\"@id\":\"https:\\\/\\\/www.hotelcannero.com\\\/fr\\\/territoire-et-activites\\\/\",\"url\":\"https:\\\/\\\/www.hotelcannero.com\\\/fr\\\/territoire-et-activites\\\/\",\"name\":\"Territoire et Activit\u00e9s &#183; Hotel Cannero &#183;\",\"isPartOf\":{\"@id\":\"https:\\\/\\\/www.hotelcannero.com\\\/fr\\\/#website\"},\"datePublished\":\"2023-05-17T10:25:35+00:00\",\"description\":\"Nous sommes en Italie, au Nord de la R\u00e9gion du Pi\u00e9mont, dans le Haut Verbano en Italie et \u00e0 quelques kilom\u00e8tres de la Suisse (environ 8 km de la fronti\u00e8re Italie-Suisse). Devant nous se dresse le lac Majeur et derri\u00e8re nous la cha\u00eene de montagnes des Alpes. Le lac nous garantit des hivers doux et des \u00e9t\u00e9s agr\u00e9ables, nous r\u00e9chauffe en hiver et nous rafra\u00eechit en \u00e9t\u00e9, tandis que les montagnes nous prot\u00e8gent des courants froids en hiver et lib\u00e8rent des brises fra\u00eeches en \u00e9t\u00e9. Ces \u00e9l\u00e9ments naturels sont les artisans de notre climat doux qui permet le d\u00e9veloppement d'une flore riche et presque m\u00e9diterran\u00e9enne : les jardins de Cannero sont r\u00e9put\u00e9s pour les plantes originaires de Chine comme les cam\u00e9lias et les azal\u00e9es, mais aussi pour les orangers, citronniers et autres agrumes. Fruits ou les magnolias grandiflora qui parfument nos avenues\",\"breadcrumb\":{\"@id\":\"https:\\\/\\\/www.hotelcannero.com\\\/fr\\\/territoire-et-activites\\\/#breadcrumb\"},\"inLanguage\":\"fr-FR\",\"potentialAction\":[{\"@type\":\"ReadAction\",\"target\":[\"https:\\\/\\\/www.hotelcannero.com\\\/fr\\\/territoire-et-activites\\\/\"]}]},{\"@type\":\"BreadcrumbList\",\"@id\":\"https:\\\/\\\/www.hotelcannero.com\\\/fr\\\/territoire-et-activites\\\/#breadcrumb\",\"itemListElement\":[{\"@type\":\"ListItem\",\"position\":1,\"name\":\"Home\",\"item\":\"https:\\\/\\\/www.hotelcannero.com\\\/fr\\\/\"},{\"@type\":\"ListItem\",\"position\":2,\"name\":\"Territoire et Activit\u00e9s\"}]},{\"@type\":\"WebSite\",\"@id\":\"https:\\\/\\\/www.hotelcannero.com\\\/fr\\\/#website\",\"url\":\"https:\\\/\\\/www.hotelcannero.com\\\/fr\\\/\",\"name\":\"Hotel Cannero\",\"description\":\"\",\"potentialAction\":[{\"@type\":\"SearchAction\",\"target\":{\"@type\":\"EntryPoint\",\"urlTemplate\":\"https:\\\/\\\/www.hotelcannero.com\\\/fr\\\/?s={search_term_string}\"},\"query-input\":{\"@type\":\"PropertyValueSpecification\",\"valueRequired\":true,\"valueName\":\"search_term_string\"}}],\"inLanguage\":\"fr-FR\"}]}<\/script>\n<!-- \/ Yoast SEO plugin. -->","yoast_head_json":{"title":"Territoire et Activit\u00e9s &#183; Hotel Cannero &#183;","description":"Nous sommes en Italie, au Nord de la R\u00e9gion du Pi\u00e9mont, dans le Haut Verbano en Italie et \u00e0 quelques kilom\u00e8tres de la Suisse (environ 8 km de la fronti\u00e8re Italie-Suisse).  Devant nous se dresse le lac Majeur et derri\u00e8re nous la cha\u00eene de montagnes des Alpes.  Le lac nous garantit des hivers doux et des \u00e9t\u00e9s agr\u00e9ables, nous r\u00e9chauffe en hiver et nous rafra\u00eechit en \u00e9t\u00e9, tandis que les montagnes nous prot\u00e8gent des courants froids en hiver et lib\u00e8rent des brises fra\u00eeches en \u00e9t\u00e9.  Ces \u00e9l\u00e9ments naturels sont les artisans de notre climat doux qui permet le d\u00e9veloppement d'une flore riche et presque m\u00e9diterran\u00e9enne : les jardins de Cannero sont r\u00e9put\u00e9s pour les plantes originaires de Chine comme les cam\u00e9lias et les azal\u00e9es, mais aussi pour les orangers, citronniers et autres agrumes. Fruits ou les magnolias grandiflora qui parfument nos avenues","robots":{"index":"index","follow":"follow","max-snippet":"max-snippet:-1","max-image-preview":"max-image-preview:large","max-video-preview":"max-video-preview:-1"},"canonical":"https:\/\/www.hotelcannero.com\/fr\/territoire-et-activites\/","og_locale":"fr_FR","og_type":"article","og_title":"Territoire et Activit\u00e9s &#183; Hotel Cannero &#183;","og_description":"Nous sommes en Italie, au Nord de la R\u00e9gion du Pi\u00e9mont, dans le Haut Verbano en Italie et \u00e0 quelques kilom\u00e8tres de la Suisse (environ 8 km de la fronti\u00e8re Italie-Suisse).  Devant nous se dresse le lac Majeur et derri\u00e8re nous la cha\u00eene de montagnes des Alpes.  Le lac nous garantit des hivers doux et des \u00e9t\u00e9s agr\u00e9ables, nous r\u00e9chauffe en hiver et nous rafra\u00eechit en \u00e9t\u00e9, tandis que les montagnes nous prot\u00e8gent des courants froids en hiver et lib\u00e8rent des brises fra\u00eeches en \u00e9t\u00e9.  Ces \u00e9l\u00e9ments naturels sont les artisans de notre climat doux qui permet le d\u00e9veloppement d'une flore riche et presque m\u00e9diterran\u00e9enne : les jardins de Cannero sont r\u00e9put\u00e9s pour les plantes originaires de Chine comme les cam\u00e9lias et les azal\u00e9es, mais aussi pour les orangers, citronniers et autres agrumes. Fruits ou les magnolias grandiflora qui parfument nos avenues","og_url":"https:\/\/www.hotelcannero.com\/fr\/territoire-et-activites\/","og_site_name":"Hotel Cannero","twitter_card":"summary_large_image","twitter_misc":{"Dur\u00e9e de lecture estim\u00e9e":"1 minute"},"schema":{"@context":"https:\/\/schema.org","@graph":[{"@type":"WebPage","@id":"https:\/\/www.hotelcannero.com\/fr\/territoire-et-activites\/","url":"https:\/\/www.hotelcannero.com\/fr\/territoire-et-activites\/","name":"Territoire et Activit\u00e9s &#183; Hotel Cannero &#183;","isPartOf":{"@id":"https:\/\/www.hotelcannero.com\/fr\/#website"},"datePublished":"2023-05-17T10:25:35+00:00","description":"Nous sommes en Italie, au Nord de la R\u00e9gion du Pi\u00e9mont, dans le Haut Verbano en Italie et \u00e0 quelques kilom\u00e8tres de la Suisse (environ 8 km de la fronti\u00e8re Italie-Suisse). Devant nous se dresse le lac Majeur et derri\u00e8re nous la cha\u00eene de montagnes des Alpes. Le lac nous garantit des hivers doux et des \u00e9t\u00e9s agr\u00e9ables, nous r\u00e9chauffe en hiver et nous rafra\u00eechit en \u00e9t\u00e9, tandis que les montagnes nous prot\u00e8gent des courants froids en hiver et lib\u00e8rent des brises fra\u00eeches en \u00e9t\u00e9. Ces \u00e9l\u00e9ments naturels sont les artisans de notre climat doux qui permet le d\u00e9veloppement d'une flore riche et presque m\u00e9diterran\u00e9enne : les jardins de Cannero sont r\u00e9put\u00e9s pour les plantes originaires de Chine comme les cam\u00e9lias et les azal\u00e9es, mais aussi pour les orangers, citronniers et autres agrumes. Fruits ou les magnolias grandiflora qui parfument nos avenues","breadcrumb":{"@id":"https:\/\/www.hotelcannero.com\/fr\/territoire-et-activites\/#breadcrumb"},"inLanguage":"fr-FR","potentialAction":[{"@type":"ReadAction","target":["https:\/\/www.hotelcannero.com\/fr\/territoire-et-activites\/"]}]},{"@type":"BreadcrumbList","@id":"https:\/\/www.hotelcannero.com\/fr\/territoire-et-activites\/#breadcrumb","itemListElement":[{"@type":"ListItem","position":1,"name":"Home","item":"https:\/\/www.hotelcannero.com\/fr\/"},{"@type":"ListItem","position":2,"name":"Territoire et Activit\u00e9s"}]},{"@type":"WebSite","@id":"https:\/\/www.hotelcannero.com\/fr\/#website","url":"https:\/\/www.hotelcannero.com\/fr\/","name":"Hotel Cannero","description":"","potentialAction":[{"@type":"SearchAction","target":{"@type":"EntryPoint","urlTemplate":"https:\/\/www.hotelcannero.com\/fr\/?s={search_term_string}"},"query-input":{"@type":"PropertyValueSpecification","valueRequired":true,"valueName":"search_term_string"}}],"inLanguage":"fr-FR"}]}},"acf":[],"_links":{"self":[{"href":"https:\/\/www.hotelcannero.com\/fr\/wp-json\/wp\/v2\/pages\/392","targetHints":{"allow":["GET"]}}],"collection":[{"href":"https:\/\/www.hotelcannero.com\/fr\/wp-json\/wp\/v2\/pages"}],"about":[{"href":"https:\/\/www.hotelcannero.com\/fr\/wp-json\/wp\/v2\/types\/page"}],"author":[{"embeddable":true,"href":"https:\/\/www.hotelcannero.com\/fr\/wp-json\/wp\/v2\/users\/26"}],"replies":[{"embeddable":true,"href":"https:\/\/www.hotelcannero.com\/fr\/wp-json\/wp\/v2\/comments?post=392"}],"version-history":[{"count":0,"href":"https:\/\/www.hotelcannero.com\/fr\/wp-json\/wp\/v2\/pages\/392\/revisions"}],"wp:attachment":[{"href":"https:\/\/www.hotelcannero.com\/fr\/wp-json\/wp\/v2\/media?parent=392"}],"curies":[{"name":"wp","href":"https:\/\/api.w.org\/{rel}","templated":true}]}}