{"id":393,"date":"2023-05-17T10:31:42","date_gmt":"2023-05-17T10:31:42","guid":{"rendered":"https:\/\/hotelcannero.ms2.decms.eu\/?page_id=393"},"modified":"2023-05-17T10:31:42","modified_gmt":"2023-05-17T10:31:42","slug":"activites-liees-a-leau","status":"publish","type":"page","link":"https:\/\/www.hotelcannero.com\/fr\/territoire-et-activites\/activites-liees-a-leau\/","title":{"rendered":"Activit\u00e9s li\u00e9es \u00e0 l&rsquo;eau"},"content":{"rendered":"<ul>\n<li>Baignade qui peut se pratiquer depuis l&rsquo;une des plus belles plages du Lac Majeur (surveill\u00e9e en \u00e9t\u00e9), accompagn\u00e9e de bains de soleil au bord du lac ou au bord de la piscine de l&rsquo;H\u00f4tel Cannero.<\/li>\n<li>L&rsquo;aviron qui est pratiqu\u00e9 d\u00e8s le plus jeune \u00e2ge par les habitants des villages du lac dans les clubs sportifs locaux mais aussi par de nombreux h\u00f4tes \u00e9trangers qui s\u00e9journent \u00e0 l&rsquo;H\u00f4tel Cannero et s&rsquo;entra\u00eenent avec leurs bateaux sur le Lac Majeur.<\/li>\n<li>Le voilier dans les diff\u00e9rents Clubs d&rsquo;Aviron ou avec l&rsquo;aide de chantiers navals pour la location ou l&rsquo;entretien de votre bateau.<\/li>\n<li>Le bateau \u00e0 moteur qui peut \u00eatre lou\u00e9 (\u00e9galement \u00e0 l&rsquo;H\u00f4tel Cannero) et presque toujours conduit m\u00eame sans permis bateau, ayant moins de 40 chevaux.<\/li>\n<li>Excursions avec les bateaux de ligne de la Navigation du Lac Majeur ou avec des bateaux priv\u00e9s tels que le bateau Giada di Cannero Collection (avec skipper).<\/li>\n<\/ul>\n","protected":false},"excerpt":{"rendered":"<p>Baignade qui peut se pratiquer depuis l&rsquo;une des plus belles plages du Lac Majeur (surveill\u00e9e en \u00e9t\u00e9), accompagn\u00e9e de bains de soleil au bord du lac ou au bord de la piscine de l&rsquo;H\u00f4tel Cannero. L&rsquo;aviron qui est pratiqu\u00e9 d\u00e8s le plus jeune \u00e2ge par les habitants des villages du lac dans les clubs sportifs [&hellip;]<\/p>\n","protected":false},"author":26,"featured_media":0,"parent":392,"menu_order":10,"comment_status":"closed","ping_status":"closed","template":"template-default-2.php","meta":{"footnotes":""},"yoast_head":"<!-- This site is optimized with the Yoast SEO plugin v22.3 - https:\/\/yoast.com\/wordpress\/plugins\/seo\/ -->\n<title>Activit\u00e9s li\u00e9es \u00e0 l&#039;eau &#183; Hotel Cannero &#183;<\/title>\n<meta name=\"description\" content=\"Baignade qui peut se pratiquer depuis l&#039;une des plus belles plages du Lac Majeur (surveill\u00e9e en \u00e9t\u00e9), accompagn\u00e9e de bains de soleil au bord du lac ou au bord de la piscine de l&#039;H\u00f4tel Cannero.  L&#039;aviron qui est pratiqu\u00e9 d\u00e8s le plus jeune \u00e2ge par les habitants des villages du lac dans les clubs sportifs locaux mais aussi par de nombreux h\u00f4tes \u00e9trangers qui s\u00e9journent \u00e0 l&#039;H\u00f4tel Cannero et s&#039;entra\u00eenent avec leurs bateaux sur le Lac Majeur.  Le voilier dans les diff\u00e9rents Clubs d&#039;Aviron ou avec l&#039;aide de chantiers navals pour la location ou l&#039;entretien de votre bateau.  Le bateau \u00e0 moteur qui peut \u00eatre lou\u00e9 (\u00e9galement \u00e0 l&#039;H\u00f4tel Cannero) et presque toujours conduit m\u00eame sans permis bateau, ayant moins de 40 chevaux.  Excursions avec les bateaux de ligne de la Navigation du Lac Majeur ou avec des bateaux priv\u00e9s tels que le bateau Giada di Cannero Collection (avec skipper). .\" \/>\n<meta name=\"robots\" content=\"index, follow, max-snippet:-1, max-image-preview:large, max-video-preview:-1\" \/>\n<link rel=\"canonical\" href=\"https:\/\/www.hotelcannero.com\/fr\/territoire-et-activites\/activites-liees-a-leau\/\" \/>\n<meta property=\"og:locale\" content=\"fr_FR\" \/>\n<meta property=\"og:type\" content=\"article\" \/>\n<meta property=\"og:title\" content=\"Activit\u00e9s li\u00e9es \u00e0 l&#039;eau &#183; Hotel Cannero &#183;\" \/>\n<meta property=\"og:description\" content=\"Baignade qui peut se pratiquer depuis l&#039;une des plus belles plages du Lac Majeur (surveill\u00e9e en \u00e9t\u00e9), accompagn\u00e9e de bains de soleil au bord du lac ou au bord de la piscine de l&#039;H\u00f4tel Cannero.  L&#039;aviron qui est pratiqu\u00e9 d\u00e8s le plus jeune \u00e2ge par les habitants des villages du lac dans les clubs sportifs locaux mais aussi par de nombreux h\u00f4tes \u00e9trangers qui s\u00e9journent \u00e0 l&#039;H\u00f4tel Cannero et s&#039;entra\u00eenent avec leurs bateaux sur le Lac Majeur.  Le voilier dans les diff\u00e9rents Clubs d&#039;Aviron ou avec l&#039;aide de chantiers navals pour la location ou l&#039;entretien de votre bateau.  Le bateau \u00e0 moteur qui peut \u00eatre lou\u00e9 (\u00e9galement \u00e0 l&#039;H\u00f4tel Cannero) et presque toujours conduit m\u00eame sans permis bateau, ayant moins de 40 chevaux.  Excursions avec les bateaux de ligne de la Navigation du Lac Majeur ou avec des bateaux priv\u00e9s tels que le bateau Giada di Cannero Collection (avec skipper). .\" \/>\n<meta property=\"og:url\" content=\"https:\/\/www.hotelcannero.com\/fr\/territoire-et-activites\/activites-liees-a-leau\/\" \/>\n<meta property=\"og:site_name\" content=\"Hotel Cannero\" \/>\n<meta name=\"twitter:card\" content=\"summary_large_image\" \/>\n<meta name=\"twitter:label1\" content=\"Dur\u00e9e de lecture estim\u00e9e\" \/>\n\t<meta name=\"twitter:data1\" content=\"1 minute\" \/>\n<script type=\"application\/ld+json\" class=\"yoast-schema-graph\">{\"@context\":\"https:\/\/schema.org\",\"@graph\":[{\"@type\":\"WebPage\",\"@id\":\"https:\/\/www.hotelcannero.com\/fr\/territoire-et-activites\/activites-liees-a-leau\/\",\"url\":\"https:\/\/www.hotelcannero.com\/fr\/territoire-et-activites\/activites-liees-a-leau\/\",\"name\":\"Activit\u00e9s li\u00e9es \u00e0 l'eau &#183; Hotel Cannero &#183;\",\"isPartOf\":{\"@id\":\"https:\/\/www.hotelcannero.com\/fr\/#website\"},\"datePublished\":\"2023-05-17T10:31:42+00:00\",\"dateModified\":\"2023-05-17T10:31:42+00:00\",\"description\":\"\u2022 Baignade qui peut se pratiquer depuis l'une des plus belles plages du Lac Majeur (surveill\u00e9e en \u00e9t\u00e9), accompagn\u00e9e de bains de soleil au bord du lac ou au bord de la piscine de l'H\u00f4tel Cannero. \u2022 L'aviron qui est pratiqu\u00e9 d\u00e8s le plus jeune \u00e2ge par les habitants des villages du lac dans les clubs sportifs locaux mais aussi par de nombreux h\u00f4tes \u00e9trangers qui s\u00e9journent \u00e0 l'H\u00f4tel Cannero et s'entra\u00eenent avec leurs bateaux sur le Lac Majeur. \u2022 Le voilier dans les diff\u00e9rents Clubs d'Aviron ou avec l'aide de chantiers navals pour la location ou l'entretien de votre bateau. \u2022 Le bateau \u00e0 moteur qui peut \u00eatre lou\u00e9 (\u00e9galement \u00e0 l'H\u00f4tel Cannero) et presque toujours conduit m\u00eame sans permis bateau, ayant moins de 40 chevaux. \u2022 Excursions avec les bateaux de ligne de la Navigation du Lac Majeur ou avec des bateaux priv\u00e9s tels que le bateau Giada di Cannero Collection (avec skipper). .\",\"breadcrumb\":{\"@id\":\"https:\/\/www.hotelcannero.com\/fr\/territoire-et-activites\/activites-liees-a-leau\/#breadcrumb\"},\"inLanguage\":\"fr-FR\",\"potentialAction\":[{\"@type\":\"ReadAction\",\"target\":[\"https:\/\/www.hotelcannero.com\/fr\/territoire-et-activites\/activites-liees-a-leau\/\"]}]},{\"@type\":\"BreadcrumbList\",\"@id\":\"https:\/\/www.hotelcannero.com\/fr\/territoire-et-activites\/activites-liees-a-leau\/#breadcrumb\",\"itemListElement\":[{\"@type\":\"ListItem\",\"position\":1,\"name\":\"Home\",\"item\":\"https:\/\/www.hotelcannero.com\/fr\/\"},{\"@type\":\"ListItem\",\"position\":2,\"name\":\"Territoire et Activit\u00e9s\",\"item\":\"https:\/\/www.hotelcannero.com\/fr\/territoire-et-activites\/\"},{\"@type\":\"ListItem\",\"position\":3,\"name\":\"Activit\u00e9s li\u00e9es \u00e0 l&rsquo;eau\"}]},{\"@type\":\"WebSite\",\"@id\":\"https:\/\/www.hotelcannero.com\/fr\/#website\",\"url\":\"https:\/\/www.hotelcannero.com\/fr\/\",\"name\":\"Hotel Cannero\",\"description\":\"\",\"potentialAction\":[{\"@type\":\"SearchAction\",\"target\":{\"@type\":\"EntryPoint\",\"urlTemplate\":\"https:\/\/www.hotelcannero.com\/fr\/?s={search_term_string}\"},\"query-input\":\"required name=search_term_string\"}],\"inLanguage\":\"fr-FR\"}]}<\/script>\n<!-- \/ Yoast SEO plugin. -->","yoast_head_json":{"title":"Activit\u00e9s li\u00e9es \u00e0 l'eau &#183; Hotel Cannero &#183;","description":"Baignade qui peut se pratiquer depuis l'une des plus belles plages du Lac Majeur (surveill\u00e9e en \u00e9t\u00e9), accompagn\u00e9e de bains de soleil au bord du lac ou au bord de la piscine de l'H\u00f4tel Cannero.  L'aviron qui est pratiqu\u00e9 d\u00e8s le plus jeune \u00e2ge par les habitants des villages du lac dans les clubs sportifs locaux mais aussi par de nombreux h\u00f4tes \u00e9trangers qui s\u00e9journent \u00e0 l'H\u00f4tel Cannero et s'entra\u00eenent avec leurs bateaux sur le Lac Majeur.  Le voilier dans les diff\u00e9rents Clubs d'Aviron ou avec l'aide de chantiers navals pour la location ou l'entretien de votre bateau.  Le bateau \u00e0 moteur qui peut \u00eatre lou\u00e9 (\u00e9galement \u00e0 l'H\u00f4tel Cannero) et presque toujours conduit m\u00eame sans permis bateau, ayant moins de 40 chevaux.  Excursions avec les bateaux de ligne de la Navigation du Lac Majeur ou avec des bateaux priv\u00e9s tels que le bateau Giada di Cannero Collection (avec skipper). .","robots":{"index":"index","follow":"follow","max-snippet":"max-snippet:-1","max-image-preview":"max-image-preview:large","max-video-preview":"max-video-preview:-1"},"canonical":"https:\/\/www.hotelcannero.com\/fr\/territoire-et-activites\/activites-liees-a-leau\/","og_locale":"fr_FR","og_type":"article","og_title":"Activit\u00e9s li\u00e9es \u00e0 l'eau &#183; Hotel Cannero &#183;","og_description":"Baignade qui peut se pratiquer depuis l'une des plus belles plages du Lac Majeur (surveill\u00e9e en \u00e9t\u00e9), accompagn\u00e9e de bains de soleil au bord du lac ou au bord de la piscine de l'H\u00f4tel Cannero.  L'aviron qui est pratiqu\u00e9 d\u00e8s le plus jeune \u00e2ge par les habitants des villages du lac dans les clubs sportifs locaux mais aussi par de nombreux h\u00f4tes \u00e9trangers qui s\u00e9journent \u00e0 l'H\u00f4tel Cannero et s'entra\u00eenent avec leurs bateaux sur le Lac Majeur.  Le voilier dans les diff\u00e9rents Clubs d'Aviron ou avec l'aide de chantiers navals pour la location ou l'entretien de votre bateau.  Le bateau \u00e0 moteur qui peut \u00eatre lou\u00e9 (\u00e9galement \u00e0 l'H\u00f4tel Cannero) et presque toujours conduit m\u00eame sans permis bateau, ayant moins de 40 chevaux.  Excursions avec les bateaux de ligne de la Navigation du Lac Majeur ou avec des bateaux priv\u00e9s tels que le bateau Giada di Cannero Collection (avec skipper). .","og_url":"https:\/\/www.hotelcannero.com\/fr\/territoire-et-activites\/activites-liees-a-leau\/","og_site_name":"Hotel Cannero","twitter_card":"summary_large_image","twitter_misc":{"Dur\u00e9e de lecture estim\u00e9e":"1 minute"},"schema":{"@context":"https:\/\/schema.org","@graph":[{"@type":"WebPage","@id":"https:\/\/www.hotelcannero.com\/fr\/territoire-et-activites\/activites-liees-a-leau\/","url":"https:\/\/www.hotelcannero.com\/fr\/territoire-et-activites\/activites-liees-a-leau\/","name":"Activit\u00e9s li\u00e9es \u00e0 l'eau &#183; Hotel Cannero &#183;","isPartOf":{"@id":"https:\/\/www.hotelcannero.com\/fr\/#website"},"datePublished":"2023-05-17T10:31:42+00:00","dateModified":"2023-05-17T10:31:42+00:00","description":"\u2022 Baignade qui peut se pratiquer depuis l'une des plus belles plages du Lac Majeur (surveill\u00e9e en \u00e9t\u00e9), accompagn\u00e9e de bains de soleil au bord du lac ou au bord de la piscine de l'H\u00f4tel Cannero. \u2022 L'aviron qui est pratiqu\u00e9 d\u00e8s le plus jeune \u00e2ge par les habitants des villages du lac dans les clubs sportifs locaux mais aussi par de nombreux h\u00f4tes \u00e9trangers qui s\u00e9journent \u00e0 l'H\u00f4tel Cannero et s'entra\u00eenent avec leurs bateaux sur le Lac Majeur. \u2022 Le voilier dans les diff\u00e9rents Clubs d'Aviron ou avec l'aide de chantiers navals pour la location ou l'entretien de votre bateau. \u2022 Le bateau \u00e0 moteur qui peut \u00eatre lou\u00e9 (\u00e9galement \u00e0 l'H\u00f4tel Cannero) et presque toujours conduit m\u00eame sans permis bateau, ayant moins de 40 chevaux. \u2022 Excursions avec les bateaux de ligne de la Navigation du Lac Majeur ou avec des bateaux priv\u00e9s tels que le bateau Giada di Cannero Collection (avec skipper). .","breadcrumb":{"@id":"https:\/\/www.hotelcannero.com\/fr\/territoire-et-activites\/activites-liees-a-leau\/#breadcrumb"},"inLanguage":"fr-FR","potentialAction":[{"@type":"ReadAction","target":["https:\/\/www.hotelcannero.com\/fr\/territoire-et-activites\/activites-liees-a-leau\/"]}]},{"@type":"BreadcrumbList","@id":"https:\/\/www.hotelcannero.com\/fr\/territoire-et-activites\/activites-liees-a-leau\/#breadcrumb","itemListElement":[{"@type":"ListItem","position":1,"name":"Home","item":"https:\/\/www.hotelcannero.com\/fr\/"},{"@type":"ListItem","position":2,"name":"Territoire et Activit\u00e9s","item":"https:\/\/www.hotelcannero.com\/fr\/territoire-et-activites\/"},{"@type":"ListItem","position":3,"name":"Activit\u00e9s li\u00e9es \u00e0 l&rsquo;eau"}]},{"@type":"WebSite","@id":"https:\/\/www.hotelcannero.com\/fr\/#website","url":"https:\/\/www.hotelcannero.com\/fr\/","name":"Hotel Cannero","description":"","potentialAction":[{"@type":"SearchAction","target":{"@type":"EntryPoint","urlTemplate":"https:\/\/www.hotelcannero.com\/fr\/?s={search_term_string}"},"query-input":"required name=search_term_string"}],"inLanguage":"fr-FR"}]}},"acf":[],"_links":{"self":[{"href":"https:\/\/www.hotelcannero.com\/fr\/wp-json\/wp\/v2\/pages\/393"}],"collection":[{"href":"https:\/\/www.hotelcannero.com\/fr\/wp-json\/wp\/v2\/pages"}],"about":[{"href":"https:\/\/www.hotelcannero.com\/fr\/wp-json\/wp\/v2\/types\/page"}],"author":[{"embeddable":true,"href":"https:\/\/www.hotelcannero.com\/fr\/wp-json\/wp\/v2\/users\/26"}],"replies":[{"embeddable":true,"href":"https:\/\/www.hotelcannero.com\/fr\/wp-json\/wp\/v2\/comments?post=393"}],"version-history":[{"count":0,"href":"https:\/\/www.hotelcannero.com\/fr\/wp-json\/wp\/v2\/pages\/393\/revisions"}],"up":[{"embeddable":true,"href":"https:\/\/www.hotelcannero.com\/fr\/wp-json\/wp\/v2\/pages\/392"}],"wp:attachment":[{"href":"https:\/\/www.hotelcannero.com\/fr\/wp-json\/wp\/v2\/media?parent=393"}],"curies":[{"name":"wp","href":"https:\/\/api.w.org\/{rel}","templated":true}]}}