{"id":397,"date":"2023-05-17T10:36:18","date_gmt":"2023-05-17T10:36:18","guid":{"rendered":"https:\/\/hotelcannero.ms2.decms.eu\/?page_id=397"},"modified":"2023-05-17T10:36:18","modified_gmt":"2023-05-17T10:36:18","slug":"detente-et-bien-etre","status":"publish","type":"page","link":"https:\/\/www.hotelcannero.com\/fr\/territoire-et-activites\/detente-et-bien-etre\/","title":{"rendered":"D\u00e9tente et bien-\u00eatre"},"content":{"rendered":"<ul>\n<li>Les promenades sur le lac permettent de se d\u00e9tendre en s&rsquo;arr\u00eatant sur les terrasses des restaurants rafraichis le soir par les brises qui descendent du Monte Carza et de profiter de la riche vari\u00e9t\u00e9 des produits de notre R\u00e9gion : fruits et l\u00e9gumes du kilom\u00e8tre z\u00e9ro, poissons et gibiers du lac, fromages typiques et vins locaux ou presque.<\/li>\n<li>Des festivals et des \u00e9v\u00e9nements, tels que des concerts ou des expositions de peinture, sont organis\u00e9s tout au long de la saison par la Pro Loco et par les nombreuses autres associations de la ville, tandis que l&rsquo;\u00e9glise paroissiale organise, entre autres, l&rsquo;une des c\u00e9l\u00e9brations religieuses les plus spectaculaires du lac : la Madonna Del Carmine avec la procession dans les rues de la ville et les milliers de bougies flottant sur les eaux du lac.<\/li>\n<li>Pour faire du shopping, il est possible de visiter le march\u00e9 de Luino (tous les mercredis) et le march\u00e9 de Cannobio (tous les dimanches matin). Ils comptent parmi les march\u00e9s les plus grands et les plus c\u00e9l\u00e8bres d&rsquo;Europe et Luino et Cannobio sont accessibles par les bateaux de la ligne Navigazione Lago Maggiore ou par le bateau priv\u00e9 de la Cannero Collection. Le march\u00e9 du samedi \u00e0 Intra est \u00e9galement important et sur demande, il est possible d&rsquo;organiser le voyage avec le bateau Giada. On trouve de tout dans ces march\u00e9s : fruits, l\u00e9gumes, fromages locaux, charcuteries typiques, v\u00eatements, chaussures, maroquinerie, fleurs, jeux pour enfants, bijoux fantaisie. Les \u00e9tals sont positionn\u00e9s sur les belles promenades au bord du lac des deux villages et, \u00e0 Luino, \u00e9galement \u00e0 l&rsquo;int\u00e9rieur de la ville. Villages \u00e9galement dignes d&rsquo;\u00eatre visit\u00e9s pour leurs monuments et \u00e9glises, tous deux d\u00e9cor\u00e9s de peintures anciennes et de statues de l&rsquo;\u00e9cole de Bernardino Luini.<\/li>\n<li>La courte distance de la Suisse nous permet d&rsquo;organiser des excursions \u00e0 travers la fronti\u00e8re avec notre petit bateau pour visiter le jardin botanique des \u00eeles de Brissago, visiter la ville d&rsquo;Ascona et son festival de jazz ou Locarno et le festival annuel du film.<\/li>\n<\/ul>\n","protected":false},"excerpt":{"rendered":"<p>Les promenades sur le lac permettent de se d\u00e9tendre en s&rsquo;arr\u00eatant sur les terrasses des restaurants rafraichis le soir par les brises qui descendent du Monte Carza et de profiter de la riche vari\u00e9t\u00e9 des produits de notre R\u00e9gion : fruits et l\u00e9gumes du kilom\u00e8tre z\u00e9ro, poissons et gibiers du lac, fromages typiques et vins [&hellip;]<\/p>\n","protected":false},"author":26,"featured_media":0,"parent":392,"menu_order":40,"comment_status":"closed","ping_status":"closed","template":"template-default-2.php","meta":{"footnotes":""},"class_list":["post-397","page","type-page","status-publish","hentry"],"yoast_head":"<!-- This site is optimized with the Yoast SEO plugin v27.3 - https:\/\/yoast.com\/product\/yoast-seo-wordpress\/ -->\n<title>D\u00e9tente et bien-\u00eatre &#183; Hotel Cannero &#183;<\/title>\n<meta name=\"description\" content=\"Les promenades sur le lac permettent de se d\u00e9tendre en s&#039;arr\u00eatant sur les terrasses des restaurants rafraichis le soir par les brises qui descendent du Monte Carza et de profiter de la riche vari\u00e9t\u00e9 des produits de notre R\u00e9gion : fruits et l\u00e9gumes du kilom\u00e8tre z\u00e9ro, poissons et gibiers du lac, fromages typiques et vins locaux ou presque.  Des festivals et des \u00e9v\u00e9nements, tels que des concerts ou des expositions de peinture, sont organis\u00e9s tout au long de la saison par la Pro Loco et par les nombreuses autres associations de la ville, tandis que l&#039;\u00e9glise paroissiale organise, entre autres, l&#039;une des c\u00e9l\u00e9brations religieuses les plus spectaculaires du lac : la Madonna Del Carmine avec la procession dans les rues de la ville et les milliers de bougies flottant sur les eaux du lac.  Pour faire du shopping, il est possible de visiter le march\u00e9 de Luino (tous les mercredis) et le march\u00e9 de Cannobio (tous les dimanches matin). Ils comptent parmi les march\u00e9s les plus grands et les plus c\u00e9l\u00e8bres d&#039;Europe et Luino et Cannobio sont accessibles par les bateaux de la ligne Navigazione Lago Maggiore ou par le bateau priv\u00e9 de la Cannero Collection\" \/>\n<meta name=\"robots\" content=\"index, follow, max-snippet:-1, max-image-preview:large, max-video-preview:-1\" \/>\n<link rel=\"canonical\" href=\"https:\/\/www.hotelcannero.com\/fr\/territoire-et-activites\/detente-et-bien-etre\/\" \/>\n<meta property=\"og:locale\" content=\"fr_FR\" \/>\n<meta property=\"og:type\" content=\"article\" \/>\n<meta property=\"og:title\" content=\"D\u00e9tente et bien-\u00eatre &#183; Hotel Cannero &#183;\" \/>\n<meta property=\"og:description\" content=\"Les promenades sur le lac permettent de se d\u00e9tendre en s&#039;arr\u00eatant sur les terrasses des restaurants rafraichis le soir par les brises qui descendent du Monte Carza et de profiter de la riche vari\u00e9t\u00e9 des produits de notre R\u00e9gion : fruits et l\u00e9gumes du kilom\u00e8tre z\u00e9ro, poissons et gibiers du lac, fromages typiques et vins locaux ou presque.  Des festivals et des \u00e9v\u00e9nements, tels que des concerts ou des expositions de peinture, sont organis\u00e9s tout au long de la saison par la Pro Loco et par les nombreuses autres associations de la ville, tandis que l&#039;\u00e9glise paroissiale organise, entre autres, l&#039;une des c\u00e9l\u00e9brations religieuses les plus spectaculaires du lac : la Madonna Del Carmine avec la procession dans les rues de la ville et les milliers de bougies flottant sur les eaux du lac.  Pour faire du shopping, il est possible de visiter le march\u00e9 de Luino (tous les mercredis) et le march\u00e9 de Cannobio (tous les dimanches matin). Ils comptent parmi les march\u00e9s les plus grands et les plus c\u00e9l\u00e8bres d&#039;Europe et Luino et Cannobio sont accessibles par les bateaux de la ligne Navigazione Lago Maggiore ou par le bateau priv\u00e9 de la Cannero Collection\" \/>\n<meta property=\"og:url\" content=\"https:\/\/www.hotelcannero.com\/fr\/territoire-et-activites\/detente-et-bien-etre\/\" \/>\n<meta property=\"og:site_name\" content=\"Hotel Cannero\" \/>\n<meta name=\"twitter:card\" content=\"summary_large_image\" \/>\n<meta name=\"twitter:label1\" content=\"Dur\u00e9e de lecture estim\u00e9e\" \/>\n\t<meta name=\"twitter:data1\" content=\"2 minutes\" \/>\n<script type=\"application\/ld+json\" class=\"yoast-schema-graph\">{\"@context\":\"https:\\\/\\\/schema.org\",\"@graph\":[{\"@type\":\"WebPage\",\"@id\":\"https:\\\/\\\/www.hotelcannero.com\\\/fr\\\/territoire-et-activites\\\/detente-et-bien-etre\\\/\",\"url\":\"https:\\\/\\\/www.hotelcannero.com\\\/fr\\\/territoire-et-activites\\\/detente-et-bien-etre\\\/\",\"name\":\"D\u00e9tente et bien-\u00eatre &#183; Hotel Cannero &#183;\",\"isPartOf\":{\"@id\":\"https:\\\/\\\/www.hotelcannero.com\\\/fr\\\/#website\"},\"datePublished\":\"2023-05-17T10:36:18+00:00\",\"description\":\"\u2022 Les promenades sur le lac permettent de se d\u00e9tendre en s'arr\u00eatant sur les terrasses des restaurants rafraichis le soir par les brises qui descendent du Monte Carza et de profiter de la riche vari\u00e9t\u00e9 des produits de notre R\u00e9gion : fruits et l\u00e9gumes du kilom\u00e8tre z\u00e9ro, poissons et gibiers du lac, fromages typiques et vins locaux ou presque. \u2022 Des festivals et des \u00e9v\u00e9nements, tels que des concerts ou des expositions de peinture, sont organis\u00e9s tout au long de la saison par la Pro Loco et par les nombreuses autres associations de la ville, tandis que l'\u00e9glise paroissiale organise, entre autres, l'une des c\u00e9l\u00e9brations religieuses les plus spectaculaires du lac : la Madonna Del Carmine avec la procession dans les rues de la ville et les milliers de bougies flottant sur les eaux du lac. \u2022 Pour faire du shopping, il est possible de visiter le march\u00e9 de Luino (tous les mercredis) et le march\u00e9 de Cannobio (tous les dimanches matin). Ils comptent parmi les march\u00e9s les plus grands et les plus c\u00e9l\u00e8bres d'Europe et Luino et Cannobio sont accessibles par les bateaux de la ligne Navigazione Lago Maggiore ou par le bateau priv\u00e9 de la Cannero Collection\",\"breadcrumb\":{\"@id\":\"https:\\\/\\\/www.hotelcannero.com\\\/fr\\\/territoire-et-activites\\\/detente-et-bien-etre\\\/#breadcrumb\"},\"inLanguage\":\"fr-FR\",\"potentialAction\":[{\"@type\":\"ReadAction\",\"target\":[\"https:\\\/\\\/www.hotelcannero.com\\\/fr\\\/territoire-et-activites\\\/detente-et-bien-etre\\\/\"]}]},{\"@type\":\"BreadcrumbList\",\"@id\":\"https:\\\/\\\/www.hotelcannero.com\\\/fr\\\/territoire-et-activites\\\/detente-et-bien-etre\\\/#breadcrumb\",\"itemListElement\":[{\"@type\":\"ListItem\",\"position\":1,\"name\":\"Home\",\"item\":\"https:\\\/\\\/www.hotelcannero.com\\\/fr\\\/\"},{\"@type\":\"ListItem\",\"position\":2,\"name\":\"Territoire et Activit\u00e9s\",\"item\":\"https:\\\/\\\/www.hotelcannero.com\\\/fr\\\/territoire-et-activites\\\/\"},{\"@type\":\"ListItem\",\"position\":3,\"name\":\"D\u00e9tente et bien-\u00eatre\"}]},{\"@type\":\"WebSite\",\"@id\":\"https:\\\/\\\/www.hotelcannero.com\\\/fr\\\/#website\",\"url\":\"https:\\\/\\\/www.hotelcannero.com\\\/fr\\\/\",\"name\":\"Hotel Cannero\",\"description\":\"\",\"potentialAction\":[{\"@type\":\"SearchAction\",\"target\":{\"@type\":\"EntryPoint\",\"urlTemplate\":\"https:\\\/\\\/www.hotelcannero.com\\\/fr\\\/?s={search_term_string}\"},\"query-input\":{\"@type\":\"PropertyValueSpecification\",\"valueRequired\":true,\"valueName\":\"search_term_string\"}}],\"inLanguage\":\"fr-FR\"}]}<\/script>\n<!-- \/ Yoast SEO plugin. -->","yoast_head_json":{"title":"D\u00e9tente et bien-\u00eatre &#183; Hotel Cannero &#183;","description":"Les promenades sur le lac permettent de se d\u00e9tendre en s'arr\u00eatant sur les terrasses des restaurants rafraichis le soir par les brises qui descendent du Monte Carza et de profiter de la riche vari\u00e9t\u00e9 des produits de notre R\u00e9gion : fruits et l\u00e9gumes du kilom\u00e8tre z\u00e9ro, poissons et gibiers du lac, fromages typiques et vins locaux ou presque.  Des festivals et des \u00e9v\u00e9nements, tels que des concerts ou des expositions de peinture, sont organis\u00e9s tout au long de la saison par la Pro Loco et par les nombreuses autres associations de la ville, tandis que l'\u00e9glise paroissiale organise, entre autres, l'une des c\u00e9l\u00e9brations religieuses les plus spectaculaires du lac : la Madonna Del Carmine avec la procession dans les rues de la ville et les milliers de bougies flottant sur les eaux du lac.  Pour faire du shopping, il est possible de visiter le march\u00e9 de Luino (tous les mercredis) et le march\u00e9 de Cannobio (tous les dimanches matin). Ils comptent parmi les march\u00e9s les plus grands et les plus c\u00e9l\u00e8bres d'Europe et Luino et Cannobio sont accessibles par les bateaux de la ligne Navigazione Lago Maggiore ou par le bateau priv\u00e9 de la Cannero Collection","robots":{"index":"index","follow":"follow","max-snippet":"max-snippet:-1","max-image-preview":"max-image-preview:large","max-video-preview":"max-video-preview:-1"},"canonical":"https:\/\/www.hotelcannero.com\/fr\/territoire-et-activites\/detente-et-bien-etre\/","og_locale":"fr_FR","og_type":"article","og_title":"D\u00e9tente et bien-\u00eatre &#183; Hotel Cannero &#183;","og_description":"Les promenades sur le lac permettent de se d\u00e9tendre en s'arr\u00eatant sur les terrasses des restaurants rafraichis le soir par les brises qui descendent du Monte Carza et de profiter de la riche vari\u00e9t\u00e9 des produits de notre R\u00e9gion : fruits et l\u00e9gumes du kilom\u00e8tre z\u00e9ro, poissons et gibiers du lac, fromages typiques et vins locaux ou presque.  Des festivals et des \u00e9v\u00e9nements, tels que des concerts ou des expositions de peinture, sont organis\u00e9s tout au long de la saison par la Pro Loco et par les nombreuses autres associations de la ville, tandis que l'\u00e9glise paroissiale organise, entre autres, l'une des c\u00e9l\u00e9brations religieuses les plus spectaculaires du lac : la Madonna Del Carmine avec la procession dans les rues de la ville et les milliers de bougies flottant sur les eaux du lac.  Pour faire du shopping, il est possible de visiter le march\u00e9 de Luino (tous les mercredis) et le march\u00e9 de Cannobio (tous les dimanches matin). Ils comptent parmi les march\u00e9s les plus grands et les plus c\u00e9l\u00e8bres d'Europe et Luino et Cannobio sont accessibles par les bateaux de la ligne Navigazione Lago Maggiore ou par le bateau priv\u00e9 de la Cannero Collection","og_url":"https:\/\/www.hotelcannero.com\/fr\/territoire-et-activites\/detente-et-bien-etre\/","og_site_name":"Hotel Cannero","twitter_card":"summary_large_image","twitter_misc":{"Dur\u00e9e de lecture estim\u00e9e":"2 minutes"},"schema":{"@context":"https:\/\/schema.org","@graph":[{"@type":"WebPage","@id":"https:\/\/www.hotelcannero.com\/fr\/territoire-et-activites\/detente-et-bien-etre\/","url":"https:\/\/www.hotelcannero.com\/fr\/territoire-et-activites\/detente-et-bien-etre\/","name":"D\u00e9tente et bien-\u00eatre &#183; Hotel Cannero &#183;","isPartOf":{"@id":"https:\/\/www.hotelcannero.com\/fr\/#website"},"datePublished":"2023-05-17T10:36:18+00:00","description":"\u2022 Les promenades sur le lac permettent de se d\u00e9tendre en s'arr\u00eatant sur les terrasses des restaurants rafraichis le soir par les brises qui descendent du Monte Carza et de profiter de la riche vari\u00e9t\u00e9 des produits de notre R\u00e9gion : fruits et l\u00e9gumes du kilom\u00e8tre z\u00e9ro, poissons et gibiers du lac, fromages typiques et vins locaux ou presque. \u2022 Des festivals et des \u00e9v\u00e9nements, tels que des concerts ou des expositions de peinture, sont organis\u00e9s tout au long de la saison par la Pro Loco et par les nombreuses autres associations de la ville, tandis que l'\u00e9glise paroissiale organise, entre autres, l'une des c\u00e9l\u00e9brations religieuses les plus spectaculaires du lac : la Madonna Del Carmine avec la procession dans les rues de la ville et les milliers de bougies flottant sur les eaux du lac. \u2022 Pour faire du shopping, il est possible de visiter le march\u00e9 de Luino (tous les mercredis) et le march\u00e9 de Cannobio (tous les dimanches matin). Ils comptent parmi les march\u00e9s les plus grands et les plus c\u00e9l\u00e8bres d'Europe et Luino et Cannobio sont accessibles par les bateaux de la ligne Navigazione Lago Maggiore ou par le bateau priv\u00e9 de la Cannero Collection","breadcrumb":{"@id":"https:\/\/www.hotelcannero.com\/fr\/territoire-et-activites\/detente-et-bien-etre\/#breadcrumb"},"inLanguage":"fr-FR","potentialAction":[{"@type":"ReadAction","target":["https:\/\/www.hotelcannero.com\/fr\/territoire-et-activites\/detente-et-bien-etre\/"]}]},{"@type":"BreadcrumbList","@id":"https:\/\/www.hotelcannero.com\/fr\/territoire-et-activites\/detente-et-bien-etre\/#breadcrumb","itemListElement":[{"@type":"ListItem","position":1,"name":"Home","item":"https:\/\/www.hotelcannero.com\/fr\/"},{"@type":"ListItem","position":2,"name":"Territoire et Activit\u00e9s","item":"https:\/\/www.hotelcannero.com\/fr\/territoire-et-activites\/"},{"@type":"ListItem","position":3,"name":"D\u00e9tente et bien-\u00eatre"}]},{"@type":"WebSite","@id":"https:\/\/www.hotelcannero.com\/fr\/#website","url":"https:\/\/www.hotelcannero.com\/fr\/","name":"Hotel Cannero","description":"","potentialAction":[{"@type":"SearchAction","target":{"@type":"EntryPoint","urlTemplate":"https:\/\/www.hotelcannero.com\/fr\/?s={search_term_string}"},"query-input":{"@type":"PropertyValueSpecification","valueRequired":true,"valueName":"search_term_string"}}],"inLanguage":"fr-FR"}]}},"acf":[],"_links":{"self":[{"href":"https:\/\/www.hotelcannero.com\/fr\/wp-json\/wp\/v2\/pages\/397","targetHints":{"allow":["GET"]}}],"collection":[{"href":"https:\/\/www.hotelcannero.com\/fr\/wp-json\/wp\/v2\/pages"}],"about":[{"href":"https:\/\/www.hotelcannero.com\/fr\/wp-json\/wp\/v2\/types\/page"}],"author":[{"embeddable":true,"href":"https:\/\/www.hotelcannero.com\/fr\/wp-json\/wp\/v2\/users\/26"}],"replies":[{"embeddable":true,"href":"https:\/\/www.hotelcannero.com\/fr\/wp-json\/wp\/v2\/comments?post=397"}],"version-history":[{"count":0,"href":"https:\/\/www.hotelcannero.com\/fr\/wp-json\/wp\/v2\/pages\/397\/revisions"}],"up":[{"embeddable":true,"href":"https:\/\/www.hotelcannero.com\/fr\/wp-json\/wp\/v2\/pages\/392"}],"wp:attachment":[{"href":"https:\/\/www.hotelcannero.com\/fr\/wp-json\/wp\/v2\/media?parent=397"}],"curies":[{"name":"wp","href":"https:\/\/api.w.org\/{rel}","templated":true}]}}