{"id":476,"date":"2023-05-18T07:33:59","date_gmt":"2023-05-18T07:33:59","guid":{"rendered":"https:\/\/hotelcannero.ms2.decms.eu\/?page_id=476"},"modified":"2023-09-04T15:13:52","modified_gmt":"2023-09-04T15:13:52","slug":"junior-suite","status":"publish","type":"page","link":"https:\/\/www.hotelcannero.com\/fr\/chambres-et-suites\/junior-suite\/","title":{"rendered":"Junior Suite"},"content":{"rendered":"<p>Les Junior Suites mesurent environ 25\/30 m\u00e8tres carr\u00e9s et, comme toutes les chambres de notre h\u00f4tel, elles varient d&rsquo;un style moderne \u00e0 un style classique ; certaines d&rsquo;entre elles sont alors meubl\u00e9es de parquets en ch\u00eane. Nos Junior Suites sont spacieuses et recommand\u00e9es pour ceux qui aiment se d\u00e9tendre en toute intimit\u00e9, car elles sont \u00e9quip\u00e9es d&rsquo;un petit coin lecture avec canap\u00e9s et fauteuils.<\/p>\n<p>L&rsquo;acc\u00e8s \u00e0 certaines Junior Suites se caract\u00e9rise par une petite cour \u00e0 l&rsquo;int\u00e9rieur de l&rsquo;h\u00f4tel, avec une fontaine et finement meubl\u00e9e, datant de l&rsquo;\u00e9poque o\u00f9 l&rsquo;h\u00f4tel abritait un monast\u00e8re il y a environ 300 ans.<\/p>\n<p>Le balcon, qui donne directement sur le lac Majeur, est meubl\u00e9 d&rsquo;une table et de chaises, rendant ainsi la pi\u00e8ce encore plus accueillante et ensoleill\u00e9e pour des vacances reposantes.<\/p>\n<p>La salle de bain est grande avec douche ou baignoire et douche et, comme toutes les salles de bains, est en marbre de Carrare.<\/p>\n","protected":false},"excerpt":{"rendered":"<p>Les Junior Suites mesurent environ 25\/30 m\u00e8tres carr\u00e9s et, comme toutes les chambres de notre h\u00f4tel, elles varient d&rsquo;un style moderne \u00e0 un style classique ; certaines d&rsquo;entre elles sont alors meubl\u00e9es de parquets en ch\u00eane. Nos Junior Suites sont spacieuses et recommand\u00e9es pour ceux qui aiment se d\u00e9tendre en toute intimit\u00e9, car elles sont [&hellip;]<\/p>\n","protected":false},"author":26,"featured_media":0,"parent":348,"menu_order":20,"comment_status":"closed","ping_status":"closed","template":"template-single-room.php","meta":{"footnotes":""},"class_list":["post-476","page","type-page","status-publish","hentry"],"yoast_head":"<!-- This site is optimized with the Yoast SEO plugin v27.3 - https:\/\/yoast.com\/product\/yoast-seo-wordpress\/ -->\n<title>Junior Suite &#183; Hotel Cannero &#183;<\/title>\n<meta name=\"description\" content=\"Les Junior Suites mesurent environ 25\/30 m\u00e8tres carr\u00e9s et, comme toutes les chambres de notre h\u00f4tel, elles varient d&#039;un style moderne \u00e0 un style classique ; certaines d&#039;entre elles sont alors meubl\u00e9es de parquets en ch\u00eane. Nos Junior Suites sont spacieuses et recommand\u00e9es pour ceux qui aiment se d\u00e9tendre en toute intimit\u00e9, car elles sont \u00e9quip\u00e9es d&#039;un petit coin lecture avec canap\u00e9s et fauteuils.  L&#039;acc\u00e8s \u00e0 certaines Junior Suites se caract\u00e9rise par une petite cour \u00e0 l&#039;int\u00e9rieur de l&#039;h\u00f4tel, avec une fontaine et finement meubl\u00e9e, datant de l&#039;\u00e9poque o\u00f9 l&#039;h\u00f4tel abritait un monast\u00e8re il y a environ 300 ans.  Le balcon, qui donne directement sur le lac Majeur, est meubl\u00e9 d&#039;une table et de chaises, rendant ainsi la pi\u00e8ce encore plus accueillante et ensoleill\u00e9e pour des vacances reposantes.  La salle de bain est grande avec douche ou baignoire et douche et, comme toutes les salles de bains, est en marbre de Carrare.\" \/>\n<meta name=\"robots\" content=\"index, follow, max-snippet:-1, max-image-preview:large, max-video-preview:-1\" \/>\n<link rel=\"canonical\" href=\"https:\/\/www.hotelcannero.com\/fr\/chambres-et-suites\/junior-suite\/\" \/>\n<meta property=\"og:locale\" content=\"fr_FR\" \/>\n<meta property=\"og:type\" content=\"article\" \/>\n<meta property=\"og:title\" content=\"Junior Suite &#183; Hotel Cannero &#183;\" \/>\n<meta property=\"og:description\" content=\"Les Junior Suites mesurent environ 25\/30 m\u00e8tres carr\u00e9s et, comme toutes les chambres de notre h\u00f4tel, elles varient d&#039;un style moderne \u00e0 un style classique ; certaines d&#039;entre elles sont alors meubl\u00e9es de parquets en ch\u00eane. Nos Junior Suites sont spacieuses et recommand\u00e9es pour ceux qui aiment se d\u00e9tendre en toute intimit\u00e9, car elles sont \u00e9quip\u00e9es d&#039;un petit coin lecture avec canap\u00e9s et fauteuils.  L&#039;acc\u00e8s \u00e0 certaines Junior Suites se caract\u00e9rise par une petite cour \u00e0 l&#039;int\u00e9rieur de l&#039;h\u00f4tel, avec une fontaine et finement meubl\u00e9e, datant de l&#039;\u00e9poque o\u00f9 l&#039;h\u00f4tel abritait un monast\u00e8re il y a environ 300 ans.  Le balcon, qui donne directement sur le lac Majeur, est meubl\u00e9 d&#039;une table et de chaises, rendant ainsi la pi\u00e8ce encore plus accueillante et ensoleill\u00e9e pour des vacances reposantes.  La salle de bain est grande avec douche ou baignoire et douche et, comme toutes les salles de bains, est en marbre de Carrare.\" \/>\n<meta property=\"og:url\" content=\"https:\/\/www.hotelcannero.com\/fr\/chambres-et-suites\/junior-suite\/\" \/>\n<meta property=\"og:site_name\" content=\"Hotel Cannero\" \/>\n<meta property=\"article:modified_time\" content=\"2023-09-04T15:13:52+00:00\" \/>\n<meta name=\"twitter:card\" content=\"summary_large_image\" \/>\n<meta name=\"twitter:label1\" content=\"Dur\u00e9e de lecture estim\u00e9e\" \/>\n\t<meta name=\"twitter:data1\" content=\"1 minute\" \/>\n<script type=\"application\/ld+json\" class=\"yoast-schema-graph\">{\"@context\":\"https:\\\/\\\/schema.org\",\"@graph\":[{\"@type\":\"WebPage\",\"@id\":\"https:\\\/\\\/www.hotelcannero.com\\\/fr\\\/chambres-et-suites\\\/junior-suite\\\/\",\"url\":\"https:\\\/\\\/www.hotelcannero.com\\\/fr\\\/chambres-et-suites\\\/junior-suite\\\/\",\"name\":\"Junior Suite &#183; Hotel Cannero &#183;\",\"isPartOf\":{\"@id\":\"https:\\\/\\\/www.hotelcannero.com\\\/fr\\\/#website\"},\"datePublished\":\"2023-05-18T07:33:59+00:00\",\"dateModified\":\"2023-09-04T15:13:52+00:00\",\"description\":\"Les Junior Suites mesurent environ 25\\\/30 m\u00e8tres carr\u00e9s et, comme toutes les chambres de notre h\u00f4tel, elles varient d'un style moderne \u00e0 un style classique ; certaines d'entre elles sont alors meubl\u00e9es de parquets en ch\u00eane. Nos Junior Suites sont spacieuses et recommand\u00e9es pour ceux qui aiment se d\u00e9tendre en toute intimit\u00e9, car elles sont \u00e9quip\u00e9es d'un petit coin lecture avec canap\u00e9s et fauteuils. L'acc\u00e8s \u00e0 certaines Junior Suites se caract\u00e9rise par une petite cour \u00e0 l'int\u00e9rieur de l'h\u00f4tel, avec une fontaine et finement meubl\u00e9e, datant de l'\u00e9poque o\u00f9 l'h\u00f4tel abritait un monast\u00e8re il y a environ 300 ans. Le balcon, qui donne directement sur le lac Majeur, est meubl\u00e9 d'une table et de chaises, rendant ainsi la pi\u00e8ce encore plus accueillante et ensoleill\u00e9e pour des vacances reposantes. La salle de bain est grande avec douche ou baignoire et douche et, comme toutes les salles de bains, est en marbre de Carrare.\",\"breadcrumb\":{\"@id\":\"https:\\\/\\\/www.hotelcannero.com\\\/fr\\\/chambres-et-suites\\\/junior-suite\\\/#breadcrumb\"},\"inLanguage\":\"fr-FR\",\"potentialAction\":[{\"@type\":\"ReadAction\",\"target\":[\"https:\\\/\\\/www.hotelcannero.com\\\/fr\\\/chambres-et-suites\\\/junior-suite\\\/\"]}]},{\"@type\":\"BreadcrumbList\",\"@id\":\"https:\\\/\\\/www.hotelcannero.com\\\/fr\\\/chambres-et-suites\\\/junior-suite\\\/#breadcrumb\",\"itemListElement\":[{\"@type\":\"ListItem\",\"position\":1,\"name\":\"Home\",\"item\":\"https:\\\/\\\/www.hotelcannero.com\\\/fr\\\/\"},{\"@type\":\"ListItem\",\"position\":2,\"name\":\"Chambres et suites\",\"item\":\"https:\\\/\\\/www.hotelcannero.com\\\/fr\\\/chambres-et-suites\\\/\"},{\"@type\":\"ListItem\",\"position\":3,\"name\":\"Junior Suite\"}]},{\"@type\":\"WebSite\",\"@id\":\"https:\\\/\\\/www.hotelcannero.com\\\/fr\\\/#website\",\"url\":\"https:\\\/\\\/www.hotelcannero.com\\\/fr\\\/\",\"name\":\"Hotel Cannero\",\"description\":\"\",\"potentialAction\":[{\"@type\":\"SearchAction\",\"target\":{\"@type\":\"EntryPoint\",\"urlTemplate\":\"https:\\\/\\\/www.hotelcannero.com\\\/fr\\\/?s={search_term_string}\"},\"query-input\":{\"@type\":\"PropertyValueSpecification\",\"valueRequired\":true,\"valueName\":\"search_term_string\"}}],\"inLanguage\":\"fr-FR\"}]}<\/script>\n<!-- \/ Yoast SEO plugin. -->","yoast_head_json":{"title":"Junior Suite &#183; Hotel Cannero &#183;","description":"Les Junior Suites mesurent environ 25\/30 m\u00e8tres carr\u00e9s et, comme toutes les chambres de notre h\u00f4tel, elles varient d'un style moderne \u00e0 un style classique ; certaines d'entre elles sont alors meubl\u00e9es de parquets en ch\u00eane. Nos Junior Suites sont spacieuses et recommand\u00e9es pour ceux qui aiment se d\u00e9tendre en toute intimit\u00e9, car elles sont \u00e9quip\u00e9es d'un petit coin lecture avec canap\u00e9s et fauteuils.  L'acc\u00e8s \u00e0 certaines Junior Suites se caract\u00e9rise par une petite cour \u00e0 l'int\u00e9rieur de l'h\u00f4tel, avec une fontaine et finement meubl\u00e9e, datant de l'\u00e9poque o\u00f9 l'h\u00f4tel abritait un monast\u00e8re il y a environ 300 ans.  Le balcon, qui donne directement sur le lac Majeur, est meubl\u00e9 d'une table et de chaises, rendant ainsi la pi\u00e8ce encore plus accueillante et ensoleill\u00e9e pour des vacances reposantes.  La salle de bain est grande avec douche ou baignoire et douche et, comme toutes les salles de bains, est en marbre de Carrare.","robots":{"index":"index","follow":"follow","max-snippet":"max-snippet:-1","max-image-preview":"max-image-preview:large","max-video-preview":"max-video-preview:-1"},"canonical":"https:\/\/www.hotelcannero.com\/fr\/chambres-et-suites\/junior-suite\/","og_locale":"fr_FR","og_type":"article","og_title":"Junior Suite &#183; Hotel Cannero &#183;","og_description":"Les Junior Suites mesurent environ 25\/30 m\u00e8tres carr\u00e9s et, comme toutes les chambres de notre h\u00f4tel, elles varient d'un style moderne \u00e0 un style classique ; certaines d'entre elles sont alors meubl\u00e9es de parquets en ch\u00eane. Nos Junior Suites sont spacieuses et recommand\u00e9es pour ceux qui aiment se d\u00e9tendre en toute intimit\u00e9, car elles sont \u00e9quip\u00e9es d'un petit coin lecture avec canap\u00e9s et fauteuils.  L'acc\u00e8s \u00e0 certaines Junior Suites se caract\u00e9rise par une petite cour \u00e0 l'int\u00e9rieur de l'h\u00f4tel, avec une fontaine et finement meubl\u00e9e, datant de l'\u00e9poque o\u00f9 l'h\u00f4tel abritait un monast\u00e8re il y a environ 300 ans.  Le balcon, qui donne directement sur le lac Majeur, est meubl\u00e9 d'une table et de chaises, rendant ainsi la pi\u00e8ce encore plus accueillante et ensoleill\u00e9e pour des vacances reposantes.  La salle de bain est grande avec douche ou baignoire et douche et, comme toutes les salles de bains, est en marbre de Carrare.","og_url":"https:\/\/www.hotelcannero.com\/fr\/chambres-et-suites\/junior-suite\/","og_site_name":"Hotel Cannero","article_modified_time":"2023-09-04T15:13:52+00:00","twitter_card":"summary_large_image","twitter_misc":{"Dur\u00e9e de lecture estim\u00e9e":"1 minute"},"schema":{"@context":"https:\/\/schema.org","@graph":[{"@type":"WebPage","@id":"https:\/\/www.hotelcannero.com\/fr\/chambres-et-suites\/junior-suite\/","url":"https:\/\/www.hotelcannero.com\/fr\/chambres-et-suites\/junior-suite\/","name":"Junior Suite &#183; Hotel Cannero &#183;","isPartOf":{"@id":"https:\/\/www.hotelcannero.com\/fr\/#website"},"datePublished":"2023-05-18T07:33:59+00:00","dateModified":"2023-09-04T15:13:52+00:00","description":"Les Junior Suites mesurent environ 25\/30 m\u00e8tres carr\u00e9s et, comme toutes les chambres de notre h\u00f4tel, elles varient d'un style moderne \u00e0 un style classique ; certaines d'entre elles sont alors meubl\u00e9es de parquets en ch\u00eane. Nos Junior Suites sont spacieuses et recommand\u00e9es pour ceux qui aiment se d\u00e9tendre en toute intimit\u00e9, car elles sont \u00e9quip\u00e9es d'un petit coin lecture avec canap\u00e9s et fauteuils. L'acc\u00e8s \u00e0 certaines Junior Suites se caract\u00e9rise par une petite cour \u00e0 l'int\u00e9rieur de l'h\u00f4tel, avec une fontaine et finement meubl\u00e9e, datant de l'\u00e9poque o\u00f9 l'h\u00f4tel abritait un monast\u00e8re il y a environ 300 ans. Le balcon, qui donne directement sur le lac Majeur, est meubl\u00e9 d'une table et de chaises, rendant ainsi la pi\u00e8ce encore plus accueillante et ensoleill\u00e9e pour des vacances reposantes. La salle de bain est grande avec douche ou baignoire et douche et, comme toutes les salles de bains, est en marbre de Carrare.","breadcrumb":{"@id":"https:\/\/www.hotelcannero.com\/fr\/chambres-et-suites\/junior-suite\/#breadcrumb"},"inLanguage":"fr-FR","potentialAction":[{"@type":"ReadAction","target":["https:\/\/www.hotelcannero.com\/fr\/chambres-et-suites\/junior-suite\/"]}]},{"@type":"BreadcrumbList","@id":"https:\/\/www.hotelcannero.com\/fr\/chambres-et-suites\/junior-suite\/#breadcrumb","itemListElement":[{"@type":"ListItem","position":1,"name":"Home","item":"https:\/\/www.hotelcannero.com\/fr\/"},{"@type":"ListItem","position":2,"name":"Chambres et suites","item":"https:\/\/www.hotelcannero.com\/fr\/chambres-et-suites\/"},{"@type":"ListItem","position":3,"name":"Junior Suite"}]},{"@type":"WebSite","@id":"https:\/\/www.hotelcannero.com\/fr\/#website","url":"https:\/\/www.hotelcannero.com\/fr\/","name":"Hotel Cannero","description":"","potentialAction":[{"@type":"SearchAction","target":{"@type":"EntryPoint","urlTemplate":"https:\/\/www.hotelcannero.com\/fr\/?s={search_term_string}"},"query-input":{"@type":"PropertyValueSpecification","valueRequired":true,"valueName":"search_term_string"}}],"inLanguage":"fr-FR"}]}},"acf":[],"_links":{"self":[{"href":"https:\/\/www.hotelcannero.com\/fr\/wp-json\/wp\/v2\/pages\/476","targetHints":{"allow":["GET"]}}],"collection":[{"href":"https:\/\/www.hotelcannero.com\/fr\/wp-json\/wp\/v2\/pages"}],"about":[{"href":"https:\/\/www.hotelcannero.com\/fr\/wp-json\/wp\/v2\/types\/page"}],"author":[{"embeddable":true,"href":"https:\/\/www.hotelcannero.com\/fr\/wp-json\/wp\/v2\/users\/26"}],"replies":[{"embeddable":true,"href":"https:\/\/www.hotelcannero.com\/fr\/wp-json\/wp\/v2\/comments?post=476"}],"version-history":[{"count":0,"href":"https:\/\/www.hotelcannero.com\/fr\/wp-json\/wp\/v2\/pages\/476\/revisions"}],"up":[{"embeddable":true,"href":"https:\/\/www.hotelcannero.com\/fr\/wp-json\/wp\/v2\/pages\/348"}],"wp:attachment":[{"href":"https:\/\/www.hotelcannero.com\/fr\/wp-json\/wp\/v2\/media?parent=476"}],"curies":[{"name":"wp","href":"https:\/\/api.w.org\/{rel}","templated":true}]}}